{"id":7881,"date":"2024-08-26T09:08:04","date_gmt":"2024-08-26T13:08:04","guid":{"rendered":"https:\/\/muniovalle.cl\/sitio\/?page_id=7881"},"modified":"2024-12-10T16:59:08","modified_gmt":"2024-12-10T19:59:08","slug":"consulta-publica-de-imagen-objetivo-y-sus-planos","status":"publish","type":"page","link":"https:\/\/muniovalle.cl\/sitio\/servicios\/plan-regulador-comunal\/consulta-publica-de-imagen-objetivo-y-sus-planos\/","title":{"rendered":"Consulta P\u00fablica de Imagen Objetivo y sus Planos"},"content":{"rendered":"\t\t<div data-elementor-type=\"wp-page\" data-elementor-id=\"7881\" class=\"elementor elementor-7881\">\n\t\t\t\t<div class=\"elementor-element elementor-element-853a41f e-flex e-con-boxed wpr-particle-no wpr-jarallax-no wpr-parallax-no wpr-sticky-section-no e-con e-parent\" data-id=\"853a41f\" data-element_type=\"container\">\n\t\t\t\t\t<div class=\"e-con-inner\">\n\t\t\t\t<div class=\"elementor-element elementor-element-fff865b elementor-widget elementor-widget-whitehall_about_our_government\" data-id=\"fff865b\" data-element_type=\"widget\" data-widget_type=\"whitehall_about_our_government.default\">\n\t\t\t\t<div class=\"elementor-widget-container\">\n\t\t\t\t\t        \n        <!-- feature-section -->\n        <section class=\"feature-section sec-pad\" style=\"background-image: url();\">\n            <div class=\"auto-container\">\n                <div class=\"sec-title centred\">\n\t\t\t\t\t\n\t\t\t\t\t\t\t\t\t\t<h2><h3>Actualizaci\u00f3n del PRC Consulta P\u00fablica Imagen Objetivo<\/h3><\/h2>\n\t\t\t\t\t<div class=\"title-shape\"><\/div>\n\t\t\t\t\t                <\/div>\n                <div class=\"row clearfix\">\n                                    <\/div>\n            <\/div>\n        <\/section>\n        <!-- feature-section end -->\n\n        \t\t\t\t<\/div>\n\t\t\t\t<\/div>\n\t\t\t\t\t<\/div>\n\t\t\t\t<\/div>\n\t\t<div class=\"elementor-element elementor-element-29af421 e-grid e-con-boxed wpr-particle-no wpr-jarallax-no wpr-parallax-no wpr-sticky-section-no e-con e-parent\" data-id=\"29af421\" data-element_type=\"container\">\n\t\t\t\t\t<div class=\"e-con-inner\">\n\t\t\t\t<div class=\"elementor-element elementor-element-b047e9a elementor-widget elementor-widget-html\" data-id=\"b047e9a\" data-element_type=\"widget\" data-widget_type=\"html.default\">\n\t\t\t\t<div class=\"elementor-widget-container\">\n\t\t\t\t\t<link rel=\"stylesheet\" href=\"https:\/\/cdnjs.cloudflare.com\/ajax\/libs\/font-awesome\/4.7.0\/css\/font-awesome.min.css\">\n\n<style>\n    .card-header{\n    \nbackground: #3232B2;    \n    \n}\n<\/style>\n\n\n<div class=\"blog-sidebar\">\n<h5 class=\"card-header\"><\/h5>\n\t\t<div id=\"whitehall_contact_info-4\" class=\"widget sidebar-widget single-sidebar widget_whitehall_contact_info\">        \n\t\t\t<div class=\"contact-widget\">\n\t\t\t\t<div class=\"widget-title\"><h3>Planos<\/h3><\/div>\t\t\t<div class=\"widget-content\">\n\t\t\t\t\t<ul class=\"info clearfix\">\n\t\t\t\t\t    <li>\n\t\t\t\t\t\t\t<h5><i class=\"fa fa-file-pdf-o\" style=\"font-size:20px\"><\/i>&nbsp;&nbsp;PLANOS DE ALTERNATIVAS<\/h5>\n\t\t\t\t\t\t\t<p><a href=\"https:\/\/muniovalle.cl\/sitio\/wp-content\/uploads\/2024\/08\/093_PRC_OVALLE_RESUMEN-EJECUTIVO-IO_Planos_Alternativas_A_B_C_2024_08_05_02_s-1.pdf\"target=\"_blank\">DESCARGAR <\/a><\/p>\n\t\t\t\t\t\t<\/li>\n\t\t\t\t\t\n\t\t\t\t\t\t\n\t\t\t\t\t\n\t\t\t\t\t\n\t\t\t\t\n\t\t\t\t\t\t\n\t\t\t\t\t\t\t\t\t\t<\/ul>\n\t\t\t\t<\/div>\n\t\t\t<\/div>\n\t\t<\/div>\n\n\n\n<\/div>\t\t\t\t<\/div>\n\t\t\t\t<\/div>\n\t\t\t\t<div class=\"elementor-element elementor-element-912a0fe elementor-widget elementor-widget-html\" data-id=\"912a0fe\" data-element_type=\"widget\" data-widget_type=\"html.default\">\n\t\t\t\t<div class=\"elementor-widget-container\">\n\t\t\t\t\t<link rel=\"stylesheet\" href=\"https:\/\/cdnjs.cloudflare.com\/ajax\/libs\/font-awesome\/4.7.0\/css\/font-awesome.min.css\">\n\n<style>\n    .card-header{\n    \nbackground: #3232B2;    \n    \n}\n<\/style>\n\n\n<div class=\"blog-sidebar\">\n<h5 class=\"card-header\"><\/h5>\n\t\t<div id=\"whitehall_contact_info-4\" class=\"widget sidebar-widget single-sidebar widget_whitehall_contact_info\">        \n\t\t\t<div class=\"contact-widget\">\n\t\t\t\t<div class=\"widget-title\"><h3>Resumen Ejecutivo<\/h3><\/div>\t\t\t<div class=\"widget-content\">\n\t\t\t\t\t<ul class=\"info clearfix\">\n\t\t\t\t\t    <li>\n\t\t\t\t\t\t\t<h5><i class=\"fa fa-file-pdf-o\" style=\"font-size:20px\"><\/i>&nbsp;&nbsp;PROPUESTA DE IMAGEN OBJETIVO\nRESUMEN EJECUTIVO Y SUS PLANOS<\/h5>\n\t\t\t\t\t\t\t<p><a href=\"https:\/\/muniovalle.cl\/sitio\/wp-content\/uploads\/2024\/08\/093_PRC_OVALLE_RESUMEN-EJECUTIVO_INF3_ED3_2024_08_05_01_s.pdf\"target=\"_blank\">DESCARGAR <\/a><\/p>\n\t\t\t\t\t\t<\/li>\n\t\t\t\t\t\n\t\t\t\t\t\t\n\t\t\t\t\t\n\t\t\t\t\t\n\t\t\t\t\n\t\t\t\t\t\t\n\t\t\t\t\t\t\t\t\t\t<\/ul>\n\t\t\t\t<\/div>\n\t\t\t<\/div>\n\t\t<\/div>\n\n\n\n<\/div>\t\t\t\t<\/div>\n\t\t\t\t<\/div>\n\t\t\t\t\t<\/div>\n\t\t\t\t<\/div>\n\t\t<div class=\"elementor-element elementor-element-ddd5f69 e-flex e-con-boxed wpr-particle-no wpr-jarallax-no wpr-parallax-no wpr-sticky-section-no e-con e-parent\" data-id=\"ddd5f69\" data-element_type=\"container\">\n\t\t\t\t\t<div class=\"e-con-inner\">\n\t\t\t\t<div class=\"elementor-element elementor-element-ff848e6 elementor-widget elementor-widget-whitehall_about_our_government\" data-id=\"ff848e6\" data-element_type=\"widget\" data-widget_type=\"whitehall_about_our_government.default\">\n\t\t\t\t<div class=\"elementor-widget-container\">\n\t\t\t\t\t        \n        <!-- feature-section -->\n        <section class=\"feature-section sec-pad\" style=\"background-image: url();\">\n            <div class=\"auto-container\">\n                <div class=\"sec-title centred\">\n\t\t\t\t\t\n\t\t\t\t\t\t\t\t\t\t<h2><h3>T\u00e9rminos en que se proceder\u00e1 a elaborar el Anteproyecto de Plan Regulado Comunal de Ovalle<\/h3><\/h2>\n\t\t\t\t\t<div class=\"title-shape\"><\/div>\n\t\t\t\t\t                <\/div>\n                <div class=\"row clearfix\">\n                                    <\/div>\n            <\/div>\n        <\/section>\n        <!-- feature-section end -->\n\n        \t\t\t\t<\/div>\n\t\t\t\t<\/div>\n\t\t\t\t\t<\/div>\n\t\t\t\t<\/div>\n\t\t<div class=\"elementor-element elementor-element-911defc e-grid e-con-boxed wpr-particle-no wpr-jarallax-no wpr-parallax-no wpr-sticky-section-no e-con e-parent\" data-id=\"911defc\" data-element_type=\"container\">\n\t\t\t\t\t<div class=\"e-con-inner\">\n\t\t\t\t<div class=\"elementor-element elementor-element-629596e elementor-widget elementor-widget-html\" data-id=\"629596e\" data-element_type=\"widget\" data-widget_type=\"html.default\">\n\t\t\t\t<div class=\"elementor-widget-container\">\n\t\t\t\t\t<link rel=\"stylesheet\" href=\"https:\/\/cdnjs.cloudflare.com\/ajax\/libs\/font-awesome\/4.7.0\/css\/font-awesome.min.css\">\n\n<style>\n    .card-header{\n    \nbackground: #3232B2;    \n    \n}\n<\/style>\n\n\n<div class=\"blog-sidebar\">\n<h5 class=\"card-header\"><\/h5>\n\t\t<div id=\"whitehall_contact_info-4\" class=\"widget sidebar-widget single-sidebar widget_whitehall_contact_info\">        \n\t\t\t<div class=\"contact-widget\">\n\t\t\t\t<div class=\"widget-title\"><h3>Acuerdo T\u00e9rminos Elaboraci\u00f3n PRCO<\/h3><\/div>\t\t\t<div class=\"widget-content\">\n\t\t\t\t\t<ul class=\"info clearfix\">\n\t\t\t\t\t    <li>\n\t\t\t\t\t\t\t<h5><i class=\"fa fa-file-pdf-o\" style=\"font-size:20px\"><\/i>&nbsp;&nbsp;CERTIFICADO N\u00b0 708<\/h5>\n\t\t\t\t\t\t\t<p><a href=\"https:\/\/muniovalle.cl\/sitio\/wp-content\/uploads\/2024\/12\/Acuerda_Terminos.de_.elaboracion.PRCO_.pdf\"target=\"_blank\">DESCARGAR <\/a><\/p>\n\t\t\t\t\t\t<\/li>\n\t\t\t\t\t\n\t\t\t\t\t\t\n\t\t\t\t\t\n\t\t\t\t\t\n\t\t\t\t\n\t\t\t\t\t\t\n\t\t\t\t\t\t\t\t\t\t<\/ul>\n\t\t\t\t<\/div>\n\t\t\t<\/div>\n\t\t<\/div>\n\n\n\n<\/div>\t\t\t\t<\/div>\n\t\t\t\t<\/div>\n\t\t\t\t<div class=\"elementor-element elementor-element-af38e79 elementor-widget elementor-widget-html\" data-id=\"af38e79\" data-element_type=\"widget\" data-widget_type=\"html.default\">\n\t\t\t\t<div class=\"elementor-widget-container\">\n\t\t\t\t\t<link rel=\"stylesheet\" href=\"https:\/\/cdnjs.cloudflare.com\/ajax\/libs\/font-awesome\/4.7.0\/css\/font-awesome.min.css\">\n\n<style>\n    .card-header{\n    \nbackground: #3232B2;    \n    \n}\n<\/style>\n\n\n<div class=\"blog-sidebar\">\n<h5 class=\"card-header\"><\/h5>\n\t\t<div id=\"whitehall_contact_info-4\" class=\"widget sidebar-widget single-sidebar widget_whitehall_contact_info\">        \n\t\t\t<div class=\"contact-widget\">\n\t\t\t\t<div class=\"widget-title\"><h3>T\u00c9RMINOS ANTEPROYECTO DEFINITIVO <\/h3><\/div>\t\t\t<div class=\"widget-content\">\n\t\t\t\t\t<ul class=\"info clearfix\">\n\t\t\t\t\t    <li>\n\t\t\t\t\t\t\t<h5><i class=\"fa fa-file-pdf-o\" style=\"font-size:20px\"><\/i>&nbsp;&nbsp;T\u00c9RMINOS ANTEPROYECTO<\/h5>\n\t\t\t\t\t\t\t<p><a href=\"https:\/\/muniovalle.cl\/sitio\/wp-content\/uploads\/2024\/12\/093_PRC_OVALLE_TERMINOS-ANTEPROYECTO_DEFINITIVO_.pdf\"target=\"_blank\">DESCARGAR <\/a><\/p>\n\t\t\t\t\t\t<\/li>\n\t\t\t\t\t\n\t\t\t\t\t\t\n\t\t\t\t\t\n\t\t\t\t\t\n\t\t\t\t\n\t\t\t\t\t\t\n\t\t\t\t\t\t\t\t\t\t<\/ul>\n\t\t\t\t<\/div>\n\t\t\t<\/div>\n\t\t<\/div>\n\n\n\n<\/div>\t\t\t\t<\/div>\n\t\t\t\t<\/div>\n\t\t\t\t\t<\/div>\n\t\t\t\t<\/div>\n\t\t<div class=\"elementor-element elementor-element-3a26598 e-con-full e-flex wpr-particle-no wpr-jarallax-no wpr-parallax-no wpr-sticky-section-no e-con e-parent\" data-id=\"3a26598\" data-element_type=\"container\">\n\t\t\t\t<div class=\"elementor-element elementor-element-893ca46 elementor-widget elementor-widget-html\" data-id=\"893ca46\" data-element_type=\"widget\" data-widget_type=\"html.default\">\n\t\t\t\t<div class=\"elementor-widget-container\">\n\t\t\t\t\t<link rel=\"stylesheet\" href=\"https:\/\/cdnjs.cloudflare.com\/ajax\/libs\/font-awesome\/4.7.0\/css\/font-awesome.min.css\">\n\n<style>\n    .card-header{\n    \nbackground: #3232B2;    \n    \n}\n<\/style>\n\n\n<div class=\"blog-sidebar\">\n<h5 class=\"card-header\"><\/h5>\n\t\t<div id=\"whitehall_contact_info-4\" class=\"widget sidebar-widget single-sidebar widget_whitehall_contact_info\">        \n\t\t\t<div class=\"contact-widget\">\n\t\t\t\t<div class=\"widget-title\"><h6>Certificado n\u00ba686, que acuerda dar respuesta a carta n\u00ba1, ingresada por JJVV Villa Los Naranjos parte baja, Poblaci\u00f3n 21 de mayo, Poblaci\u00f3n Limar\u00ed y Poblaci\u00f3n 8 de julio.<\/h6><\/div>\t\t\t<div class=\"widget-content\">\n\t\t\t\t\t<ul class=\"info clearfix\">\n\t\t\t\t\t    <li>\n\t\t\t\t\t\t\t<h5><i class=\"fa fa-file-pdf-o\" style=\"font-size:20px\"><\/i>&nbsp;&nbsp;ACUERDO RESPUESTA CARTA N\u00b0 1<\/h5>\n\t\t\t\t\t\t\t<p><a href=\"https:\/\/muniovalle.cl\/sitio\/wp-content\/uploads\/2024\/12\/Acuerdo_respuesta.carta_.n1.pdf\"target=\"_blank\">DESCARGAR <\/a><\/p>\n\t\t\t\t\t\t<\/li>\n\t\t\t\t\t\n\t\t\t\t\t\t\n\t\t\t\t\t\n\t\t\t\t\t\n\t\t\t\t\n\t\t\t\t\t\t\n\t\t\t\t\t\t\t\t\t\t<\/ul>\n\t\t\t\t<\/div>\n\t\t\t<\/div>\n\t\t<\/div>\n\n\n\n<\/div>\t\t\t\t<\/div>\n\t\t\t\t<\/div>\n\t\t\t\t<div class=\"elementor-element elementor-element-95a22ca elementor-widget elementor-widget-html\" data-id=\"95a22ca\" data-element_type=\"widget\" data-widget_type=\"html.default\">\n\t\t\t\t<div class=\"elementor-widget-container\">\n\t\t\t\t\t<link rel=\"stylesheet\" href=\"https:\/\/cdnjs.cloudflare.com\/ajax\/libs\/font-awesome\/4.7.0\/css\/font-awesome.min.css\">\n\n<style>\n    .card-header{\n    \nbackground: #3232B2;    \n    \n}\n<\/style>\n\n\n<div class=\"blog-sidebar\">\n<h5 class=\"card-header\"><\/h5>\n\t\t<div id=\"whitehall_contact_info-4\" class=\"widget sidebar-widget single-sidebar widget_whitehall_contact_info\">        \n\t\t\t<div class=\"contact-widget\">\n\t\t\t\t<div class=\"widget-title\"><H6>Certificado n\u00ba687, que acuerda dar respuestas a las cartas n\u00ba2 y n\u00ba3, ingresadas por la JJVV Ovalle Centro.<\/h6><\/div>\t\t\t<div class=\"widget-content\">\n\t\t\t\t\t<ul class=\"info clearfix\">\n\t\t\t\t\t    <li>\n\t\t\t\t\t\t\t<h5><i class=\"fa fa-file-pdf-o\" style=\"font-size:20px\"><\/i>&nbsp;&nbsp;ACUERDO RESPUESTA CARTA N\u00b02 Y N\u00b03<\/h5>\n\t\t\t\t\t\t\t<p><a href=\"https:\/\/muniovalle.cl\/sitio\/wp-content\/uploads\/2024\/12\/Acuerdo_respuesta.carta_.n2.y.n3.pdf\"target=\"_blank\">DESCARGAR <\/a><\/p>\n\t\t\t\t\t\t<\/li>\n\t\t\t\t\t\n\t\t\t\t\t\t\n\t\t\t\t\t\n\t\t\t\t\t\n\t\t\t\t\n\t\t\t\t\t\t\n\t\t\t\t\t\t\t\t\t\t<\/ul>\n\t\t\t\t<\/div>\n\t\t\t<\/div>\n\t\t<\/div>\n\n\n\n<\/div>\t\t\t\t<\/div>\n\t\t\t\t<\/div>\n\t\t\t\t<div class=\"elementor-element elementor-element-33fff46 elementor-widget elementor-widget-html\" data-id=\"33fff46\" data-element_type=\"widget\" data-widget_type=\"html.default\">\n\t\t\t\t<div class=\"elementor-widget-container\">\n\t\t\t\t\t<link rel=\"stylesheet\" href=\"https:\/\/cdnjs.cloudflare.com\/ajax\/libs\/font-awesome\/4.7.0\/css\/font-awesome.min.css\">\n\n<style>\n    .card-header{\n    \nbackground: #3232B2;    \n    \n}\n<\/style>\n\n\n<div class=\"blog-sidebar\">\n<h5 class=\"card-header\"><\/h5>\n\t\t<div id=\"whitehall_contact_info-4\" class=\"widget sidebar-widget single-sidebar widget_whitehall_contact_info\">        \n\t\t\t<div class=\"contact-widget\">\n\t\t\t\t<div class=\"widget-title\"><h6>Certificado n\u00ba707, que acuerda dar respuesta a la carta n\u00ba4, ingresada por Mauricio Johnson Undurraga, Gerente General Inversiones y Asesor\u00edas HYC S.A.\u00a0<\/h6><\/div><div class=\"widget-content\">\n\t\t\t\t\t<ul class=\"info clearfix\">\n\t\t\t\t\t    <li>\n\t\t\t\t\t\t\t<h5><i class=\"fa fa-file-pdf-o\" style=\"font-size:20px\"><\/i>&nbsp;&nbsp;ACUERDO RESPUESTA CARTA N\u00b04<\/h5>\n\t\t\t\t\t\t\t<p><a href=\"https:\/\/muniovalle.cl\/sitio\/wp-content\/uploads\/2024\/12\/Acuerdo_respuesta.carta_.n4.pdf\"target=\"_blank\">DESCARGAR <\/a><\/p>\n\t\t\t\t\t\t<\/li>\n\t\t\t\t\t\n\t\t\t\t\t\t\n\t\t\t\t\t\n\t\t\t\t\t\n\t\t\t\t\n\t\t\t\t\t\t\n\t\t\t\t\t\t\t\t\t\t<\/ul>\n\t\t\t\t<\/div>\n\t\t\t<\/div>\n\t\t<\/div>\n\n\n\n<\/div>\t\t\t\t<\/div>\n\t\t\t\t<\/div>\n\t\t\t\t<\/div>\n\t\t<div class=\"elementor-element elementor-element-4a66eb5 e-grid e-con-boxed wpr-particle-no wpr-jarallax-no wpr-parallax-no wpr-sticky-section-no e-con e-parent\" data-id=\"4a66eb5\" data-element_type=\"container\">\n\t\t\t\t\t<div class=\"e-con-inner\">\n\t\t\t\t<div class=\"elementor-element elementor-element-4948aad elementor-widget elementor-widget-whitehall_about_our_government\" data-id=\"4948aad\" data-element_type=\"widget\" data-widget_type=\"whitehall_about_our_government.default\">\n\t\t\t\t<div class=\"elementor-widget-container\">\n\t\t\t\t\t        \n        <!-- feature-section -->\n        <section class=\"feature-section sec-pad\" style=\"background-image: url();\">\n            <div class=\"auto-container\">\n                <div class=\"sec-title centred\">\n\t\t\t\t\t\n\t\t\t\t\t\t\t\t\t\t<h2>Tr\u00edptico Informativo <\/h2>\n\t\t\t\t\t<div class=\"title-shape\"><\/div>\n\t\t\t\t\t                <\/div>\n                <div class=\"row clearfix\">\n                                    <\/div>\n            <\/div>\n        <\/section>\n        <!-- feature-section end -->\n\n        \t\t\t\t<\/div>\n\t\t\t\t<\/div>\n\t\t\t\t\t<\/div>\n\t\t\t\t<\/div>\n\t\t<div class=\"elementor-element elementor-element-f82ba4a e-grid e-con-boxed wpr-particle-no wpr-jarallax-no wpr-parallax-no wpr-sticky-section-no e-con e-parent\" data-id=\"f82ba4a\" data-element_type=\"container\">\n\t\t\t\t\t<div class=\"e-con-inner\">\n\t\t\t\t<div class=\"elementor-element elementor-element-1258415 elementor-widget elementor-widget-image\" data-id=\"1258415\" data-element_type=\"widget\" data-widget_type=\"image.default\">\n\t\t\t\t<div class=\"elementor-widget-container\">\n\t\t\t\t\t\t\t\t\t\t\t\t\t\t\t\t<a href=\"https:\/\/muniovalle.cl\/sitio\/wp-content\/uploads\/2024\/08\/A3-Triptico-IO-PRC-Ovalle_ED2_2024_08_06_001.png\" data-elementor-open-lightbox=\"yes\" data-elementor-lightbox-title=\"A3 Tr\u00edptico IO PRC Ovalle_ED2_(2024_08_06)_001\" data-e-action-hash=\"#elementor-action%3Aaction%3Dlightbox%26settings%3DeyJpZCI6NzkwNywidXJsIjoiaHR0cHM6XC9cL211bmlvdmFsbGUuY2xcL3NpdGlvXC93cC1jb250ZW50XC91cGxvYWRzXC8yMDI0XC8wOFwvQTMtVHJpcHRpY28tSU8tUFJDLU92YWxsZV9FRDJfMjAyNF8wOF8wNl8wMDEucG5nIn0%3D\">\n\t\t\t\t\t\t\t<img fetchpriority=\"high\" decoding=\"async\" width=\"525\" height=\"372\" src=\"https:\/\/muniovalle.cl\/sitio\/wp-content\/uploads\/2024\/08\/A3-Triptico-IO-PRC-Ovalle_ED2_2024_08_06_001-1024x725.png\" class=\"attachment-large size-large wp-image-7907\" alt=\"\" srcset=\"https:\/\/muniovalle.cl\/sitio\/wp-content\/uploads\/2024\/08\/A3-Triptico-IO-PRC-Ovalle_ED2_2024_08_06_001-1024x725.png 1024w, https:\/\/muniovalle.cl\/sitio\/wp-content\/uploads\/2024\/08\/A3-Triptico-IO-PRC-Ovalle_ED2_2024_08_06_001-300x212.png 300w, https:\/\/muniovalle.cl\/sitio\/wp-content\/uploads\/2024\/08\/A3-Triptico-IO-PRC-Ovalle_ED2_2024_08_06_001-768x543.png 768w, https:\/\/muniovalle.cl\/sitio\/wp-content\/uploads\/2024\/08\/A3-Triptico-IO-PRC-Ovalle_ED2_2024_08_06_001-500x354.png 500w, https:\/\/muniovalle.cl\/sitio\/wp-content\/uploads\/2024\/08\/A3-Triptico-IO-PRC-Ovalle_ED2_2024_08_06_001-800x566.png 800w, https:\/\/muniovalle.cl\/sitio\/wp-content\/uploads\/2024\/08\/A3-Triptico-IO-PRC-Ovalle_ED2_2024_08_06_001.png 1190w\" sizes=\"(max-width: 525px) 100vw, 525px\" \/>\t\t\t\t\t\t\t\t<\/a>\n\t\t\t\t\t\t\t\t\t\t\t\t\t\t\t<\/div>\n\t\t\t\t<\/div>\n\t\t\t\t<div class=\"elementor-element elementor-element-809a03a elementor-widget elementor-widget-image\" data-id=\"809a03a\" data-element_type=\"widget\" data-widget_type=\"image.default\">\n\t\t\t\t<div class=\"elementor-widget-container\">\n\t\t\t\t\t\t\t\t\t\t\t\t\t\t\t\t<a href=\"https:\/\/muniovalle.cl\/sitio\/wp-content\/uploads\/2024\/08\/A3-Triptico-IO-PRC-Ovalle_ED2_2024_08_06_002.png\" data-elementor-open-lightbox=\"yes\" data-elementor-lightbox-title=\"A3 Tr\u00edptico IO PRC Ovalle_ED2_(2024_08_06)_002\" data-e-action-hash=\"#elementor-action%3Aaction%3Dlightbox%26settings%3DeyJpZCI6NzkwNiwidXJsIjoiaHR0cHM6XC9cL211bmlvdmFsbGUuY2xcL3NpdGlvXC93cC1jb250ZW50XC91cGxvYWRzXC8yMDI0XC8wOFwvQTMtVHJpcHRpY28tSU8tUFJDLU92YWxsZV9FRDJfMjAyNF8wOF8wNl8wMDIucG5nIn0%3D\">\n\t\t\t\t\t\t\t<img decoding=\"async\" width=\"525\" height=\"372\" src=\"https:\/\/muniovalle.cl\/sitio\/wp-content\/uploads\/2024\/08\/A3-Triptico-IO-PRC-Ovalle_ED2_2024_08_06_002-1024x725.png\" class=\"attachment-large size-large wp-image-7906\" alt=\"\" srcset=\"https:\/\/muniovalle.cl\/sitio\/wp-content\/uploads\/2024\/08\/A3-Triptico-IO-PRC-Ovalle_ED2_2024_08_06_002-1024x725.png 1024w, https:\/\/muniovalle.cl\/sitio\/wp-content\/uploads\/2024\/08\/A3-Triptico-IO-PRC-Ovalle_ED2_2024_08_06_002-300x212.png 300w, https:\/\/muniovalle.cl\/sitio\/wp-content\/uploads\/2024\/08\/A3-Triptico-IO-PRC-Ovalle_ED2_2024_08_06_002-768x543.png 768w, https:\/\/muniovalle.cl\/sitio\/wp-content\/uploads\/2024\/08\/A3-Triptico-IO-PRC-Ovalle_ED2_2024_08_06_002-500x354.png 500w, https:\/\/muniovalle.cl\/sitio\/wp-content\/uploads\/2024\/08\/A3-Triptico-IO-PRC-Ovalle_ED2_2024_08_06_002-800x566.png 800w, https:\/\/muniovalle.cl\/sitio\/wp-content\/uploads\/2024\/08\/A3-Triptico-IO-PRC-Ovalle_ED2_2024_08_06_002.png 1190w\" sizes=\"(max-width: 525px) 100vw, 525px\" \/>\t\t\t\t\t\t\t\t<\/a>\n\t\t\t\t\t\t\t\t\t\t\t\t\t\t\t<\/div>\n\t\t\t\t<\/div>\n\t\t\t\t\t<\/div>\n\t\t\t\t<\/div>\n\t\t<div class=\"elementor-element elementor-element-eef179a e-grid e-con-boxed wpr-particle-no wpr-jarallax-no wpr-parallax-no wpr-sticky-section-no e-con e-parent\" data-id=\"eef179a\" data-element_type=\"container\">\n\t\t\t\t\t<div class=\"e-con-inner\">\n\t\t\t\t<div class=\"elementor-element elementor-element-71dc2f1 elementor-widget elementor-widget-whitehall_about_our_government\" data-id=\"71dc2f1\" data-element_type=\"widget\" data-widget_type=\"whitehall_about_our_government.default\">\n\t\t\t\t<div class=\"elementor-widget-container\">\n\t\t\t\t\t        \n        <!-- feature-section -->\n        <section class=\"feature-section sec-pad\" style=\"background-image: url();\">\n            <div class=\"auto-container\">\n                <div class=\"sec-title centred\">\n\t\t\t\t\t\n\t\t\t\t\t\t\t\t\t\t<h2>Formulario de Observaciones<\/h2>\n\t\t\t\t\t<div class=\"title-shape\"><\/div>\n\t\t\t\t\t                <\/div>\n                <div class=\"row clearfix\">\n                                    <\/div>\n            <\/div>\n        <\/section>\n        <!-- feature-section end -->\n\n        \t\t\t\t<\/div>\n\t\t\t\t<\/div>\n\t\t\t\t\t<\/div>\n\t\t\t\t<\/div>\n\t\t<div class=\"elementor-element elementor-element-6e773a3 e-flex e-con-boxed wpr-particle-no wpr-jarallax-no wpr-parallax-no wpr-sticky-section-no e-con e-parent\" data-id=\"6e773a3\" data-element_type=\"container\">\n\t\t\t\t\t<div class=\"e-con-inner\">\n\t\t<div class=\"elementor-element elementor-element-8ccff6c e-con-full e-flex wpr-particle-no wpr-jarallax-no wpr-parallax-no wpr-sticky-section-no e-con e-child\" data-id=\"8ccff6c\" data-element_type=\"container\">\n\t\t\t\t<div class=\"elementor-element elementor-element-27520fa elementor-widget elementor-widget-bae-doc-embedder\" data-id=\"27520fa\" data-element_type=\"widget\" data-widget_type=\"bae-doc-embedder.default\">\n\t\t\t\t<div class=\"elementor-widget-container\">\n\t\t\t\t\t      <div class=\"my-doc\">\n\t\t<iframe src=\"https:\/\/docs.google.com\/viewer?url=https:\/\/muniovalle.cl\/sitio\/wp-content\/uploads\/2024\/08\/PRC_Ovalle_Modelo-Formulario-de-Observaciones_2024_08_12-1.docx?download=false&#038;embedded=true&amp;embedded=true\"  allowfullscreen>\n\t\t<\/iframe>\n\t<\/div>\n\t\t\t\t\t<\/div>\n\t\t\t\t<\/div>\n\t\t\t\t<\/div>\n\t\t<div class=\"elementor-element elementor-element-0014c25 e-con-full e-flex wpr-particle-no wpr-jarallax-no wpr-parallax-no wpr-sticky-section-no e-con e-child\" data-id=\"0014c25\" data-element_type=\"container\">\n\t\t\t\t<div class=\"elementor-element elementor-element-1d26547 elementor-widget elementor-widget-html\" data-id=\"1d26547\" data-element_type=\"widget\" data-widget_type=\"html.default\">\n\t\t\t\t<div class=\"elementor-widget-container\">\n\t\t\t\t\t<link rel=\"stylesheet\" href=\"https:\/\/cdnjs.cloudflare.com\/ajax\/libs\/font-awesome\/4.7.0\/css\/font-awesome.min.css\">\n\n<style>\n    .card-header{\n    \nbackground: #3232B2;    \n    \n}\n<\/style>\n\n\n<div class=\"blog-sidebar\">\n<h5 class=\"card-header\"><\/h5>\n\t\t<div id=\"whitehall_contact_info-4\" class=\"widget sidebar-widget single-sidebar widget_whitehall_contact_info\">        \n\t\t\t<div class=\"contact-widget\">\n\t\t\t\t<div class=\"widget-title\"><h3>Descaga de Formulario<\/h3><\/div>\t\t\t<div class=\"widget-content\">\n\t\t\t\t\t<ul class=\"info clearfix\">\n\t\t\t\t\t    <li>\n\t\t\t\t\t\t\t<h5><i class=\"fa fa-file-pdf-o\" style=\"font-size:20px\"><\/i>&nbsp;&nbsp;Documento<\/h5>\n\t\t\t\t\t\t\t<p><a href=\"https:\/\/muniovalle.cl\/sitio\/wp-content\/uploads\/2024\/08\/PRC_Ovalle_Modelo-Formulario-de-Observaciones_2024_08_12.docx\"target=\"_blank\">DESCARGAR <\/a><\/p>\n\t\t\t\t\t\t<\/li>\n\t\t\t\t\t\n\t\t\t\t\t\t\n\t\t\t\t\t\n\t\t\t\t\t\n\t\t\t\t\n\t\t\t\t\t\t\n\t\t\t\t\t\t\t\t\t\t<\/ul>\n\t\t\t\t<\/div>\n\t\t\t<\/div>\n\t\t<\/div>\n\n\n\n<\/div>\t\t\t\t<\/div>\n\t\t\t\t<\/div>\n\t\t\t\t<\/div>\n\t\t\t\t\t<\/div>\n\t\t\t\t<\/div>\n\t\t\t\t<\/div>\n\t\t","protected":false},"excerpt":{"rendered":"<p>Actualizaci\u00f3n del PRC Consulta P\u00fablica Imagen Objetivo Planos &nbsp;&nbsp;PLANOS DE ALTERNATIVAS DESCARGAR Resumen Ejecutivo &nbsp;&nbsp;PROPUESTA DE IMAGEN OBJETIVO RESUMEN EJECUTIVO Y SUS PLANOS DESCARGAR T\u00e9rminos en que se proceder\u00e1 a elaborar el Anteproyecto de Plan Regulado Comunal de Ovalle Acuerdo T\u00e9rminos Elaboraci\u00f3n PRCO &nbsp;&nbsp;CERTIFICADO N\u00b0 708 DESCARGAR T\u00c9RMINOS ANTEPROYECTO DEFINITIVO &nbsp;&nbsp;T\u00c9RMINOS ANTEPROYECTO DESCARGAR Certificado n\u00ba686, que acuerda dar respuesta a carta n\u00ba1, ingresada por JJVV Villa Los Naranjos parte baja, Poblaci\u00f3n 21 de mayo, Poblaci\u00f3n Limar\u00ed y Poblaci\u00f3n 8 de julio. &nbsp;&nbsp;ACUERDO RESPUESTA CARTA N\u00b0 1 DESCARGAR Certificado n\u00ba687, que acuerda dar respuestas a las cartas n\u00ba2 y n\u00ba3, ingresadas por la JJVV Ovalle Centro. &nbsp;&nbsp;ACUERDO RESPUESTA CARTA N\u00b02 Y N\u00b03 DESCARGAR Certificado n\u00ba707, que acuerda dar respuesta a la carta n\u00ba4, ingresada por Mauricio Johnson Undurraga, Gerente General Inversiones y Asesor\u00edas HYC S.A.\u00a0 &nbsp;&nbsp;ACUERDO RESPUESTA CARTA N\u00b04 DESCARGAR Tr\u00edptico Informativo Formulario de Observaciones Descaga de Formulario &nbsp;&nbsp;Documento DESCARGAR<\/p>\n","protected":false},"author":1,"featured_media":0,"parent":2704,"menu_order":0,"comment_status":"closed","ping_status":"closed","template":"","meta":{"_vp_format_video_url":"","_vp_image_focal_point":[],"footnotes":""},"class_list":["post-7881","page","type-page","status-publish","hentry"],"_links":{"self":[{"href":"https:\/\/muniovalle.cl\/sitio\/wp-json\/wp\/v2\/pages\/7881","targetHints":{"allow":["GET"]}}],"collection":[{"href":"https:\/\/muniovalle.cl\/sitio\/wp-json\/wp\/v2\/pages"}],"about":[{"href":"https:\/\/muniovalle.cl\/sitio\/wp-json\/wp\/v2\/types\/page"}],"author":[{"embeddable":true,"href":"https:\/\/muniovalle.cl\/sitio\/wp-json\/wp\/v2\/users\/1"}],"replies":[{"embeddable":true,"href":"https:\/\/muniovalle.cl\/sitio\/wp-json\/wp\/v2\/comments?post=7881"}],"version-history":[{"count":91,"href":"https:\/\/muniovalle.cl\/sitio\/wp-json\/wp\/v2\/pages\/7881\/revisions"}],"predecessor-version":[{"id":8590,"href":"https:\/\/muniovalle.cl\/sitio\/wp-json\/wp\/v2\/pages\/7881\/revisions\/8590"}],"up":[{"embeddable":true,"href":"https:\/\/muniovalle.cl\/sitio\/wp-json\/wp\/v2\/pages\/2704"}],"wp:attachment":[{"href":"https:\/\/muniovalle.cl\/sitio\/wp-json\/wp\/v2\/media?parent=7881"}],"curies":[{"name":"wp","href":"https:\/\/api.w.org\/{rel}","templated":true}]}}