{"id":7347,"date":"2024-07-07T23:15:57","date_gmt":"2024-07-08T03:15:57","guid":{"rendered":"https:\/\/muniovalle.cl\/sitio\/?page_id=7347"},"modified":"2024-07-07T23:30:29","modified_gmt":"2024-07-08T03:30:29","slug":"direcciones-emergencia","status":"publish","type":"page","link":"https:\/\/muniovalle.cl\/sitio\/direcciones-emergencia\/","title":{"rendered":"Direcciones de Emergencia"},"content":{"rendered":"\t\t<div data-elementor-type=\"wp-page\" data-elementor-id=\"7347\" class=\"elementor elementor-7347\">\n\t\t\t\t<div class=\"elementor-element elementor-element-184b071 e-flex e-con-boxed wpr-particle-no wpr-jarallax-no wpr-parallax-no wpr-sticky-section-no e-con e-parent\" data-id=\"184b071\" data-element_type=\"container\">\n\t\t\t\t\t<div class=\"e-con-inner\">\n\t\t\t\t<div class=\"elementor-element elementor-element-8385810 elementor-widget elementor-widget-whitehall_about_us_v1\" data-id=\"8385810\" data-element_type=\"widget\" data-widget_type=\"whitehall_about_us_v1.default\">\n\t\t\t\t<div class=\"elementor-widget-container\">\n\t\t\t\t\t        \n        <!-- about-section -->\n        \n        <section class=\"about-section sec-pad bg-color-1\">\n            <div class=\"auto-container\">\n                <div class=\"row clearfix\">\n                    <div class=\"col-lg-12 col-md-12 col-sm-12 content-column\">\n                        <div class=\"content_block_1\">\n                            <div class=\"content-box\">\n                                <div class=\"sec-title\">\n                                    \t\t\t\t\t\t\t\t\t\n                                    \t\t\t\t\t\t\t\t\t<h2>Direcciones de Emergencia<\/h2>\n                                    <div class=\"title-shape\"><\/div>\n\t\t\t\t\t\t\t\t\t                                <\/div>\n                                <div class=\"text\">\n                                    <h5><br><\/h5>\n                                    <h4><\/h4>\n                                    <p><\/p>\n                                <\/div>\n                                <div class=\"inner-box clearfix\">\n                                    <figure class=\"signature pull-left\"><img decoding=\"async\" src=\"\" alt=\"\"><\/figure>\n                                    <ul class=\"social-style-one clearfix\">\n\t\t\t\t\t\t\t\t\t\t                                    <\/ul>\n                                <\/div>\n                                <div class=\"lower-box\">\n                                    <div class=\"row clearfix\">\n\t\t\t\t\t\t\t\t\t\t                                        <div class=\"col-lg-6 col-md-6 col-sm-12 single-column\">\n                                            <div class=\"single-item wow fadeInLeft animated animated\" data-wow-delay=\"00ms\" data-wow-duration=\"1500ms\">\n                                                <div class=\"icon-box\"><i class=\"fa fa-fire-alt\"><\/i><\/div>\n                                                <h5>Tercera Compa\u00f1\u00eda del Cuerpo de Bomberos de Ovalle<\/h5>\n                                                <p><a href=\"tel:\"><\/a> Direcci\u00f3n: Miguel Aguirre 364, Ovalle, Regi\u00f3n de Coquimbo<\/p>\n                                            <\/div>\n                                        <\/div>\n                                                                                <div class=\"col-lg-6 col-md-6 col-sm-12 single-column\">\n                                            <div class=\"single-item wow fadeInLeft animated animated\" data-wow-delay=\"00ms\" data-wow-duration=\"1500ms\">\n                                                <div class=\"icon-box\"><i class=\"fa fa-fire-alt\"><\/i><\/div>\n                                                <h5>S\u00e9ptima Compa\u00f1\u00eda del Cuerpo de Bomberos de Ovalle <\/h5>\n                                                <p><a href=\"tel:\"><\/a>   Direcci\u00f3n: Avda. La Paz 758, Ovalle, Regi\u00f3n de Coquimbo <\/p>\n                                            <\/div>\n                                        <\/div>\n                                                                                <div class=\"col-lg-6 col-md-6 col-sm-12 single-column\">\n                                            <div class=\"single-item wow fadeInLeft animated animated\" data-wow-delay=\"00ms\" data-wow-duration=\"1500ms\">\n                                                <div class=\"icon-box\"><i class=\"fa fa-fire-alt\"><\/i><\/div>\n                                                <h5>Sexta Compa\u00f1\u00eda del Cuerpo de Bomberos de Ovalle \u2003<\/h5>\n                                                <p><a href=\"tel:\"><\/a>  Direcci\u00f3n: Micaela Campos S\/N, Ovalle, Regi\u00f3n de Coquimbo<\/p>\n                                            <\/div>\n                                        <\/div>\n                                                                                <div class=\"col-lg-6 col-md-6 col-sm-12 single-column\">\n                                            <div class=\"single-item wow fadeInLeft animated animated\" data-wow-delay=\"00ms\" data-wow-duration=\"1500ms\">\n                                                <div class=\"icon-box\"><i class=\"icon flaticon-alert\"><\/i><\/div>\n                                                <h5>Tercera Comisar\u00eda de carabineros Ovalle \u2003<\/h5>\n                                                <p><a href=\"tel:\"><\/a>  Direcci\u00f3n: Tangue 20, Ovalle, Regi\u00f3n de Coquimbo<\/p>\n                                            <\/div>\n                                        <\/div>\n                                                                            <\/div>\n                                <\/div>\n                            <\/div>\n                        <\/div>\n                    <\/div>\n                    <div class=\"col-lg-6 col-md-12 col-sm-12 image-column\">\n                        <div class=\"image_block_1\">\n                            <div class=\"image-box\">\n\t\t\t\t\t\t\t\t\t\t\t\t\t\t\t\t                            <\/div>\n                        <\/div>\n                    <\/div>\n                <\/div>\n            <\/div>\n        <\/section>\n        <!-- about-section end -->\n\n        \t\t\t\t<\/div>\n\t\t\t\t<\/div>\n\t\t\t\t\t<\/div>\n\t\t\t\t<\/div>\n\t\t\t\t<\/div>\n\t\t","protected":false},"excerpt":{"rendered":"<p>Direcciones de Emergencia Tercera Compa\u00f1\u00eda del Cuerpo de Bomberos de Ovalle Direcci\u00f3n: Miguel Aguirre 364, Ovalle, Regi\u00f3n de Coquimbo S\u00e9ptima Compa\u00f1\u00eda del Cuerpo de Bomberos de Ovalle Direcci\u00f3n: Avda. La Paz 758, Ovalle, Regi\u00f3n de Coquimbo Sexta Compa\u00f1\u00eda del Cuerpo de Bomberos de Ovalle \u2003 Direcci\u00f3n: Micaela Campos S\/N, Ovalle, Regi\u00f3n de Coquimbo Tercera Comisar\u00eda de carabineros Ovalle \u2003 Direcci\u00f3n: Tangue 20, Ovalle, Regi\u00f3n de Coquimbo<\/p>\n","protected":false},"author":1,"featured_media":0,"parent":0,"menu_order":0,"comment_status":"closed","ping_status":"closed","template":"","meta":{"_vp_format_video_url":"","_vp_image_focal_point":[],"footnotes":""},"class_list":["post-7347","page","type-page","status-publish","hentry"],"_links":{"self":[{"href":"https:\/\/muniovalle.cl\/sitio\/wp-json\/wp\/v2\/pages\/7347","targetHints":{"allow":["GET"]}}],"collection":[{"href":"https:\/\/muniovalle.cl\/sitio\/wp-json\/wp\/v2\/pages"}],"about":[{"href":"https:\/\/muniovalle.cl\/sitio\/wp-json\/wp\/v2\/types\/page"}],"author":[{"embeddable":true,"href":"https:\/\/muniovalle.cl\/sitio\/wp-json\/wp\/v2\/users\/1"}],"replies":[{"embeddable":true,"href":"https:\/\/muniovalle.cl\/sitio\/wp-json\/wp\/v2\/comments?post=7347"}],"version-history":[{"count":7,"href":"https:\/\/muniovalle.cl\/sitio\/wp-json\/wp\/v2\/pages\/7347\/revisions"}],"predecessor-version":[{"id":7355,"href":"https:\/\/muniovalle.cl\/sitio\/wp-json\/wp\/v2\/pages\/7347\/revisions\/7355"}],"wp:attachment":[{"href":"https:\/\/muniovalle.cl\/sitio\/wp-json\/wp\/v2\/media?parent=7347"}],"curies":[{"name":"wp","href":"https:\/\/api.w.org\/{rel}","templated":true}]}}