{"id":7037,"date":"2024-07-02T17:12:54","date_gmt":"2024-07-02T21:12:54","guid":{"rendered":"https:\/\/muniovalle.cl\/sitio\/?page_id=7037"},"modified":"2025-04-07T17:30:56","modified_gmt":"2025-04-07T21:30:56","slug":"reciclaje","status":"publish","type":"page","link":"https:\/\/muniovalle.cl\/sitio\/ovalle-verde\/reciclaje\/","title":{"rendered":"Programa de Reciclaje Urbano y Rural"},"content":{"rendered":"\t\t<div data-elementor-type=\"wp-page\" data-elementor-id=\"7037\" class=\"elementor elementor-7037\">\n\t\t\t\t<div class=\"elementor-element elementor-element-b4c00b0 e-grid e-con-boxed wpr-particle-no wpr-jarallax-no wpr-parallax-no wpr-sticky-section-no e-con e-parent\" data-id=\"b4c00b0\" data-element_type=\"container\">\n\t\t\t\t\t<div class=\"e-con-inner\">\n\t\t\t\t<div class=\"elementor-element elementor-element-8fd06ca elementor-widget elementor-widget-html\" data-id=\"8fd06ca\" data-element_type=\"widget\" data-widget_type=\"html.default\">\n\t\t\t\t<div class=\"elementor-widget-container\">\n\t\t\t\t\t<style>\n.texto{\n    text-align: justify;\n    background: #F1F5F8;\n    border-radius: 10px;\n    padding-left: 5px;\n    padding-right: 5px;\n}\n\n\n<\/style>\n\n<div class=\"blog-sidebar2\">\n\t\t<div id=\"whitehall_contact_info-4\" class=\"widget sidebar-widget single-sidebar widget_whitehall_contact_info\">\n        \n\t\t\t<div class=\"contact-widget\">\n\t\t\t\t<div class=\"widget-title\"><h3>Programa de Reciclaje Urbano y Rural<\/h3><\/div>\t\t\t<div class=\"widget-content\">\n\t\t\t\t<p class=\"texto\">\n\t\t\t\t    El Departamento de Medio Ambiente de la Ilustre Municipalidad de Ovalle, presenta su\nPrograma de Reciclaje Urbano y Rural, una iniciativa clave para promover la gesti\u00f3n\nsostenible de residuos en nuestra comunidad. Este programa est\u00e1 dise\u00f1ado para abarcar\ntanto \u00e1reas urbanas como rurales, fomentando h\u00e1bitos de reciclaje y contribuyendo\nsignificativamente a la protecci\u00f3n del medio ambiente.\n.\n\n\t\t\t\t<\/p>\n\t\t\t\t<\/div>\n\t\t\t<\/div>\n    \n\t\t<\/div>\n\n\n\n<\/div>\n\n<h5><strong>Encuentr\u00e1nos<strong><\/h5>\n<iframe src=\"https:\/\/www.google.com\/maps\/embed?pb=!1m18!1m12!1m3!1d3433.847769029155!2d-71.19795131182316!3d-30.610056792344537!2m3!1f0!2f0!3f0!3m2!1i1024!2i768!4f13.1!3m3!1m2!1s0x968e4b368943b209%3A0x363b3eff47e11037!2sPunto%20Limpio%20Municipal%20de%20Ovalle!5e0!3m2!1ses-419!2scl!4v1719416862397!5m2!1ses-419!2scl\" width=\"600\" height=\"400\" style=\"border:0;\" allowfullscreen=\"\" loading=\"lazy\" referrerpolicy=\"no-referrer-when-downgrade\"><\/iframe>\t\t\t\t<\/div>\n\t\t\t\t<\/div>\n\t\t\t\t<div class=\"elementor-element elementor-element-178c8f0 e-transform elementor-widget elementor-widget-image\" data-id=\"178c8f0\" data-element_type=\"widget\" data-settings=\"{&quot;_transform_scale_effect_hover&quot;:{&quot;unit&quot;:&quot;px&quot;,&quot;size&quot;:1.1,&quot;sizes&quot;:[]},&quot;_transform_scale_effect_hover_tablet&quot;:{&quot;unit&quot;:&quot;px&quot;,&quot;size&quot;:&quot;&quot;,&quot;sizes&quot;:[]},&quot;_transform_scale_effect_hover_mobile&quot;:{&quot;unit&quot;:&quot;px&quot;,&quot;size&quot;:&quot;&quot;,&quot;sizes&quot;:[]}}\" data-widget_type=\"image.default\">\n\t\t\t\t<div class=\"elementor-widget-container\">\n\t\t\t\t\t\t\t\t\t\t\t\t\t\t\t<img fetchpriority=\"high\" decoding=\"async\" width=\"525\" height=\"702\" src=\"https:\/\/muniovalle.cl\/sitio\/wp-content\/uploads\/2024\/07\/IMG_20240702_161951_1-768x1027.jpg\" class=\"attachment-medium_large size-medium_large wp-image-7039\" alt=\"\" srcset=\"https:\/\/muniovalle.cl\/sitio\/wp-content\/uploads\/2024\/07\/IMG_20240702_161951_1-768x1027.jpg 768w, https:\/\/muniovalle.cl\/sitio\/wp-content\/uploads\/2024\/07\/IMG_20240702_161951_1-224x300.jpg 224w, https:\/\/muniovalle.cl\/sitio\/wp-content\/uploads\/2024\/07\/IMG_20240702_161951_1-766x1024.jpg 766w, https:\/\/muniovalle.cl\/sitio\/wp-content\/uploads\/2024\/07\/IMG_20240702_161951_1-1149x1536.jpg 1149w, https:\/\/muniovalle.cl\/sitio\/wp-content\/uploads\/2024\/07\/IMG_20240702_161951_1-1532x2048.jpg 1532w, https:\/\/muniovalle.cl\/sitio\/wp-content\/uploads\/2024\/07\/IMG_20240702_161951_1-scaled.jpg 1915w\" sizes=\"(max-width: 525px) 100vw, 525px\" \/>\t\t\t\t\t\t\t\t\t\t\t\t\t\t\t<\/div>\n\t\t\t\t<\/div>\n\t\t\t\t\t<\/div>\n\t\t\t\t<\/div>\n\t\t<div class=\"elementor-element elementor-element-957949c e-grid e-con-boxed wpr-particle-no wpr-jarallax-no wpr-parallax-no wpr-sticky-section-no e-con e-parent\" data-id=\"957949c\" data-element_type=\"container\">\n\t\t\t\t\t<div class=\"e-con-inner\">\n\t\t\t\t<div class=\"elementor-element elementor-element-4640a0a elementor-widget elementor-widget-spacer\" data-id=\"4640a0a\" data-element_type=\"widget\" data-widget_type=\"spacer.default\">\n\t\t\t\t<div class=\"elementor-widget-container\">\n\t\t\t\t\t\t\t<div class=\"elementor-spacer\">\n\t\t\t<div class=\"elementor-spacer-inner\"><\/div>\n\t\t<\/div>\n\t\t\t\t\t\t<\/div>\n\t\t\t\t<\/div>\n\t\t\t\t<div class=\"elementor-element elementor-element-5ded08b elementor-widget elementor-widget-html\" data-id=\"5ded08b\" data-element_type=\"widget\" data-widget_type=\"html.default\">\n\t\t\t\t<div class=\"elementor-widget-container\">\n\t\t\t\t\t<div class=\"blog-sidebar2\">\n\t\t\n        \n\t\t\t<div class=\"contact-widget\">\n\t\t\t\t<div class=\"widget-title\"><h3>\u00bfQu\u00e9 residuos acopiamos y recolectamos?<\/h3><\/div><div class=\"widget-content\">\n\t\t\t\tNuestro programa se enfoca en la recolecci\u00f3n y acopio de los siguientes tipos de residuos:\n\t\t\t\t<\/div>\n\t\n\t\t<\/div>\n\n\n\n<\/div>\t\t\t\t<\/div>\n\t\t\t\t<\/div>\n\t\t\t\t\t<\/div>\n\t\t\t\t<\/div>\n\t\t<div class=\"elementor-element elementor-element-d085211 e-grid e-con-boxed wpr-particle-no wpr-jarallax-no wpr-parallax-no wpr-sticky-section-no e-con e-parent\" data-id=\"d085211\" data-element_type=\"container\">\n\t\t\t\t\t<div class=\"e-con-inner\">\n\t\t\t\t<div class=\"elementor-element elementor-element-4f65b68 elementor-view-default elementor-position-block-start elementor-mobile-position-block-start elementor-widget elementor-widget-icon-box\" data-id=\"4f65b68\" data-element_type=\"widget\" data-widget_type=\"icon-box.default\">\n\t\t\t\t<div class=\"elementor-widget-container\">\n\t\t\t\t\t\t\t<div class=\"elementor-icon-box-wrapper\">\n\n\t\t\t\t\t\t<div class=\"elementor-icon-box-icon\">\n\t\t\t\t<span  class=\"elementor-icon\">\n\t\t\t\t<svg aria-hidden=\"true\" class=\"e-font-icon-svg e-fas-wine-bottle\" viewBox=\"0 0 512 512\" xmlns=\"http:\/\/www.w3.org\/2000\/svg\"><path d=\"M507.31 72.57L439.43 4.69c-6.25-6.25-16.38-6.25-22.63 0l-22.63 22.63c-6.25 6.25-6.25 16.38 0 22.63l-76.67 76.67c-46.58-19.7-102.4-10.73-140.37 27.23L18.75 312.23c-24.99 24.99-24.99 65.52 0 90.51l90.51 90.51c24.99 24.99 65.52 24.99 90.51 0l158.39-158.39c37.96-37.96 46.93-93.79 27.23-140.37l76.67-76.67c6.25 6.25 16.38 6.25 22.63 0l22.63-22.63c6.24-6.24 6.24-16.37-.01-22.62zM179.22 423.29l-90.51-90.51 122.04-122.04 90.51 90.51-122.04 122.04z\"><\/path><\/svg>\t\t\t\t<\/span>\n\t\t\t<\/div>\n\t\t\t\n\t\t\t\t\t\t<div class=\"elementor-icon-box-content\">\n\n\t\t\t\t\t\t\t\t\t<h3 class=\"elementor-icon-box-title\">\n\t\t\t\t\t\t<span  >\n\t\t\t\t\t\t\tBotellas Pl\u00e1sticas PET1\t\t\t\t\t\t<\/span>\n\t\t\t\t\t<\/h3>\n\t\t\t\t\n\t\t\t\t\t\t\t\t\t<p class=\"elementor-icon-box-description\">\n\t\t\t\t\t\tBotellas Desechables, (tansparentes y de color) de bebidas,\nagua y jugos.\t\t\t\t\t<\/p>\n\t\t\t\t\n\t\t\t<\/div>\n\t\t\t\n\t\t<\/div>\n\t\t\t\t\t\t<\/div>\n\t\t\t\t<\/div>\n\t\t\t\t<div class=\"elementor-element elementor-element-9528582 elementor-view-default elementor-position-block-start elementor-mobile-position-block-start elementor-widget elementor-widget-icon-box\" data-id=\"9528582\" data-element_type=\"widget\" data-widget_type=\"icon-box.default\">\n\t\t\t\t<div class=\"elementor-widget-container\">\n\t\t\t\t\t\t\t<div class=\"elementor-icon-box-wrapper\">\n\n\t\t\t\t\t\t<div class=\"elementor-icon-box-icon\">\n\t\t\t\t<span  class=\"elementor-icon\">\n\t\t\t\t<svg aria-hidden=\"true\" class=\"e-font-icon-svg e-fas-wine-bottle\" viewBox=\"0 0 512 512\" xmlns=\"http:\/\/www.w3.org\/2000\/svg\"><path d=\"M507.31 72.57L439.43 4.69c-6.25-6.25-16.38-6.25-22.63 0l-22.63 22.63c-6.25 6.25-6.25 16.38 0 22.63l-76.67 76.67c-46.58-19.7-102.4-10.73-140.37 27.23L18.75 312.23c-24.99 24.99-24.99 65.52 0 90.51l90.51 90.51c24.99 24.99 65.52 24.99 90.51 0l158.39-158.39c37.96-37.96 46.93-93.79 27.23-140.37l76.67-76.67c6.25 6.25 16.38 6.25 22.63 0l22.63-22.63c6.24-6.24 6.24-16.37-.01-22.62zM179.22 423.29l-90.51-90.51 122.04-122.04 90.51 90.51-122.04 122.04z\"><\/path><\/svg>\t\t\t\t<\/span>\n\t\t\t<\/div>\n\t\t\t\n\t\t\t\t\t\t<div class=\"elementor-icon-box-content\">\n\n\t\t\t\t\t\t\t\t\t<h3 class=\"elementor-icon-box-title\">\n\t\t\t\t\t\t<span  >\n\t\t\t\t\t\t\tEnvases de Vidrio\t\t\t\t\t\t<\/span>\n\t\t\t\t\t<\/h3>\n\t\t\t\t\n\t\t\t\t\t\t\t\t\t<p class=\"elementor-icon-box-description\">\n\t\t\t\t\t\tBotellas y frascos de vidrio, como los de jugos, bebidas alcoh\u00f3licas y\nperfumes.\n\t\t\t\t\t<\/p>\n\t\t\t\t\n\t\t\t<\/div>\n\t\t\t\n\t\t<\/div>\n\t\t\t\t\t\t<\/div>\n\t\t\t\t<\/div>\n\t\t\t\t<div class=\"elementor-element elementor-element-c595e39 elementor-view-default elementor-position-block-start elementor-mobile-position-block-start elementor-widget elementor-widget-icon-box\" data-id=\"c595e39\" data-element_type=\"widget\" data-widget_type=\"icon-box.default\">\n\t\t\t\t<div class=\"elementor-widget-container\">\n\t\t\t\t\t\t\t<div class=\"elementor-icon-box-wrapper\">\n\n\t\t\t\t\t\t<div class=\"elementor-icon-box-icon\">\n\t\t\t\t<span  class=\"elementor-icon\">\n\t\t\t\t<svg aria-hidden=\"true\" class=\"e-font-icon-svg e-fas-newspaper\" viewBox=\"0 0 576 512\" xmlns=\"http:\/\/www.w3.org\/2000\/svg\"><path d=\"M552 64H88c-13.255 0-24 10.745-24 24v8H24c-13.255 0-24 10.745-24 24v272c0 30.928 25.072 56 56 56h472c26.51 0 48-21.49 48-48V88c0-13.255-10.745-24-24-24zM56 400a8 8 0 0 1-8-8V144h16v248a8 8 0 0 1-8 8zm236-16H140c-6.627 0-12-5.373-12-12v-8c0-6.627 5.373-12 12-12h152c6.627 0 12 5.373 12 12v8c0 6.627-5.373 12-12 12zm208 0H348c-6.627 0-12-5.373-12-12v-8c0-6.627 5.373-12 12-12h152c6.627 0 12 5.373 12 12v8c0 6.627-5.373 12-12 12zm-208-96H140c-6.627 0-12-5.373-12-12v-8c0-6.627 5.373-12 12-12h152c6.627 0 12 5.373 12 12v8c0 6.627-5.373 12-12 12zm208 0H348c-6.627 0-12-5.373-12-12v-8c0-6.627 5.373-12 12-12h152c6.627 0 12 5.373 12 12v8c0 6.627-5.373 12-12 12zm0-96H140c-6.627 0-12-5.373-12-12v-40c0-6.627 5.373-12 12-12h360c6.627 0 12 5.373 12 12v40c0 6.627-5.373 12-12 12z\"><\/path><\/svg>\t\t\t\t<\/span>\n\t\t\t<\/div>\n\t\t\t\n\t\t\t\t\t\t<div class=\"elementor-icon-box-content\">\n\n\t\t\t\t\t\t\t\t\t<h3 class=\"elementor-icon-box-title\">\n\t\t\t\t\t\t<span  >\n\t\t\t\t\t\t\tPapel Blanco y Color\t\t\t\t\t\t<\/span>\n\t\t\t\t\t<\/h3>\n\t\t\t\t\n\t\t\t\t\t\t\t\t\t<p class=\"elementor-icon-box-description\">\n\t\t\t\t\t\tHojas de papel usadas y sin usar, cuadernos, fotocopias, cartas y\npapel de colores.\t\t\t\t\t<\/p>\n\t\t\t\t\n\t\t\t<\/div>\n\t\t\t\n\t\t<\/div>\n\t\t\t\t\t\t<\/div>\n\t\t\t\t<\/div>\n\t\t\t\t\t<\/div>\n\t\t\t\t<\/div>\n\t\t<div class=\"elementor-element elementor-element-483b7dd e-flex e-con-boxed wpr-particle-no wpr-jarallax-no wpr-parallax-no wpr-sticky-section-no e-con e-parent\" data-id=\"483b7dd\" data-element_type=\"container\">\n\t\t\t\t\t<div class=\"e-con-inner\">\n\t\t\t\t<div class=\"elementor-element elementor-element-f9357ab elementor-widget elementor-widget-whitehall_about_services\" data-id=\"f9357ab\" data-element_type=\"widget\" data-widget_type=\"whitehall_about_services.default\">\n\t\t\t\t<div class=\"elementor-widget-container\">\n\t\t\t\t\t        \n        <!-- about-style-four -->\n        <div class=\"row\">\n        <section class=\"about-style-four sec-pad\">\n          \n            <div class=\"auto-container\">\n                <div class=\"row clearfix\">\n                    <div class=\"col-lg-8 col-md-12 col-sm-12 content-column\">\n                        <div class=\"content_block_6\">\n                            <div class=\"content-box\">\n                                <div class=\"sec-title\">\n\t\t\t\t\t\t\t\t\t\t\t\t\t\t\t\t\t\t\n                                    \t\t\t\t\t\t\t\t\t<h2>Infraestructura del Programa<\/h2>\n                                    <div class=\"title-shape\"><\/div>\n\t\t\t\t\t\t\t\t\t                                <\/div>\n                                <div class=\"text\">\n                                    <p>El programa cuenta con una red de 166 puntos verdes distribuidos estrat\u00e9gicamente en\ndistintos sectores de la comuna. Estos puntos verdes est\u00e1n equipados para recibir y\nalmacenar los residuos reciclables mencionados, facilitando el acceso de la comunidad al\nreciclaje y asegurando una gesti\u00f3n eficiente de los materiales recolectados. En detalle,\ncontamos con 33 puntos verdes para papel blanco y color, y 31 campanas para envases de\nvidrio.<\/p>\n                                <\/div>\n                                <div class=\"inner-box clearfix\">\n                                    <div class=\"left-column pull-left\" style=\"width:100%\">\n\t\t\t\t\t\t\t\t\t\t                                    <\/div>\n                                    \n                                <\/div>\n\t\t\t\t\t\t\t\t\n\t\t\t\t\t\t\t\t                            <\/div>\n                        <\/div>\n                    <\/div>\n                    <div class=\"col-lg-4 col-md-12 col-sm-12 content-column\">\n                        <div class=\"content_block_7\">\n                            <div class=\"content-box\">\n                                <div class=\"left-column\">\n                                    <div class=\"inner centred\">\n                                        <div class=\"icon-box\"><i class=\"icon flaticon-edit\"><\/i><\/div>\n                                        <h6><\/h6>\n                                        <h4><\/h4>\n                                    <\/div>\n\t\t\t\t\t\t\t\t\t\n\t\t\t\t\t\t\t\t\t                                    <ul class=\"list clearfix\">\n                                        \t\t\t\t\t\t\t\t\t\t<li>Invitamos a todos los ciudadanos de Ovalle a participar activamente en este programa, utilizando los puntos verdes disponibles y contribuyendo as\u00ed a la creaci\u00f3n de un entorno m\u00e1s limpio y sostenible para todos.<\/li>\n\t\t\t\t\t\t\t\t\t\t                                    <\/ul>\n\t\t\t\t\t\t\t\t\t                                <\/div>\n\n                            <\/div>\n                        <\/div>\n                    <\/div>\n                <\/div>\n            <\/div>\n          \n        <\/section>\n        <\/div>\n        <!-- about-style-four end -->\n\n        \t\t\t\t<\/div>\n\t\t\t\t<\/div>\n\t\t\t\t\t<\/div>\n\t\t\t\t<\/div>\n\t\t<div class=\"elementor-element elementor-element-18ef6db e-grid e-con-boxed wpr-particle-no wpr-jarallax-no wpr-parallax-no wpr-sticky-section-no e-con e-parent\" data-id=\"18ef6db\" data-element_type=\"container\">\n\t\t\t\t\t<div class=\"e-con-inner\">\n\t\t\t\t<div class=\"elementor-element elementor-element-4ec74e3 elementor-widget elementor-widget-whitehall_about_our_government\" data-id=\"4ec74e3\" data-element_type=\"widget\" data-widget_type=\"whitehall_about_our_government.default\">\n\t\t\t\t<div class=\"elementor-widget-container\">\n\t\t\t\t\t        \n        <!-- feature-section -->\n        <section class=\"feature-section sec-pad\" style=\"background-image: url();\">\n            <div class=\"auto-container\">\n                <div class=\"sec-title centred\">\n\t\t\t\t\t\n\t\t\t\t\t\t\t\t\t\t<h2>Encuentra tu contenedor<\/h2>\n\t\t\t\t\t<div class=\"title-shape\"><\/div>\n\t\t\t\t\t                <\/div>\n                <div class=\"row clearfix\">\n                                    <\/div>\n            <\/div>\n        <\/section>\n        <!-- feature-section end -->\n\n        \t\t\t\t<\/div>\n\t\t\t\t<\/div>\n\t\t\t\t\t<\/div>\n\t\t\t\t<\/div>\n\t\t<div class=\"elementor-element elementor-element-a20085f e-grid e-con-boxed wpr-particle-no wpr-jarallax-no wpr-parallax-no wpr-sticky-section-no e-con e-parent\" data-id=\"a20085f\" data-element_type=\"container\">\n\t\t\t\t\t<div class=\"e-con-inner\">\n\t\t\t\t<div class=\"elementor-element elementor-element-09169ce elementor-widget elementor-widget-html\" data-id=\"09169ce\" data-element_type=\"widget\" data-widget_type=\"html.default\">\n\t\t\t\t<div class=\"elementor-widget-container\">\n\t\t\t\t\t\n\n<iframe src=\"https:\/\/www.google.com\/maps\/d\/embed?mid=17XFztMxFI8KbSoxb8Dg9g1kuD-dO_DM&hl=es&ehbc=2E312F\" width=\"640\" height=\"480\"><\/iframe>\t\t\t\t<\/div>\n\t\t\t\t<\/div>\n\t\t\t\t<div class=\"elementor-element elementor-element-fcd8bad elementor-widget elementor-widget-html\" data-id=\"fcd8bad\" data-element_type=\"widget\" data-widget_type=\"html.default\">\n\t\t\t\t<div class=\"elementor-widget-container\">\n\t\t\t\t\t\n\n<iframe src=\"https:\/\/www.google.com\/maps\/d\/embed?mid=1n6trTY5UFfB58ZVcyFileHa9WZ0iOic&ehbc=2E312F\" width=\"640\" height=\"480\"><\/iframe>\t\t\t\t<\/div>\n\t\t\t\t<\/div>\n\t\t\t\t\t<\/div>\n\t\t\t\t<\/div>\n\t\t<div class=\"elementor-element elementor-element-9335a0e e-flex e-con-boxed wpr-particle-no wpr-jarallax-no wpr-parallax-no wpr-sticky-section-no e-con e-parent\" data-id=\"9335a0e\" data-element_type=\"container\">\n\t\t\t\t\t<div class=\"e-con-inner\">\n\t\t\t\t<div class=\"elementor-element elementor-element-303b32c elementor-widget elementor-widget-heading\" data-id=\"303b32c\" data-element_type=\"widget\" data-widget_type=\"heading.default\">\n\t\t\t\t<div class=\"elementor-widget-container\">\n\t\t\t\t\t<h2 class=\"elementor-heading-title elementor-size-default\">Para m\u00e1s informaci\u00f3n sobre los puntos verdes y c\u00f3mo participar en el programa de\nreciclaje, cont\u00e1ctanos en:<br><br>\n\n\nDirecci\u00f3n: Esquina de Av. Los Industriales con La N\u00f3e s\/n.\nTel\u00e9fonos: (53) 245 5990 - (53) 245 5991 - (53) 245 5992 - (53) 245 5993\nEmail: puntolimpioovalle@gmail.com<\/h2>\t\t\t\t<\/div>\n\t\t\t\t<\/div>\n\t\t\t\t\t<\/div>\n\t\t\t\t<\/div>\n\t\t\t\t<\/div>\n\t\t","protected":false},"excerpt":{"rendered":"<p>Programa de Reciclaje Urbano y Rural El Departamento de Medio Ambiente de la Ilustre Municipalidad de Ovalle, presenta su Programa de Reciclaje Urbano y Rural, una iniciativa clave para promover la gesti\u00f3n sostenible de residuos en nuestra comunidad. Este programa est\u00e1 dise\u00f1ado para abarcar tanto \u00e1reas urbanas como rurales, fomentando h\u00e1bitos de reciclaje y contribuyendo significativamente a la protecci\u00f3n del medio ambiente. . Encuentr\u00e1nos \u00bfQu\u00e9 residuos acopiamos y recolectamos? Nuestro programa se enfoca en la recolecci\u00f3n y acopio de los siguientes tipos de residuos: Botellas Pl\u00e1sticas PET1 Botellas Desechables, (tansparentes y de color) de bebidas, agua y jugos. Envases de Vidrio Botellas y frascos de vidrio, como los de jugos, bebidas alcoh\u00f3licas y perfumes. Papel Blanco y Color Hojas de papel usadas y sin usar, cuadernos, fotocopias, cartas y papel de colores. Infraestructura del Programa El programa cuenta con una red de 166 puntos verdes distribuidos estrat\u00e9gicamente en distintos sectores de la comuna. Estos puntos verdes est\u00e1n equipados para recibir y almacenar los residuos reciclables mencionados, facilitando el acceso de la comunidad al reciclaje y asegurando una gesti\u00f3n eficiente de los materiales recolectados. En detalle, contamos con 33 puntos verdes para papel blanco y color, y 31 campanas para envases de vidrio. Invitamos a todos los ciudadanos de Ovalle a participar activamente en este programa, utilizando los puntos verdes disponibles y contribuyendo as\u00ed a la creaci\u00f3n de un entorno m\u00e1s limpio y sostenible para todos. Encuentra tu contenedor Para m\u00e1s informaci\u00f3n sobre los puntos verdes y c\u00f3mo participar en el programa de reciclaje, cont\u00e1ctanos en: Direcci\u00f3n: Esquina de Av. Los Industriales con La N\u00f3e s\/n. Tel\u00e9fonos: (53) 245 5990 &#8211; (53) 245 5991 &#8211; (53) 245 5992 &#8211; (53) 245 5993 Email: puntolimpioovalle@gmail.com<\/p>\n","protected":false},"author":1,"featured_media":0,"parent":4628,"menu_order":0,"comment_status":"closed","ping_status":"closed","template":"","meta":{"_vp_format_video_url":"","_vp_image_focal_point":[],"footnotes":""},"class_list":["post-7037","page","type-page","status-publish","hentry"],"_links":{"self":[{"href":"https:\/\/muniovalle.cl\/sitio\/wp-json\/wp\/v2\/pages\/7037","targetHints":{"allow":["GET"]}}],"collection":[{"href":"https:\/\/muniovalle.cl\/sitio\/wp-json\/wp\/v2\/pages"}],"about":[{"href":"https:\/\/muniovalle.cl\/sitio\/wp-json\/wp\/v2\/types\/page"}],"author":[{"embeddable":true,"href":"https:\/\/muniovalle.cl\/sitio\/wp-json\/wp\/v2\/users\/1"}],"replies":[{"embeddable":true,"href":"https:\/\/muniovalle.cl\/sitio\/wp-json\/wp\/v2\/comments?post=7037"}],"version-history":[{"count":46,"href":"https:\/\/muniovalle.cl\/sitio\/wp-json\/wp\/v2\/pages\/7037\/revisions"}],"predecessor-version":[{"id":9843,"href":"https:\/\/muniovalle.cl\/sitio\/wp-json\/wp\/v2\/pages\/7037\/revisions\/9843"}],"up":[{"embeddable":true,"href":"https:\/\/muniovalle.cl\/sitio\/wp-json\/wp\/v2\/pages\/4628"}],"wp:attachment":[{"href":"https:\/\/muniovalle.cl\/sitio\/wp-json\/wp\/v2\/media?parent=7037"}],"curies":[{"name":"wp","href":"https:\/\/api.w.org\/{rel}","templated":true}]}}