{"id":5455,"date":"2024-06-14T13:24:13","date_gmt":"2024-06-14T17:24:13","guid":{"rendered":"https:\/\/muniovalle.cl\/sitio\/?page_id=5455"},"modified":"2024-06-14T13:33:18","modified_gmt":"2024-06-14T17:33:18","slug":"protocolos-justicia","status":"publish","type":"page","link":"https:\/\/muniovalle.cl\/sitio\/servicios\/juzgado-de-policia\/protocolos-justicia\/","title":{"rendered":"Protocolos de acceso a la justicia de grupos vulnerables en Juzgado de Polic\u00eda de Ovalle"},"content":{"rendered":"\t\t<div data-elementor-type=\"wp-page\" data-elementor-id=\"5455\" class=\"elementor elementor-5455\">\n\t\t\t\t<div class=\"elementor-element elementor-element-682ad5d e-flex e-con-boxed wpr-particle-no wpr-jarallax-no wpr-parallax-no wpr-sticky-section-no e-con e-parent\" data-id=\"682ad5d\" data-element_type=\"container\">\n\t\t\t\t\t<div class=\"e-con-inner\">\n\t\t<div class=\"elementor-element elementor-element-6ebb613 e-con-full e-flex wpr-particle-no wpr-jarallax-no wpr-parallax-no wpr-sticky-section-no e-con e-child\" data-id=\"6ebb613\" data-element_type=\"container\">\n\t\t\t\t<div class=\"elementor-element elementor-element-fb75fd3 elementor-widget elementor-widget-html\" data-id=\"fb75fd3\" data-element_type=\"widget\" data-widget_type=\"html.default\">\n\t\t\t\t<div class=\"elementor-widget-container\">\n\t\t\t\t\t<style>\n.card-header{\n    background: #3232B2;\n\n}\n\n.texto{\n    text-align: justify;\n}\n<\/style>\n\n<link rel=\"stylesheet\" href=\"https:\/\/cdnjs.cloudflare.com\/ajax\/libs\/font-awesome\/4.7.0\/css\/font-awesome.min.css\">\n\n<div class=\"blog-sidebar2\">\n\n\t\t<div id=\"whitehall_contact_info-4\" class=\"widget sidebar-widget single-sidebar widget_whitehall_contact_info\">        \n\t\t\t<div class=\"contact-widget\">\n\t\t\t\t<div class=\"widget-title\"><h3>PROTOCOLOS DE ACCESO A LA JUSTICIA DE GRUPOS VULNERABLES<\/h3><\/div>\t\t\t<div class=\"widget-content\">\n\t\t\t\t\t\t\t\t\t\t\t\n\t\t\t\t\t\t\n\t\t\t\t\t\t<p class=\"texto\">\n\t\t\t\t\t\t    El Juzgado de Polic\u00eda Local de Ovalle, busca implementar medidas para resguardar el derecho de acceso a la justicia de todas las personas de la comuna. Para ello, el tribunal adapt\u00f3 los protocolos de acceso a la justicia proporcionados por la Corte Suprema de Chile, y creo un protocolo de aplicaci\u00f3n, espec\u00edficamente enfocado nuestro quehacer jurisdiccional.\n\nEl objetivo es asegurar el debido respecto de los derechos humanos de los siguientes grupos:<br><br>\n\n\n1) Personas con Discapacidad.<br><br>\n\n2) Ni\u00f1os, ni\u00f1as y Adolescentes.<br><br>\n\n3) Personas Migrante y sujetas a Protecci\u00f3n Internacional.<br><br>\n\n4) Personas, pueblos y comunidades Ind\u00edgenas.<br><br>\n\n5) Mujeres v\u00edctimas de violencia de g\u00e9nero.<br><br>\n\n6) Personas pertenecientes a la comunidad LBGTIQ+.<br><br>\n\n7) Personas amparadas por la Ley N\u00b0 21.559.<br><br>\n\nEsperamos que estas herramientas, que ponemos al servicio de la comunidad de Ovalle, puedan ser consultados en todos aquellos casos que involucren a personas pertenecientes a los grupos vulnerables, proporcionando reglas de actuaci\u00f3n y mecanismos de tutela efectiva que aseguren una mayor protecci\u00f3n en su acceso a la justicia.<br>\n\t\t\t\t\t\t\t\n\t\t\t\t\t\t<\/p>\n\t\t\t    \n\t\t\t    \n\t\t\t\t<\/div>\n\t\t\t<\/div>\n\t\t\t\n\t\t<\/div>\n\n\n\n<\/div>\t\t\t\t<\/div>\n\t\t\t\t<\/div>\n\t\t\t\t<\/div>\n\t\t<div class=\"elementor-element elementor-element-fc8b6e6 e-con-full e-flex wpr-particle-no wpr-jarallax-no wpr-parallax-no wpr-sticky-section-no e-con e-child\" data-id=\"fc8b6e6\" data-element_type=\"container\">\n\t\t\t\t<div class=\"elementor-element elementor-element-7f5a883 elementor-widget elementor-widget-html\" data-id=\"7f5a883\" data-element_type=\"widget\" data-widget_type=\"html.default\">\n\t\t\t\t<div class=\"elementor-widget-container\">\n\t\t\t\t\t<style>\n.card-header{\n    background: #3232B2;\n}\n<\/style>\n\n<link rel=\"stylesheet\" href=\"https:\/\/cdnjs.cloudflare.com\/ajax\/libs\/font-awesome\/4.7.0\/css\/font-awesome.min.css\">\n\n<div class=\"blog-sidebar\">\n\n\t\t<div id=\"whitehall_contact_info-4\" class=\"widget sidebar-widget single-sidebar widget_whitehall_contact_info\">        \n\t\t\t<div class=\"contact-widget\">\n\t\t\t\t<div class=\"widget-title\"><h3>DESCARGAS EN FORMATO PDF<\/h3><\/div>\t\t\t<div class=\"widget-content\">\n\t\t\t\t\t<ul class=\"info clearfix\">\n\t\t\t\t\t\t\t\t\t\t\t<li>\n\t\t\t\t\t\t\t<h5><i class=\"fa fa-file-pdf-o\" style=\"font-size:20px\"><\/i>&nbsp;&nbsp; Propuesta de Implementaci\u00f3n de Portocolos de Acceso de la Justicia de grupos vulnerables en el Juzgado de Polic\u00eda de Ovalle<\/h5>\n\t\t\t\t\t\t\t<p><a href=\"https:\/\/muniovalle.cl\/sitio\/wp-content\/uploads\/2024\/06\/PROPUESTA-DE-IMPLEMENTACION-DE-PROTOCOLOS-DE-ACCESO-A-LA-JUSTICIA-DE-GRUPOS-VULNERABLES-EN-JUZGADO-DE-POLICIA-LOCAL.pdf\"target=\"_blank\">DESCARGAR <\/a><\/p>\n\t\n\t\t\t\t\t\t\n\t\t\t\t\t\t\t\t\t\t<\/ul>\n\t\t\t\t<\/div>\n\t\t\t<\/div>\n\t\t\t\n\t\t<\/div>\n\n<\/div>\t\t\t\t<\/div>\n\t\t\t\t<\/div>\n\t\t\t\t<\/div>\n\t\t\t\t\t<\/div>\n\t\t\t\t<\/div>\n\t\t\t\t<\/div>\n\t\t","protected":false},"excerpt":{"rendered":"<p>PROTOCOLOS DE ACCESO A LA JUSTICIA DE GRUPOS VULNERABLES El Juzgado de Polic\u00eda Local de Ovalle, busca implementar medidas para resguardar el derecho de acceso a la justicia de todas las personas de la comuna. Para ello, el tribunal adapt\u00f3 los protocolos de acceso a la justicia proporcionados por la Corte Suprema de Chile, y creo un protocolo de aplicaci\u00f3n, espec\u00edficamente enfocado nuestro quehacer jurisdiccional. El objetivo es asegurar el debido respecto de los derechos humanos de los siguientes grupos: 1) Personas con Discapacidad. 2) Ni\u00f1os, ni\u00f1as y Adolescentes. 3) Personas Migrante y sujetas a Protecci\u00f3n Internacional. 4) Personas, pueblos y comunidades Ind\u00edgenas. 5) Mujeres v\u00edctimas de violencia de g\u00e9nero. 6) Personas pertenecientes a la comunidad LBGTIQ+. 7) Personas amparadas por la Ley N\u00b0 21.559. Esperamos que estas herramientas, que ponemos al servicio de la comunidad de Ovalle, puedan ser consultados en todos aquellos casos que involucren a personas pertenecientes a los grupos vulnerables, proporcionando reglas de actuaci\u00f3n y mecanismos de tutela efectiva que aseguren una mayor protecci\u00f3n en su acceso a la justicia. DESCARGAS EN FORMATO PDF &nbsp;&nbsp; Propuesta de Implementaci\u00f3n de Portocolos de Acceso de la Justicia de grupos vulnerables en el Juzgado de Polic\u00eda de Ovalle DESCARGAR<\/p>\n","protected":false},"author":1,"featured_media":0,"parent":4319,"menu_order":0,"comment_status":"closed","ping_status":"closed","template":"","meta":{"_vp_format_video_url":"","_vp_image_focal_point":[],"footnotes":""},"class_list":["post-5455","page","type-page","status-publish","hentry"],"_links":{"self":[{"href":"https:\/\/muniovalle.cl\/sitio\/wp-json\/wp\/v2\/pages\/5455","targetHints":{"allow":["GET"]}}],"collection":[{"href":"https:\/\/muniovalle.cl\/sitio\/wp-json\/wp\/v2\/pages"}],"about":[{"href":"https:\/\/muniovalle.cl\/sitio\/wp-json\/wp\/v2\/types\/page"}],"author":[{"embeddable":true,"href":"https:\/\/muniovalle.cl\/sitio\/wp-json\/wp\/v2\/users\/1"}],"replies":[{"embeddable":true,"href":"https:\/\/muniovalle.cl\/sitio\/wp-json\/wp\/v2\/comments?post=5455"}],"version-history":[{"count":4,"href":"https:\/\/muniovalle.cl\/sitio\/wp-json\/wp\/v2\/pages\/5455\/revisions"}],"predecessor-version":[{"id":5462,"href":"https:\/\/muniovalle.cl\/sitio\/wp-json\/wp\/v2\/pages\/5455\/revisions\/5462"}],"up":[{"embeddable":true,"href":"https:\/\/muniovalle.cl\/sitio\/wp-json\/wp\/v2\/pages\/4319"}],"wp:attachment":[{"href":"https:\/\/muniovalle.cl\/sitio\/wp-json\/wp\/v2\/media?parent=5455"}],"curies":[{"name":"wp","href":"https:\/\/api.w.org\/{rel}","templated":true}]}}