{"id":5331,"date":"2024-06-13T20:47:43","date_gmt":"2024-06-14T00:47:43","guid":{"rendered":"https:\/\/muniovalle.cl\/sitio\/?page_id=5331"},"modified":"2025-03-06T15:16:36","modified_gmt":"2025-03-06T18:16:36","slug":"documentos","status":"publish","type":"page","link":"https:\/\/muniovalle.cl\/sitio\/documentos\/","title":{"rendered":"Documentos Descargables"},"content":{"rendered":"\t\t<div data-elementor-type=\"wp-page\" data-elementor-id=\"5331\" class=\"elementor elementor-5331\">\n\t\t\t\t<div class=\"elementor-element elementor-element-b884893 e-grid e-con-boxed wpr-particle-no wpr-jarallax-no wpr-parallax-no wpr-sticky-section-no e-con e-parent\" data-id=\"b884893\" data-element_type=\"container\">\n\t\t\t\t\t<div class=\"e-con-inner\">\n\t\t\t\t<div class=\"elementor-element elementor-element-5e39575 elementor-widget elementor-widget-heading\" data-id=\"5e39575\" data-element_type=\"widget\" data-widget_type=\"heading.default\">\n\t\t\t\t<div class=\"elementor-widget-container\">\n\t\t\t\t\t<h3 class=\"elementor-heading-title elementor-size-default\">Documentos Descargables<\/h3>\t\t\t\t<\/div>\n\t\t\t\t<\/div>\n\t\t\t\t\t<\/div>\n\t\t\t\t<\/div>\n\t\t<div class=\"elementor-element elementor-element-ad72aaa e-grid e-con-boxed wpr-particle-no wpr-jarallax-no wpr-parallax-no wpr-sticky-section-no e-con e-parent\" data-id=\"ad72aaa\" data-element_type=\"container\">\n\t\t\t\t\t<div class=\"e-con-inner\">\n\t\t<div class=\"elementor-element elementor-element-41d8269 e-con-full e-flex wpr-particle-no wpr-jarallax-no wpr-parallax-no wpr-sticky-section-no e-con e-child\" data-id=\"41d8269\" data-element_type=\"container\">\n\t\t\t\t<div class=\"elementor-element elementor-element-312894b elementor-widget elementor-widget-whitehall_recent_documents_v1\" data-id=\"312894b\" data-element_type=\"widget\" data-widget_type=\"whitehall_recent_documents_v1.default\">\n\t\t\t\t<div class=\"elementor-widget-container\">\n\t\t\t\t\t        \n        <!-- explore-banner -->\n        <div class=\"explore-banner bg-color-1\">\n            <div class=\"auto-container\">\n                <div class=\"inner-container clearfix\">\n                    <div class=\"single-item\">\n                        <div class=\"title-box\">\n                            <h3>Ordenanzas Municipales<\/h3>\n                            <p><\/p>\n                        <\/div>\n                    <\/div>\n\t\t\t\t\t\n\t\t\t\t\t                    <div class=\"single-item\">\n                        <div class=\"inner-box\">\n                            <figure class=\"icon-box\"><img decoding=\"async\" src=\"https:\/\/muniovalle.cl\/sitio\/wp-content\/uploads\/2024\/06\/encontrar1.png\" alt=\"Icon Image\"><\/figure>\n                            <h4>Derechos municipales por permisos de concesiones varias 2024<\/h4>\n                            <p><a href=\"https:\/\/muniovalle.cl\/sitio\/wp-content\/uploads\/2024\/06\/5229.pdf\">DESCARGAR<\/a><\/p>\n                        <\/div>\n                    <\/div>\n                                        <div class=\"single-item\">\n                        <div class=\"inner-box\">\n                            <figure class=\"icon-box\"><img decoding=\"async\" src=\"https:\/\/muniovalle.cl\/sitio\/wp-content\/uploads\/2024\/06\/encontrar1.png\" alt=\"Icon Image\"><\/figure>\n                            <h4>Rectificaci\u00f3n Ordenanza Municipal sobre tenencia responsable de mascotas<\/h4>\n                            <p><a href=\"http:\/\/transparenciaovalle.cl\/documentos\/07Terceros\/Decretos\/2023\/enero\/246.pdf\">DESCARGAR<\/a><\/p>\n                        <\/div>\n                    <\/div>\n                                        <div class=\"single-item\">\n                        <div class=\"inner-box\">\n                            <figure class=\"icon-box\"><img decoding=\"async\" src=\"https:\/\/muniovalle.cl\/sitio\/wp-content\/uploads\/2024\/06\/encontrar1.png\" alt=\"Icon Image\"><\/figure>\n                            <h4>Ordenanza de previene, proh\u00edbe y sanciona el acoso callejero<\/h4>\n                            <p><a href=\"http:\/\/transparenciaovalle.cl\/documentos\/07Terceros\/Decretos\/2022\/junio\/2863.pdf\">DESCARGAR<\/a><\/p>\n                        <\/div>\n                    <\/div>\n                                        <div class=\"single-item\">\n                        <div class=\"inner-box\">\n                            <figure class=\"icon-box\"><img decoding=\"async\" src=\"https:\/\/muniovalle.cl\/sitio\/wp-content\/uploads\/2024\/06\/encontrar1.png\" alt=\"Icon Image\"><\/figure>\n                            <h4>Ordenanza sobre uso de espacios p\u00fablicos en la comuna de Ovalle<\/h4>\n                            <p><a href=\"http:\/\/transparenciaovalle.cl\/documentos\/07Terceros\/Decretos\/2021\/junio\/4898.pdf\">DESCARGAR<\/a><\/p>\n                        <\/div>\n                    <\/div>\n                                        <div class=\"single-item\">\n                        <div class=\"inner-box\">\n                            <figure class=\"icon-box\"><img decoding=\"async\" src=\"https:\/\/muniovalle.cl\/sitio\/wp-content\/uploads\/2024\/06\/encontrar1.png\" alt=\"Icon Image\"><\/figure>\n                            <h4>Ordenanza Municipal sobre tenencia responsable de mascotas y animales de compa\u00f1ia<\/h4>\n                            <p><a href=\"http:\/\/transparenciaovalle.cl\/documentos\/07Terceros\/Decretos\/2022\/diciembre\/6728.pdf\">DESCARGAR<\/a><\/p>\n                        <\/div>\n                    <\/div>\n                                    <\/div>\n            <\/div>\n        <\/div>\n        <!-- explore-banner end -->\n\n        \t\t\t\t<\/div>\n\t\t\t\t<\/div>\n\t\t\t\t<\/div>\n\t\t\t\t\t<\/div>\n\t\t\t\t<\/div>\n\t\t<div class=\"elementor-element elementor-element-ac451dd e-grid e-con-boxed wpr-particle-no wpr-jarallax-no wpr-parallax-no wpr-sticky-section-no e-con e-parent\" data-id=\"ac451dd\" data-element_type=\"container\">\n\t\t\t\t\t<div class=\"e-con-inner\">\n\t\t<div class=\"elementor-element elementor-element-4c78993 e-con-full e-flex wpr-particle-no wpr-jarallax-no wpr-parallax-no wpr-sticky-section-no e-con e-child\" data-id=\"4c78993\" data-element_type=\"container\">\n\t\t\t\t<div class=\"elementor-element elementor-element-4953509 elementor-widget elementor-widget-whitehall_recent_documents_v1\" data-id=\"4953509\" data-element_type=\"widget\" data-widget_type=\"whitehall_recent_documents_v1.default\">\n\t\t\t\t<div class=\"elementor-widget-container\">\n\t\t\t\t\t        \n        <!-- explore-banner -->\n        <div class=\"explore-banner bg-color-1\">\n            <div class=\"auto-container\">\n                <div class=\"inner-container clearfix\">\n                    <div class=\"single-item\">\n                        <div class=\"title-box\">\n                            <h3>Plan Regulador<\/h3>\n                            <p><\/p>\n                        <\/div>\n                    <\/div>\n\t\t\t\t\t\n\t\t\t\t\t                    <div class=\"single-item\">\n                        <div class=\"inner-box\">\n                            <figure class=\"icon-box\"><img decoding=\"async\" src=\"https:\/\/muniovalle.cl\/sitio\/wp-content\/uploads\/2024\/06\/encontrar1.png\" alt=\"Icon Image\"><\/figure>\n                            <h4>Ordenanza Plano Regulador Comunal de Ovalle (PRCO)<\/h4>\n                            <p><a href=\"https:\/\/muniovalle.cl\/sitio\/wp-content\/uploads\/2024\/05\/PRCO-07-09-2016_pdf_compressed.pdf\">DESCARGAR<\/a><\/p>\n                        <\/div>\n                    <\/div>\n                                        <div class=\"single-item\">\n                        <div class=\"inner-box\">\n                            <figure class=\"icon-box\"><img decoding=\"async\" src=\"https:\/\/muniovalle.cl\/sitio\/wp-content\/uploads\/2024\/06\/encontrar1.png\" alt=\"Icon Image\"><\/figure>\n                            <h4>Ordenanza Local del Plano Regulador Comunal de Ovalle<\/h4>\n                            <p><a href=\"https:\/\/muniovalle.cl\/sitio\/wp-content\/uploads\/2024\/05\/PRC_OVALLE_ORDENANZA_LOCAL_Septiembre_2015.pdf\">DESCARGAR<\/a><\/p>\n                        <\/div>\n                    <\/div>\n                                        <div class=\"single-item\">\n                        <div class=\"inner-box\">\n                            <figure class=\"icon-box\"><img decoding=\"async\" src=\"https:\/\/muniovalle.cl\/sitio\/wp-content\/uploads\/2024\/06\/encontrar1.png\" alt=\"Icon Image\"><\/figure>\n                            <h4>Ordenanza Plano Regulador Intercomunal de Ovalle (PRI Limari)<\/h4>\n                            <p><a href=\"https:\/\/muniovalle.cl\/sitio\/wp-content\/uploads\/2024\/05\/Ordenanza-PRI-Limari_30-Diciembre-2013.pdf\">DESCARGAR<\/a><\/p>\n                        <\/div>\n                    <\/div>\n                                        <div class=\"single-item\">\n                        <div class=\"inner-box\">\n                            <figure class=\"icon-box\"><img decoding=\"async\" src=\"https:\/\/muniovalle.cl\/sitio\/wp-content\/uploads\/2024\/06\/encontrar1.png\" alt=\"Icon Image\"><\/figure>\n                            <h4>Ordenanza Local del Plano Regulador Intercomunal de Ovalle (PRI Limari)<\/h4>\n                            <p><a href=\"https:\/\/muniovalle.cl\/sitio\/wp-content\/uploads\/2024\/05\/SECTORES-50.000-Ovalle.pdf\">DESCARGAR<\/a><\/p>\n                        <\/div>\n                    <\/div>\n                                    <\/div>\n            <\/div>\n        <\/div>\n        <!-- explore-banner end -->\n\n        \t\t\t\t<\/div>\n\t\t\t\t<\/div>\n\t\t\t\t<\/div>\n\t\t\t\t\t<\/div>\n\t\t\t\t<\/div>\n\t\t<div class=\"elementor-element elementor-element-382c046 e-grid e-con-boxed wpr-particle-no wpr-jarallax-no wpr-parallax-no wpr-sticky-section-no e-con e-parent\" data-id=\"382c046\" data-element_type=\"container\">\n\t\t\t\t\t<div class=\"e-con-inner\">\n\t\t<div class=\"elementor-element elementor-element-d5c793a e-con-full e-flex wpr-particle-no wpr-jarallax-no wpr-parallax-no wpr-sticky-section-no e-con e-child\" data-id=\"d5c793a\" data-element_type=\"container\">\n\t\t\t\t<div class=\"elementor-element elementor-element-55db98f elementor-widget elementor-widget-whitehall_recent_documents_v1\" data-id=\"55db98f\" data-element_type=\"widget\" data-widget_type=\"whitehall_recent_documents_v1.default\">\n\t\t\t\t<div class=\"elementor-widget-container\">\n\t\t\t\t\t        \n        <!-- explore-banner -->\n        <div class=\"explore-banner bg-color-1\">\n            <div class=\"auto-container\">\n                <div class=\"inner-container clearfix\">\n                    <div class=\"single-item\">\n                        <div class=\"title-box\">\n                            <h3>OIRS<\/h3>\n                            <p><\/p>\n                        <\/div>\n                    <\/div>\n\t\t\t\t\t\n\t\t\t\t\t                    <div class=\"single-item\">\n                        <div class=\"inner-box\">\n                            <figure class=\"icon-box\"><img decoding=\"async\" src=\"https:\/\/muniovalle.cl\/sitio\/wp-content\/uploads\/2024\/06\/encontrar1.png\" alt=\"Icon Image\"><\/figure>\n                            <h4>Formulario de Reclamos<\/h4>\n                            <p><a href=\"https:\/\/muniovalle.cl\/sitio\/wp-content\/uploads\/2024\/06\/FORMULARIO-DE-OIRS-RECLAMO.docx\">DESCARGAR<\/a><\/p>\n                        <\/div>\n                    <\/div>\n                                        <div class=\"single-item\">\n                        <div class=\"inner-box\">\n                            <figure class=\"icon-box\"><img decoding=\"async\" src=\"https:\/\/muniovalle.cl\/sitio\/wp-content\/uploads\/2024\/06\/encontrar1.png\" alt=\"Icon Image\"><\/figure>\n                            <h4>Formulario de Sugerencias y Felicitaciones<\/h4>\n                            <p><a href=\"https:\/\/muniovalle.cl\/sitio\/wp-content\/uploads\/2024\/06\/formulario-de-sugerencia-y-felicitaciones.docx\">DESCARGAR<\/a><\/p>\n                        <\/div>\n                    <\/div>\n                                        <div class=\"single-item\">\n                        <div class=\"inner-box\">\n                            <figure class=\"icon-box\"><img decoding=\"async\" src=\"https:\/\/muniovalle.cl\/sitio\/wp-content\/uploads\/2024\/06\/encontrar1.png\" alt=\"Icon Image\"><\/figure>\n                            <h4>Formulario Solicitud de informaci\u00f3n mapudungun<\/h4>\n                            <p><a href=\"https:\/\/muniovalle.cl\/sitio\/wp-content\/uploads\/2024\/06\/Formulario-Solicitud-de-informacion-mapudungun.doc\">DESCARGAR<\/a><\/p>\n                        <\/div>\n                    <\/div>\n                                    <\/div>\n            <\/div>\n        <\/div>\n        <!-- explore-banner end -->\n\n        \t\t\t\t<\/div>\n\t\t\t\t<\/div>\n\t\t\t\t<\/div>\n\t\t\t\t\t<\/div>\n\t\t\t\t<\/div>\n\t\t<div class=\"elementor-element elementor-element-7900a6d e-grid e-con-boxed wpr-particle-no wpr-jarallax-no wpr-parallax-no wpr-sticky-section-no e-con e-parent\" data-id=\"7900a6d\" data-element_type=\"container\">\n\t\t\t\t\t<div class=\"e-con-inner\">\n\t\t<div class=\"elementor-element elementor-element-bf19043 e-con-full e-flex wpr-particle-no wpr-jarallax-no wpr-parallax-no wpr-sticky-section-no e-con e-child\" data-id=\"bf19043\" data-element_type=\"container\">\n\t\t\t\t<div class=\"elementor-element elementor-element-e0610e4 elementor-widget elementor-widget-whitehall_recent_documents_v1\" data-id=\"e0610e4\" data-element_type=\"widget\" data-widget_type=\"whitehall_recent_documents_v1.default\">\n\t\t\t\t<div class=\"elementor-widget-container\">\n\t\t\t\t\t        \n        <!-- explore-banner -->\n        <div class=\"explore-banner bg-color-1\">\n            <div class=\"auto-container\">\n                <div class=\"inner-container clearfix\">\n                    <div class=\"single-item\">\n                        <div class=\"title-box\">\n                            <h3>Cuenta P\u00fablica <\/h3>\n                            <p><\/p>\n                        <\/div>\n                    <\/div>\n\t\t\t\t\t\n\t\t\t\t\t                    <div class=\"single-item\">\n                        <div class=\"inner-box\">\n                            <figure class=\"icon-box\"><img decoding=\"async\" src=\"https:\/\/muniovalle.cl\/sitio\/wp-content\/uploads\/2024\/06\/encontrar1.png\" alt=\"Icon Image\"><\/figure>\n                            <h4>Cuenta P\u00fablica 2023<\/h4>\n                            <p><a href=\"https:\/\/muniovalle.cl\/sitio\/wp-content\/uploads\/2024\/05\/Informe-final-Cuenta-Publica-2023-ok.pdf\">DESCARGAR<\/a><\/p>\n                        <\/div>\n                    <\/div>\n                                    <\/div>\n            <\/div>\n        <\/div>\n        <!-- explore-banner end -->\n\n        \t\t\t\t<\/div>\n\t\t\t\t<\/div>\n\t\t\t\t<\/div>\n\t\t\t\t\t<\/div>\n\t\t\t\t<\/div>\n\t\t\t\t<\/div>\n\t\t","protected":false},"excerpt":{"rendered":"<p>Documentos Descargables Ordenanzas Municipales Derechos municipales por permisos de concesiones varias 2024 DESCARGAR Rectificaci\u00f3n Ordenanza Municipal sobre tenencia responsable de mascotas DESCARGAR Ordenanza de previene, proh\u00edbe y sanciona el acoso callejero DESCARGAR Ordenanza sobre uso de espacios p\u00fablicos en la comuna de Ovalle DESCARGAR Ordenanza Municipal sobre tenencia responsable de mascotas y animales de compa\u00f1ia DESCARGAR Plan Regulador Ordenanza Plano Regulador Comunal de Ovalle (PRCO) DESCARGAR Ordenanza Local del Plano Regulador Comunal de Ovalle DESCARGAR Ordenanza Plano Regulador Intercomunal de Ovalle (PRI Limari) DESCARGAR Ordenanza Local del Plano Regulador Intercomunal de Ovalle (PRI Limari) DESCARGAR OIRS Formulario de Reclamos DESCARGAR Formulario de Sugerencias y Felicitaciones DESCARGAR Formulario Solicitud de informaci\u00f3n mapudungun DESCARGAR Cuenta P\u00fablica Cuenta P\u00fablica 2023 DESCARGAR<\/p>\n","protected":false},"author":1,"featured_media":0,"parent":0,"menu_order":0,"comment_status":"closed","ping_status":"closed","template":"elementor_header_footer","meta":{"_vp_format_video_url":"","_vp_image_focal_point":[],"footnotes":""},"class_list":["post-5331","page","type-page","status-publish","hentry"],"_links":{"self":[{"href":"https:\/\/muniovalle.cl\/sitio\/wp-json\/wp\/v2\/pages\/5331","targetHints":{"allow":["GET"]}}],"collection":[{"href":"https:\/\/muniovalle.cl\/sitio\/wp-json\/wp\/v2\/pages"}],"about":[{"href":"https:\/\/muniovalle.cl\/sitio\/wp-json\/wp\/v2\/types\/page"}],"author":[{"embeddable":true,"href":"https:\/\/muniovalle.cl\/sitio\/wp-json\/wp\/v2\/users\/1"}],"replies":[{"embeddable":true,"href":"https:\/\/muniovalle.cl\/sitio\/wp-json\/wp\/v2\/comments?post=5331"}],"version-history":[{"count":67,"href":"https:\/\/muniovalle.cl\/sitio\/wp-json\/wp\/v2\/pages\/5331\/revisions"}],"predecessor-version":[{"id":9469,"href":"https:\/\/muniovalle.cl\/sitio\/wp-json\/wp\/v2\/pages\/5331\/revisions\/9469"}],"wp:attachment":[{"href":"https:\/\/muniovalle.cl\/sitio\/wp-json\/wp\/v2\/media?parent=5331"}],"curies":[{"name":"wp","href":"https:\/\/api.w.org\/{rel}","templated":true}]}}