{"id":4739,"date":"2024-06-10T12:34:28","date_gmt":"2024-06-10T16:34:28","guid":{"rendered":"https:\/\/muniovalle.cl\/sitio\/?page_id=4739"},"modified":"2024-06-10T12:36:26","modified_gmt":"2024-06-10T16:36:26","slug":"preguntas-juzgado","status":"publish","type":"page","link":"https:\/\/muniovalle.cl\/sitio\/preguntas-juzgado\/","title":{"rendered":"Preguntas Juzgado"},"content":{"rendered":"\t\t<div data-elementor-type=\"wp-page\" data-elementor-id=\"4739\" class=\"elementor elementor-4739\">\n\t\t\t\t<div class=\"elementor-element elementor-element-795c082 e-grid e-con-boxed wpr-particle-no wpr-jarallax-no wpr-parallax-no wpr-sticky-section-no e-con e-parent\" data-id=\"795c082\" data-element_type=\"container\">\n\t\t\t\t\t<div class=\"e-con-inner\">\n\t\t\t\t<div class=\"elementor-element elementor-element-537cb25 elementor-widget elementor-widget-heading\" data-id=\"537cb25\" data-element_type=\"widget\" data-widget_type=\"heading.default\">\n\t\t\t\t<div class=\"elementor-widget-container\">\n\t\t\t\t\t<h2 class=\"elementor-heading-title elementor-size-default\">Preguntas Juzgado<\/h2>\t\t\t\t<\/div>\n\t\t\t\t<\/div>\n\t\t\t\t\t<\/div>\n\t\t\t\t<\/div>\n\t\t<div class=\"elementor-element elementor-element-a22a2e7 e-grid e-con-full wpr-particle-no wpr-jarallax-no wpr-parallax-no wpr-sticky-section-no e-con e-parent\" data-id=\"a22a2e7\" data-element_type=\"container\">\n\t\t\t\t<div class=\"elementor-element elementor-element-e5bd2f0 elementor-widget elementor-widget-whitehall_faqs_v2\" data-id=\"e5bd2f0\" data-element_type=\"widget\" data-widget_type=\"whitehall_faqs_v2.default\">\n\t\t\t\t<div class=\"elementor-widget-container\">\n\t\t\t\t\t\n\t\t<!-- faq-page-section -->\n        <section class=\"faq-page-section faq-section sec-pad\">\n            <div class=\"auto-container\">\n                <div class=\"sec-title centred\">\n\t\t\t\t\t\n\t\t\t\t\t                <\/div>\n                <div class=\"row clearfix\">\n                    <div class=\"col-lg-4 col-md-12 col-sm-12 sidebar-side\">\n                        <div class=\"faq-sidebar\">\n                                                        <div class=\"single-item\">\n                                <span>5<\/span>\n                                <div class=\"icon-box\"><i class=\"fa fa-file-certificate\"><\/i><\/div>\n                                <h4>Patentes Comerciales<\/h4>\n                                <p><a href=\"\">Ver Preguntas <i class=\"flaticon-right-arrow\"><\/i><\/a><\/p>\n\t\t\t\t\t\t\t\t\n\t\t\t\t\t\t\t\t\n                               \n                                \n                            <\/div>\n\t\t\t\t\t\t\t                            <div class=\"single-item\">\n                                <span>6<\/span>\n                                <div class=\"icon-box\"><i class=\"fa fa-ambulance\"><\/i><\/div>\n                                <h4>Farmacia Municipal<\/h4>\n                                <p><a href=\"https:\/\/muniovalle.cl\/sitio\/preguntas-farmacia\/\">Ver Preguntas <i class=\"flaticon-right-arrow\"><\/i><\/a><\/p>\n\t\t\t\t\t\t\t\t\n\t\t\t\t\t\t\t\t\n                               \n                                \n                            <\/div>\n\t\t\t\t\t\t\t                            <div class=\"single-item\">\n                                <span>7<\/span>\n                                <div class=\"icon-box\"><i class=\"fa fa-traffic-light\"><\/i><\/div>\n                                <h4>Tr\u00e1nsito y Transporte<\/h4>\n                                <p><a href=\"https:\/\/muniovalle.cl\/sitio\/transito\/\">Ver Preguntas <i class=\"flaticon-right-arrow\"><\/i><\/a><\/p>\n\t\t\t\t\t\t\t\t\n\t\t\t\t\t\t\t\t\n                               \n                                \n                            <\/div>\n\t\t\t\t\t\t\t                            <div class=\"single-item\">\n                                <span>9<\/span>\n                                <div class=\"icon-box\"><i class=\"fa fa-building\"><\/i><\/div>\n                                <h4>Plan Regulador<\/h4>\n                                <p><a href=\"https:\/\/muniovalle.cl\/sitio\/preguntas-plan\/\">Ver Preguntas <i class=\"flaticon-right-arrow\"><\/i><\/a><\/p>\n\t\t\t\t\t\t\t\t\n\t\t\t\t\t\t\t\t\n                               \n                                \n                            <\/div>\n\t\t\t\t\t\t\t                        <\/div>\n                    <\/div>\n                    <div class=\"col-lg-8 col-md-12 col-sm-12 content-side\">\n                        <ul class=\"accordion-box\">\n                            \t\t\t\t\t\t\t<li class=\"accordion block active-block\">\n                                <div class=\"acc-btn active\">\n                                    <div class=\"icon-outer\"><\/div>\n                                    <h5><span>01. <\/span>\u00bfCu\u00e1les son las principales competencias de los Juzgados de Polic\u00eda Local?<\/h5>\n                                <\/div>\n                                <div class=\"acc-content current\">\n                                    <div class=\"text\">\n                                        <p>Infracciones a la Ley del Tr\u00e1nsito, Ley de Alcoholes, Ley de Protecci\u00f3n al Consumidor, Infracciones a las Ordenanzas Municipales, Ley de Rentas Municipales, Ley de Urbanismo y Construcci\u00f3n, Ley de Copropiedad Inmobiliaria, entre otras.<\/p>\n                                    <\/div>\n                                <\/div>\n                            <\/li>\n\t\t\t\t\t\t\t\t\t\t\t\t\t\t<li class=\"accordion block \">\n                                <div class=\"acc-btn \">\n                                    <div class=\"icon-outer\"><\/div>\n                                    <h5><span>02. <\/span>\u00bfQu\u00e9 sanciones pueden imponer los Juzgados de Polic\u00eda Local?<\/h5>\n                                <\/div>\n                                <div class=\"acc-content \">\n                                    <div class=\"text\">\n                                        <p>Multa en dinero, suspensi\u00f3n de licencia de conducir, amonestaci\u00f3n, clausuras, comiso y por v\u00eda de sustituci\u00f3n y apremio, reclusi\u00f3n nocturna.<\/p>\n                                    <\/div>\n                                <\/div>\n                            <\/li>\n\t\t\t\t\t\t\t\t\t\t\t\t\t\t<li class=\"accordion block \">\n                                <div class=\"acc-btn \">\n                                    <div class=\"icon-outer\"><\/div>\n                                    <h5><span>03. <\/span>\u00bfDebo traer la boleta de citaci\u00f3n al concurrir al Juzgado de Polic\u00eda Local?<\/h5>\n                                <\/div>\n                                <div class=\"acc-content \">\n                                    <div class=\"text\">\n                                        <p>S\u00ed, se debe presentar con la boleta de citaci\u00f3n.<\/p>\n                                    <\/div>\n                                <\/div>\n                            <\/li>\n\t\t\t\t\t\t\t\t\t\t\t\t\t\t<li class=\"accordion block \">\n                                <div class=\"acc-btn \">\n                                    <div class=\"icon-outer\"><\/div>\n                                    <h5><span>04. <\/span>\u00bfQu\u00e9 puedo hacer en caso de extrav\u00edo de la boleta de citaci\u00f3n?<\/h5>\n                                <\/div>\n                                <div class=\"acc-content \">\n                                    <div class=\"text\">\n                                        <p>Deber\u00e1 presentar una declaraci\u00f3n jurada, en la que conste que su boleta de citaci\u00f3n no se encuentra retenida por Carabineros y\/o Inspectores, ni en ning\u00fan otro tribunal.<\/p>\n                                    <\/div>\n                                <\/div>\n                            <\/li>\n\t\t\t\t\t\t\t\t\t\t\t\t\t\t<li class=\"accordion block \">\n                                <div class=\"acc-btn \">\n                                    <div class=\"icon-outer\"><\/div>\n                                    <h5><span>05. <\/span>\u00bfPuedo comparecer al tribunal por carta, correo electr\u00f3nico o v\u00eda telef\u00f3nica?<\/h5>\n                                <\/div>\n                                <div class=\"acc-content \">\n                                    <div class=\"text\">\n                                        <p>No, la Ley establece la comparecencia personal del denunciado.<\/p>\n                                    <\/div>\n                                <\/div>\n                            <\/li>\n\t\t\t\t\t\t\t\t\t\t\t\t\t\t<li class=\"accordion block \">\n                                <div class=\"acc-btn \">\n                                    <div class=\"icon-outer\"><\/div>\n                                    <h5><span>06. <\/span>\u00bfQu\u00e9 puedo hacer si no me puedo presentar en la fecha de citaci\u00f3n?<\/h5>\n                                <\/div>\n                                <div class=\"acc-content \">\n                                    <div class=\"text\">\n                                        <p>Antes de la fecha de citaci\u00f3n, puede presentar por escrito una solicitud de nuevo d\u00eda y hora.<\/p>\n                                    <\/div>\n                                <\/div>\n                            <\/li>\n\t\t\t\t\t\t\t\t\t\t\t\t\t\t<li class=\"accordion block \">\n                                <div class=\"acc-btn \">\n                                    <div class=\"icon-outer\"><\/div>\n                                    <h5><span>07. <\/span>\u00bfPuede comparecer ante el Juzgado de Polic\u00eda Local otra persona en mi nombre?<\/h5>\n                                <\/div>\n                                <div class=\"acc-content \">\n                                    <div class=\"text\">\n                                        <p>S\u00ed, siempre que sea representado por un abogado o persona habilitada en derecho, en todas las actuaciones salvo aquellas que exijan de la comparecencia personal, como lo es la comparecencia para prestar declaraci\u00f3n indagatoria y la absoluci\u00f3n de posiciones.<\/p>\n                                    <\/div>\n                                <\/div>\n                            <\/li>\n\t\t\t\t\t\t\t\t\t\t\t\t\t\t<li class=\"accordion block \">\n                                <div class=\"acc-btn \">\n                                    <div class=\"icon-outer\"><\/div>\n                                    <h5><span>08. <\/span>\u00bfPuedo presentar escritos por correo electr\u00f3nico?<\/h5>\n                                <\/div>\n                                <div class=\"acc-content \">\n                                    <div class=\"text\">\n                                        <p>S\u00ed, siempre y cuando se env\u00eden al correo electr\u00f3nico dispuesto para ello. En los casos en que se env\u00eden escritos a un correo diferente se tendr\u00e1 por no presentado.<\/p>\n                                    <\/div>\n                                <\/div>\n                            <\/li>\n\t\t\t\t\t\t\t                        <\/ul>\n                        <div class=\"form-inner\">\n                            <div class=\"text\">\n                                <h3><\/h3>\n                                <p><\/p>\n                            <\/div>\n\t\t\t\t\t\t\t\n\t\t\t\t\t\t\t                        <\/div>\n                    <\/div>\n                <\/div>\n            <\/div>\n        <\/section>\n        <!-- faq-page-section end -->\n\n        \t\t\t\t<\/div>\n\t\t\t\t<\/div>\n\t\t\t\t<\/div>\n\t\t\t\t<\/div>\n\t\t","protected":false},"excerpt":{"rendered":"<p>Preguntas Juzgado 5 Patentes Comerciales Ver Preguntas 6 Farmacia Municipal Ver Preguntas 7 Tr\u00e1nsito y Transporte Ver Preguntas 9 Plan Regulador Ver Preguntas 01. \u00bfCu\u00e1les son las principales competencias de los Juzgados de Polic\u00eda Local? Infracciones a la Ley del Tr\u00e1nsito, Ley de Alcoholes, Ley de Protecci\u00f3n al Consumidor, Infracciones a las Ordenanzas Municipales, Ley de Rentas Municipales, Ley de Urbanismo y Construcci\u00f3n, Ley de Copropiedad Inmobiliaria, entre otras. 02. \u00bfQu\u00e9 sanciones pueden imponer los Juzgados de Polic\u00eda Local? Multa en dinero, suspensi\u00f3n de licencia de conducir, amonestaci\u00f3n, clausuras, comiso y por v\u00eda de sustituci\u00f3n y apremio, reclusi\u00f3n nocturna. 03. \u00bfDebo traer la boleta de citaci\u00f3n al concurrir al Juzgado de Polic\u00eda Local? S\u00ed, se debe presentar con la boleta de citaci\u00f3n. 04. \u00bfQu\u00e9 puedo hacer en caso de extrav\u00edo de la boleta de citaci\u00f3n? Deber\u00e1 presentar una declaraci\u00f3n jurada, en la que conste que su boleta de citaci\u00f3n no se encuentra retenida por Carabineros y\/o Inspectores, ni en ning\u00fan otro tribunal. 05. \u00bfPuedo comparecer al tribunal por carta, correo electr\u00f3nico o v\u00eda telef\u00f3nica? No, la Ley establece la comparecencia personal del denunciado. 06. \u00bfQu\u00e9 puedo hacer si no me puedo presentar en la fecha de citaci\u00f3n? Antes de la fecha de citaci\u00f3n, puede presentar por escrito una solicitud de nuevo d\u00eda y hora. 07. \u00bfPuede comparecer ante el Juzgado de Polic\u00eda Local otra persona en mi nombre? S\u00ed, siempre que sea representado por un abogado o persona habilitada en derecho, en todas las actuaciones salvo aquellas que exijan de la comparecencia personal, como lo es la comparecencia para prestar declaraci\u00f3n indagatoria y la absoluci\u00f3n de posiciones. 08. \u00bfPuedo presentar escritos por correo electr\u00f3nico? S\u00ed, siempre y cuando se env\u00eden al correo electr\u00f3nico dispuesto para ello. En los casos en que se env\u00eden escritos a un correo diferente se tendr\u00e1 por no presentado.<\/p>\n","protected":false},"author":1,"featured_media":0,"parent":0,"menu_order":0,"comment_status":"closed","ping_status":"closed","template":"","meta":{"_vp_format_video_url":"","_vp_image_focal_point":[],"footnotes":""},"class_list":["post-4739","page","type-page","status-publish","hentry"],"_links":{"self":[{"href":"https:\/\/muniovalle.cl\/sitio\/wp-json\/wp\/v2\/pages\/4739","targetHints":{"allow":["GET"]}}],"collection":[{"href":"https:\/\/muniovalle.cl\/sitio\/wp-json\/wp\/v2\/pages"}],"about":[{"href":"https:\/\/muniovalle.cl\/sitio\/wp-json\/wp\/v2\/types\/page"}],"author":[{"embeddable":true,"href":"https:\/\/muniovalle.cl\/sitio\/wp-json\/wp\/v2\/users\/1"}],"replies":[{"embeddable":true,"href":"https:\/\/muniovalle.cl\/sitio\/wp-json\/wp\/v2\/comments?post=4739"}],"version-history":[{"count":4,"href":"https:\/\/muniovalle.cl\/sitio\/wp-json\/wp\/v2\/pages\/4739\/revisions"}],"predecessor-version":[{"id":4743,"href":"https:\/\/muniovalle.cl\/sitio\/wp-json\/wp\/v2\/pages\/4739\/revisions\/4743"}],"wp:attachment":[{"href":"https:\/\/muniovalle.cl\/sitio\/wp-json\/wp\/v2\/media?parent=4739"}],"curies":[{"name":"wp","href":"https:\/\/api.w.org\/{rel}","templated":true}]}}