{"id":4628,"date":"2024-06-08T13:51:10","date_gmt":"2024-06-08T17:51:10","guid":{"rendered":"https:\/\/muniovalle.cl\/sitio\/?page_id=4628"},"modified":"2025-04-07T17:37:25","modified_gmt":"2025-04-07T21:37:25","slug":"ovalle-verde","status":"publish","type":"page","link":"https:\/\/muniovalle.cl\/sitio\/ovalle-verde\/","title":{"rendered":"Ovalle Verde"},"content":{"rendered":"\t\t<div data-elementor-type=\"wp-page\" data-elementor-id=\"4628\" class=\"elementor elementor-4628\">\n\t\t\t\t<div class=\"elementor-element elementor-element-b4c00b0 e-grid e-con-boxed wpr-particle-no wpr-jarallax-no wpr-parallax-no wpr-sticky-section-no e-con e-parent\" data-id=\"b4c00b0\" data-element_type=\"container\">\n\t\t\t\t\t<div class=\"e-con-inner\">\n\t\t\t\t<div class=\"elementor-element elementor-element-bd0a0d3 elementor-widget elementor-widget-html\" data-id=\"bd0a0d3\" data-element_type=\"widget\" data-widget_type=\"html.default\">\n\t\t\t\t<div class=\"elementor-widget-container\">\n\t\t\t\t\t\n\n<style>\n.btn-primary{\n    border-radius: 20px;\n    background: green;\n}\n\n<\/style>\n<div class=\"blog-sidebar2\">\n\t\t<div id=\"whitehall_contact_info-4\" class=\"widget sidebar-widget single-sidebar widget_whitehall_contact_info\">\n        \n\t\t\t<div class=\"contact-widget\">\n\t\t\t\t<div class=\"widget-title\"><h3>Reciclajes<\/h3><\/div>\t\t\t<div class=\"widget-content\">\n\t<div class=\"widget-content\">\n\t\t\t\t<p class=\"texto\">\n\t\t\t\t    El Departamento de Medio Ambiente de la Ilustre Municipalidad de Ovalle, presenta su\nPrograma de Reciclaje Urbano y Rural, una iniciativa clave para promover la gesti\u00f3n\nsostenible de residuos en nuestra comunidad..\n\t\t\t\t<\/p>\n\t\t\t\t\n\t\t\t\t<\/div>\n\t\t\t<\/div>\n\t\t\t<br>\n\t\t\t<a href=\"https:\/\/muniovalle.cl\/sitio\/ovalle-verde\/reciclaje\/\">\n    <button class=\"btn btn-primary\" type=\"button\" data-bs-toggle=\"modal\" data-bs-target=\"#modal-competencias\">Ver M\u00e1s Informaci\u00f3n<\/button><\/a>\n\t\t<\/div>\n\n\n<\/div>\n<\/div>\t\t\t\t<\/div>\n\t\t\t\t<\/div>\n\t\t\t\t<div class=\"elementor-element elementor-element-178c8f0 e-transform elementor-widget elementor-widget-image\" data-id=\"178c8f0\" data-element_type=\"widget\" data-settings=\"{&quot;_transform_scale_effect_hover&quot;:{&quot;unit&quot;:&quot;px&quot;,&quot;size&quot;:1.1,&quot;sizes&quot;:[]},&quot;_transform_scale_effect_hover_tablet&quot;:{&quot;unit&quot;:&quot;px&quot;,&quot;size&quot;:&quot;&quot;,&quot;sizes&quot;:[]},&quot;_transform_scale_effect_hover_mobile&quot;:{&quot;unit&quot;:&quot;px&quot;,&quot;size&quot;:&quot;&quot;,&quot;sizes&quot;:[]}}\" data-widget_type=\"image.default\">\n\t\t\t\t<div class=\"elementor-widget-container\">\n\t\t\t\t\t\t\t\t\t\t\t\t\t\t\t<img fetchpriority=\"high\" decoding=\"async\" width=\"401\" height=\"384\" src=\"https:\/\/muniovalle.cl\/sitio\/wp-content\/uploads\/2024\/06\/Reciclaje-de-vidrio-en-Ovalle-copia.png\" class=\"attachment-full size-full wp-image-4648\" alt=\"\" srcset=\"https:\/\/muniovalle.cl\/sitio\/wp-content\/uploads\/2024\/06\/Reciclaje-de-vidrio-en-Ovalle-copia.png 401w, https:\/\/muniovalle.cl\/sitio\/wp-content\/uploads\/2024\/06\/Reciclaje-de-vidrio-en-Ovalle-copia-300x287.png 300w\" sizes=\"(max-width: 401px) 100vw, 401px\" \/>\t\t\t\t\t\t\t\t\t\t\t\t\t\t\t<\/div>\n\t\t\t\t<\/div>\n\t\t\t\t<div class=\"elementor-element elementor-element-8fd06ca elementor-widget elementor-widget-html\" data-id=\"8fd06ca\" data-element_type=\"widget\" data-widget_type=\"html.default\">\n\t\t\t\t<div class=\"elementor-widget-container\">\n\t\t\t\t\t<style>\n.texto{\n    text-align: justify;\n    background: #F1F5F8;\n    border-radius: 10px;\n    padding-left: 5px;\n    padding-right: 5px;\n}\n\n\n<\/style>\n\n<div class=\"blog-sidebar2\">\n\t\t<div id=\"whitehall_contact_info-4\" class=\"widget sidebar-widget single-sidebar widget_whitehall_contact_info\">\n        \n\t\t\t<div class=\"contact-widget\">\n\t\t\t\t<div class=\"widget-title\"><h3>Punto Limpio<\/h3><\/div>\t\t\t<div class=\"widget-content\">\n\t\t\t\t<p class=\"texto\">\n\t\t\t\t    La Ilustre Municipalidad de Ovalle, a trav\u00e9s del Departamento de Medio Ambiente,\nsupervisa el funcionamiento del Punto Limpio Municipal, ubicado en la esquina de Avenida Los Industriales con  N\u00f3e s\/n.\n\t\t\t\t<\/p>\n\t\t\t\t<\/div>\n\t\t\t<\/div>\n\t\t\t<br>\n\t\t\t<a href=\"https:\/\/muniovalle.cl\/sitio\/ovalle-verde\/punto-limpio\/\">\n    <button class=\"btn btn-primary\" type=\"button\" data-bs-toggle=\"modal\" data-bs-target=\"#modal-competencias\">Ver M\u00e1s Informaci\u00f3n<\/button><\/a>\n\t\t<\/div>\n\n\n\n<\/div>\t\t\t\t<\/div>\n\t\t\t\t<\/div>\n\t\t\t\t<div class=\"elementor-element elementor-element-8f4080a e-transform elementor-widget elementor-widget-image\" data-id=\"8f4080a\" data-element_type=\"widget\" data-settings=\"{&quot;_transform_scale_effect_hover&quot;:{&quot;unit&quot;:&quot;px&quot;,&quot;size&quot;:1.1,&quot;sizes&quot;:[]},&quot;_transform_scale_effect_hover_tablet&quot;:{&quot;unit&quot;:&quot;px&quot;,&quot;size&quot;:&quot;&quot;,&quot;sizes&quot;:[]},&quot;_transform_scale_effect_hover_mobile&quot;:{&quot;unit&quot;:&quot;px&quot;,&quot;size&quot;:&quot;&quot;,&quot;sizes&quot;:[]}}\" data-widget_type=\"image.default\">\n\t\t\t\t<div class=\"elementor-widget-container\">\n\t\t\t\t\t\t\t\t\t\t\t\t\t\t\t<img decoding=\"async\" width=\"400\" height=\"384\" src=\"https:\/\/muniovalle.cl\/sitio\/wp-content\/uploads\/2024\/06\/15-03-21-Punto-Limpio-de-Ovalle-copia-copia.jpg\" class=\"attachment-full size-full wp-image-4643\" alt=\"\" srcset=\"https:\/\/muniovalle.cl\/sitio\/wp-content\/uploads\/2024\/06\/15-03-21-Punto-Limpio-de-Ovalle-copia-copia.jpg 400w, https:\/\/muniovalle.cl\/sitio\/wp-content\/uploads\/2024\/06\/15-03-21-Punto-Limpio-de-Ovalle-copia-copia-300x288.jpg 300w\" sizes=\"(max-width: 400px) 100vw, 400px\" \/>\t\t\t\t\t\t\t\t\t\t\t\t\t\t\t<\/div>\n\t\t\t\t<\/div>\n\t\t\t\t<div class=\"elementor-element elementor-element-dee3a53 elementor-widget elementor-widget-html\" data-id=\"dee3a53\" data-element_type=\"widget\" data-widget_type=\"html.default\">\n\t\t\t\t<div class=\"elementor-widget-container\">\n\t\t\t\t\t<div class=\"blog-sidebar2\">\n\t\t<div id=\"whitehall_contact_info-4\" class=\"widget sidebar-widget single-sidebar widget_whitehall_contact_info\">\n        \n\t\t\t<div class=\"contact-widget\">\n\t\t\t\t<div class=\"widget-title\"><h3>Punto Limpio M\u00f3vil<\/h3><\/div>\t\t\t<div class=\"widget-content\">\n\t\t\t\t\t<p class=\"texto\">\n\t\t\t\t    La Ilustre Municipalidad de Ovalle, a trav\u00e9s del Departamento de Medio Ambiente,  ofrece diversas opciones para que la comunidad adopte h\u00e1bitos de reciclaje y separaci\u00f3n de residuos en origen. \n\t\t\t\t<\/p>\n\t\t\t\t<\/div>\n\t\t\t<\/div>\n\t\t\t<br>\n\t\t\t<a href=\"https:\/\/muniovalle.cl\/sitio\/ovalle-verde\/punto-limpio-movil\/\">\n    <button class=\"btn btn-primary\" type=\"button\" data-bs-toggle=\"modal\" data-bs-target=\"#modal-competencias\">Ver M\u00e1s Informaci\u00f3n<\/button><\/a>\n\t\t<\/div>\n\n\n\n\n\n<\/div>\t\t\t\t<\/div>\n\t\t\t\t<\/div>\n\t\t\t\t<div class=\"elementor-element elementor-element-a20c57c e-transform elementor-widget elementor-widget-image\" data-id=\"a20c57c\" data-element_type=\"widget\" data-settings=\"{&quot;_transform_scale_effect_hover&quot;:{&quot;unit&quot;:&quot;px&quot;,&quot;size&quot;:1.1,&quot;sizes&quot;:[]},&quot;_transform_scale_effect_hover_tablet&quot;:{&quot;unit&quot;:&quot;px&quot;,&quot;size&quot;:&quot;&quot;,&quot;sizes&quot;:[]},&quot;_transform_scale_effect_hover_mobile&quot;:{&quot;unit&quot;:&quot;px&quot;,&quot;size&quot;:&quot;&quot;,&quot;sizes&quot;:[]}}\" data-widget_type=\"image.default\">\n\t\t\t\t<div class=\"elementor-widget-container\">\n\t\t\t\t\t\t\t\t\t\t\t\t\t\t\t<img decoding=\"async\" width=\"987\" height=\"962\" src=\"https:\/\/muniovalle.cl\/sitio\/wp-content\/uploads\/2024\/06\/punto-limpio-copia.jpg\" class=\"attachment-full size-full wp-image-5147\" alt=\"\" srcset=\"https:\/\/muniovalle.cl\/sitio\/wp-content\/uploads\/2024\/06\/punto-limpio-copia.jpg 987w, https:\/\/muniovalle.cl\/sitio\/wp-content\/uploads\/2024\/06\/punto-limpio-copia-300x292.jpg 300w, https:\/\/muniovalle.cl\/sitio\/wp-content\/uploads\/2024\/06\/punto-limpio-copia-768x749.jpg 768w\" sizes=\"(max-width: 987px) 100vw, 987px\" \/>\t\t\t\t\t\t\t\t\t\t\t\t\t\t\t<\/div>\n\t\t\t\t<\/div>\n\t\t\t\t<div class=\"elementor-element elementor-element-2193a3b elementor-widget elementor-widget-html\" data-id=\"2193a3b\" data-element_type=\"widget\" data-widget_type=\"html.default\">\n\t\t\t\t<div class=\"elementor-widget-container\">\n\t\t\t\t\t<div class=\"blog-sidebar2\">\n\t\t<div id=\"whitehall_contact_info-4\" class=\"widget sidebar-widget single-sidebar widget_whitehall_contact_info\">\n        \n\t\t\t<div class=\"contact-widget\">\n\t\t\t\t<div class=\"widget-title\"><h3>Punto Verde<\/h3><\/div>\t\t\t<div class=\"widget-content\">\n\t\t\t\t    \t<p class=\"texto\">\n\t\t\t\t    La Ilustre Municipalidad de Ovalle, a trav\u00e9s del Departamento de Medio Ambiente,  ofrece diversas opciones para que la comunidad adopte h\u00e1bitos de reciclaje y separaci\u00f3n de residuos en origen. \n\t\t\t\t<\/p>\n\t\t\t\t\n\t\t\t\t<\/div>\n\t\t\t<\/div>\n\t\t\t<br>\n    <button class=\"btn btn-primary\" type=\"button\" data-bs-toggle=\"modal\" data-bs-target=\"#modal-competencias\">Ver M\u00e1s Informaci\u00f3n<\/button>\n\t\t<\/div>\n\n\n\n<\/div>\t\t\t\t<\/div>\n\t\t\t\t<\/div>\n\t\t\t\t<div class=\"elementor-element elementor-element-20a6b9c e-transform elementor-widget elementor-widget-image\" data-id=\"20a6b9c\" data-element_type=\"widget\" data-settings=\"{&quot;_transform_scale_effect_hover&quot;:{&quot;unit&quot;:&quot;px&quot;,&quot;size&quot;:1.1,&quot;sizes&quot;:[]},&quot;_transform_scale_effect_hover_tablet&quot;:{&quot;unit&quot;:&quot;px&quot;,&quot;size&quot;:&quot;&quot;,&quot;sizes&quot;:[]},&quot;_transform_scale_effect_hover_mobile&quot;:{&quot;unit&quot;:&quot;px&quot;,&quot;size&quot;:&quot;&quot;,&quot;sizes&quot;:[]}}\" data-widget_type=\"image.default\">\n\t\t\t\t<div class=\"elementor-widget-container\">\n\t\t\t\t\t\t\t\t\t\t\t\t\t\t\t<img loading=\"lazy\" decoding=\"async\" width=\"408\" height=\"386\" src=\"https:\/\/muniovalle.cl\/sitio\/wp-content\/uploads\/2024\/06\/punto-limpio-Ovalle-copia.jpg\" class=\"attachment-full size-full wp-image-4646\" alt=\"\" srcset=\"https:\/\/muniovalle.cl\/sitio\/wp-content\/uploads\/2024\/06\/punto-limpio-Ovalle-copia.jpg 408w, https:\/\/muniovalle.cl\/sitio\/wp-content\/uploads\/2024\/06\/punto-limpio-Ovalle-copia-300x284.jpg 300w\" sizes=\"(max-width: 408px) 100vw, 408px\" \/>\t\t\t\t\t\t\t\t\t\t\t\t\t\t\t<\/div>\n\t\t\t\t<\/div>\n\t\t\t\t\t<\/div>\n\t\t\t\t<\/div>\n\t\t<div class=\"elementor-element elementor-element-200a6dd e-grid e-con-boxed wpr-particle-no wpr-jarallax-no wpr-parallax-no wpr-sticky-section-no e-con e-parent\" data-id=\"200a6dd\" data-element_type=\"container\">\n\t\t\t\t\t<div class=\"e-con-inner\">\n\t\t\t\t<div class=\"elementor-element elementor-element-10fe9db elementor-widget elementor-widget-html\" data-id=\"10fe9db\" data-element_type=\"widget\" data-widget_type=\"html.default\">\n\t\t\t\t<div class=\"elementor-widget-container\">\n\t\t\t\t\t<div class=\"blog-sidebar2\">\n\t\t<div id=\"whitehall_contact_info-4\" class=\"widget sidebar-widget single-sidebar widget_whitehall_contact_info\">\n        \n\t\t\t<div class=\"contact-widget\">\n\t\t\t\t<div class=\"widget-title\"><h3>\u00bfC\u00f3mo deben ser depositados los residuos?<\/h3><\/div><div class=\"widget-content\">\n\t\t\t\t\n\t\t\t\t<\/div>\n\t\t\t<\/div>\n\t\t<\/div>\n\n\n\n<\/div>\t\t\t\t<\/div>\n\t\t\t\t<\/div>\n\t\t\t\t\t<\/div>\n\t\t\t\t<\/div>\n\t\t<div class=\"elementor-element elementor-element-d085211 e-grid e-con-boxed wpr-particle-no wpr-jarallax-no wpr-parallax-no wpr-sticky-section-no e-con e-parent\" data-id=\"d085211\" data-element_type=\"container\">\n\t\t\t\t\t<div class=\"e-con-inner\">\n\t\t\t\t<div class=\"elementor-element elementor-element-4f65b68 elementor-view-default elementor-position-block-start elementor-mobile-position-block-start elementor-widget elementor-widget-icon-box\" data-id=\"4f65b68\" data-element_type=\"widget\" data-widget_type=\"icon-box.default\">\n\t\t\t\t<div class=\"elementor-widget-container\">\n\t\t\t\t\t\t\t<div class=\"elementor-icon-box-wrapper\">\n\n\t\t\t\t\t\t<div class=\"elementor-icon-box-icon\">\n\t\t\t\t<span  class=\"elementor-icon\">\n\t\t\t\t<svg aria-hidden=\"true\" class=\"e-font-icon-svg e-fas-syringe\" viewBox=\"0 0 512 512\" xmlns=\"http:\/\/www.w3.org\/2000\/svg\"><path d=\"M201.5 174.8l55.7 55.8c3.1 3.1 3.1 8.2 0 11.3l-11.3 11.3c-3.1 3.1-8.2 3.1-11.3 0l-55.7-55.8-45.3 45.3 55.8 55.8c3.1 3.1 3.1 8.2 0 11.3l-11.3 11.3c-3.1 3.1-8.2 3.1-11.3 0L111 265.2l-26.4 26.4c-17.3 17.3-25.6 41.1-23 65.4l7.1 63.6L2.3 487c-3.1 3.1-3.1 8.2 0 11.3l11.3 11.3c3.1 3.1 8.2 3.1 11.3 0l66.3-66.3 63.6 7.1c23.9 2.6 47.9-5.4 65.4-23l181.9-181.9-135.7-135.7-64.9 65zm308.2-93.3L430.5 2.3c-3.1-3.1-8.2-3.1-11.3 0l-11.3 11.3c-3.1 3.1-3.1 8.2 0 11.3l28.3 28.3-45.3 45.3-56.6-56.6-17-17c-3.1-3.1-8.2-3.1-11.3 0l-33.9 33.9c-3.1 3.1-3.1 8.2 0 11.3l17 17L424.8 223l17 17c3.1 3.1 8.2 3.1 11.3 0l33.9-34c3.1-3.1 3.1-8.2 0-11.3l-73.5-73.5 45.3-45.3 28.3 28.3c3.1 3.1 8.2 3.1 11.3 0l11.3-11.3c3.1-3.2 3.1-8.2 0-11.4z\"><\/path><\/svg>\t\t\t\t<\/span>\n\t\t\t<\/div>\n\t\t\t\n\t\t\t\t\t\t<div class=\"elementor-icon-box-content\">\n\n\t\t\t\t\t\t\t\t\t<h3 class=\"elementor-icon-box-title\">\n\t\t\t\t\t\t<span  >\n\t\t\t\t\t\t\t Vidrios y jeringas\t\t\t\t\t\t<\/span>\n\t\t\t\t\t<\/h3>\n\t\t\t\t\n\t\t\t\t\t\t\t\t\t<p class=\"elementor-icon-box-description\">\n\t\t\t\t\t\tAl momento de sacar tus residuos domiciliarios, separa las botellas, vidrios rotos, latas u otros objetos filosos o corto punzantes. Col\u00f3calos en una caja de cart\u00f3n o envu\u00e9lvelos con un embalaje seguro que indique: \u201cCuidado vidrios\u201d.\t\t\t\t\t<\/p>\n\t\t\t\t\n\t\t\t<\/div>\n\t\t\t\n\t\t<\/div>\n\t\t\t\t\t\t<\/div>\n\t\t\t\t<\/div>\n\t\t\t\t<div class=\"elementor-element elementor-element-5b2ec02 elementor-view-default elementor-position-block-start elementor-mobile-position-block-start elementor-widget elementor-widget-icon-box\" data-id=\"5b2ec02\" data-element_type=\"widget\" data-widget_type=\"icon-box.default\">\n\t\t\t\t<div class=\"elementor-widget-container\">\n\t\t\t\t\t\t\t<div class=\"elementor-icon-box-wrapper\">\n\n\t\t\t\t\t\t<div class=\"elementor-icon-box-icon\">\n\t\t\t\t<span  class=\"elementor-icon\">\n\t\t\t\t<svg aria-hidden=\"true\" class=\"e-font-icon-svg e-fas-battery-three-quarters\" viewBox=\"0 0 640 512\" xmlns=\"http:\/\/www.w3.org\/2000\/svg\"><path d=\"M544 160v64h32v64h-32v64H64V160h480m16-64H48c-26.51 0-48 21.49-48 48v224c0 26.51 21.49 48 48 48h512c26.51 0 48-21.49 48-48v-16h8c13.255 0 24-10.745 24-24V184c0-13.255-10.745-24-24-24h-8v-16c0-26.51-21.49-48-48-48zm-144 96H96v128h320V192z\"><\/path><\/svg>\t\t\t\t<\/span>\n\t\t\t<\/div>\n\t\t\t\n\t\t\t\t\t\t<div class=\"elementor-icon-box-content\">\n\n\t\t\t\t\t\t\t\t\t<h3 class=\"elementor-icon-box-title\">\n\t\t\t\t\t\t<span  >\n\t\t\t\t\t\t\tDep\u00f3sito de pilas\t\t\t\t\t\t<\/span>\n\t\t\t\t\t<\/h3>\n\t\t\t\t\n\t\t\t\t\t\t\t\t\t<p class=\"elementor-icon-box-description\">\n\t\t\t\t\t\tLas pilas son muy contaminantes y debemos evitar su uso siempre que podamos. La recomendaci\u00f3n general es decantarse por pilas recargables. Esto permite generar menos residuos y evitar usar pilas casi agotadas y nuevas a la vez.\t\t\t\t\t<\/p>\n\t\t\t\t\n\t\t\t<\/div>\n\t\t\t\n\t\t<\/div>\n\t\t\t\t\t\t<\/div>\n\t\t\t\t<\/div>\n\t\t\t\t<div class=\"elementor-element elementor-element-ae75ace elementor-view-default elementor-position-block-start elementor-mobile-position-block-start elementor-widget elementor-widget-icon-box\" data-id=\"ae75ace\" data-element_type=\"widget\" data-widget_type=\"icon-box.default\">\n\t\t\t\t<div class=\"elementor-widget-container\">\n\t\t\t\t\t\t\t<div class=\"elementor-icon-box-wrapper\">\n\n\t\t\t\t\t\t<div class=\"elementor-icon-box-icon\">\n\t\t\t\t<span  class=\"elementor-icon\">\n\t\t\t\t<svg aria-hidden=\"true\" class=\"e-font-icon-svg e-fas-trash-alt\" viewBox=\"0 0 448 512\" xmlns=\"http:\/\/www.w3.org\/2000\/svg\"><path d=\"M32 464a48 48 0 0 0 48 48h288a48 48 0 0 0 48-48V128H32zm272-256a16 16 0 0 1 32 0v224a16 16 0 0 1-32 0zm-96 0a16 16 0 0 1 32 0v224a16 16 0 0 1-32 0zm-96 0a16 16 0 0 1 32 0v224a16 16 0 0 1-32 0zM432 32H312l-9.4-18.7A24 24 0 0 0 281.1 0H166.8a23.72 23.72 0 0 0-21.4 13.3L136 32H16A16 16 0 0 0 0 48v32a16 16 0 0 0 16 16h416a16 16 0 0 0 16-16V48a16 16 0 0 0-16-16z\"><\/path><\/svg>\t\t\t\t<\/span>\n\t\t\t<\/div>\n\t\t\t\n\t\t\t\t\t\t<div class=\"elementor-icon-box-content\">\n\n\t\t\t\t\t\t\t\t\t<h3 class=\"elementor-icon-box-title\">\n\t\t\t\t\t\t<span  >\n\t\t\t\t\t\t\tUse contenedor pl\u00e1stico\t\t\t\t\t\t<\/span>\n\t\t\t\t\t<\/h3>\n\t\t\t\t\n\t\t\t\t\t\t\t\t\t<p class=\"elementor-icon-box-description\">\n\t\t\t\t\t\tCuando saques tus residuos domiciliarios, d\u00e9jalos fuera del alcance de los animales dom\u00e9sticos. Si no tienes contenedor, utiliza bolsas de basura y no de supermercado.\t\t\t\t\t<\/p>\n\t\t\t\t\n\t\t\t<\/div>\n\t\t\t\n\t\t<\/div>\n\t\t\t\t\t\t<\/div>\n\t\t\t\t<\/div>\n\t\t\t\t\t<\/div>\n\t\t\t\t<\/div>\n\t\t<div class=\"elementor-element elementor-element-abe985a e-con-full e-flex wpr-particle-no wpr-jarallax-no wpr-parallax-no wpr-sticky-section-no e-con e-parent\" data-id=\"abe985a\" data-element_type=\"container\">\n\t\t\t\t<div class=\"elementor-element elementor-element-7ce334e elementor-widget elementor-widget-whitehall_about_services\" data-id=\"7ce334e\" data-element_type=\"widget\" data-widget_type=\"whitehall_about_services.default\">\n\t\t\t\t<div class=\"elementor-widget-container\">\n\t\t\t\t\t        \n        <!-- about-style-four -->\n        <div class=\"row\">\n        <section class=\"about-style-four sec-pad\">\n          \n            <div class=\"auto-container\">\n                <div class=\"row clearfix\">\n                    <div class=\"col-lg-8 col-md-12 col-sm-12 content-column\">\n                        <div class=\"content_block_6\">\n                            <div class=\"content-box\">\n                                <div class=\"sec-title\">\n\t\t\t\t\t\t\t\t\t\t\t\t\t\t\t\t\t\t\n                                    \t\t\t\t\t\t\t\t\t<h2>Consejos Pr\u00e1cticos<\/h2>\n                                    <div class=\"title-shape\"><\/div>\n\t\t\t\t\t\t\t\t\t                                <\/div>\n                                <div class=\"text\">\n                                    <p><\/p>\n                                <\/div>\n                                <div class=\"inner-box clearfix\">\n                                    <div class=\"left-column pull-left\" style=\"width:100%\">\n\t\t\t\t\t\t\t\t\t\t                                        <div class=\"single-item\">\n                                            <div class=\"icon-box\"><i class=\"flaticon-double-tick-indicator\"><\/i><\/div>\n                                            <h6><\/h6>\n                                            <h4>En el contenedor, deposita en bolsas pl\u00e1sticas.<\/h4>\n                                        <\/div>\n                                                                                <div class=\"single-item\">\n                                            <div class=\"icon-box\"><i class=\"flaticon-double-tick-indicator\"><\/i><\/div>\n                                            <h6><\/h6>\n                                            <h4>El contenedor, mantenerlo siempre tapado.<\/h4>\n                                        <\/div>\n                                                                                <div class=\"single-item\">\n                                            <div class=\"icon-box\"><i class=\"flaticon-double-tick-indicator\"><\/i><\/div>\n                                            <h6><\/h6>\n                                            <h4>Sacar las ramas y podas antes del paso del cami\u00f3n recolector.<\/h4>\n                                        <\/div>\n                                                                                <div class=\"single-item\">\n                                            <div class=\"icon-box\"><i class=\"flaticon-double-tick-indicator\"><\/i><\/div>\n                                            <h6><\/h6>\n                                            <h4>La eliminaci\u00f3n de Microbasurales del sector, es importante para mantener limpio su barrio.<\/h4>\n                                        <\/div>\n                                                                                <div class=\"single-item\">\n                                            <div class=\"icon-box\"><i class=\"flaticon-double-tick-indicator\"><\/i><\/div>\n                                            <h6><\/h6>\n                                            <h4>Saca la basura domiciliaria en contenedor antes del paso del cami\u00f3n recolector.<\/h4>\n                                        <\/div>\n                                                                                <div class=\"single-item\">\n                                            <div class=\"icon-box\"><i class=\"flaticon-double-tick-indicator\"><\/i><\/div>\n                                            <h6><\/h6>\n                                            <h4>Precauci\u00f3n con vidrios y jeringas, al momento de sacar sus residuos domiciliarios separe las botellas, vidrios rotos, latas u otro objeto filoso o corto punzante. Col\u00f3quelos en una caja de cart\u00f3n o envu\u00e9lvalos con un embalaje seguro que indique \u201cCUIDADO VIDRIOS\u201d.<\/h4>\n                                        <\/div>\n                                                                            <\/div>\n                                    \n                                <\/div>\n\t\t\t\t\t\t\t\t\n\t\t\t\t\t\t\t\t                            <\/div>\n                        <\/div>\n                    <\/div>\n                    <div class=\"col-lg-4 col-md-12 col-sm-12 content-column\">\n                        <div class=\"content_block_7\">\n                            <div class=\"content-box\">\n                                <div class=\"left-column\">\n                                    <div class=\"inner centred\">\n                                        <div class=\"icon-box\"><i class=\"fa fa-recycle\"><\/i><\/div>\n                                        <h6><\/h6>\n                                        <h4><\/h4>\n                                    <\/div>\n\t\t\t\t\t\t\t\t\t\n\t\t\t\t\t\t\t\t\t                                    <ul class=\"list clearfix\">\n                                        \t\t\t\t\t\t\t\t\t\t<li>El reciclaje es una pr\u00e1ctica esencial para preservar nuestro medioambiente y reducir la cantidad de desechos que llegan a los vertederos. <\/li>\n\t\t\t\t\t\t\t\t\t\t\t\t\t\t\t\t\t\t\t\t<li>Contribuir al reciclaje es una responsabilidad compartida, y cada uno de nosotros puede marcar la diferencia.<\/li>\n\t\t\t\t\t\t\t\t\t\t                                    <\/ul>\n\t\t\t\t\t\t\t\t\t                                <\/div>\n\n                            <\/div>\n                        <\/div>\n                    <\/div>\n                <\/div>\n            <\/div>\n          \n        <\/section>\n        <\/div>\n        <!-- about-style-four end -->\n\n        \t\t\t\t<\/div>\n\t\t\t\t<\/div>\n\t\t\t\t<\/div>\n\t\t\t\t<\/div>\n\t\t","protected":false},"excerpt":{"rendered":"<p>Reciclajes El Departamento de Medio Ambiente de la Ilustre Municipalidad de Ovalle, presenta su Programa de Reciclaje Urbano y Rural, una iniciativa clave para promover la gesti\u00f3n sostenible de residuos en nuestra comunidad.. Ver M\u00e1s Informaci\u00f3n Punto Limpio La Ilustre Municipalidad de Ovalle, a trav\u00e9s del Departamento de Medio Ambiente, supervisa el funcionamiento del Punto Limpio Municipal, ubicado en la esquina de Avenida Los Industriales con N\u00f3e s\/n. Ver M\u00e1s Informaci\u00f3n Punto Limpio M\u00f3vil La Ilustre Municipalidad de Ovalle, a trav\u00e9s del Departamento de Medio Ambiente, ofrece diversas opciones para que la comunidad adopte h\u00e1bitos de reciclaje y separaci\u00f3n de residuos en origen. Ver M\u00e1s Informaci\u00f3n Punto Verde La Ilustre Municipalidad de Ovalle, a trav\u00e9s del Departamento de Medio Ambiente, ofrece diversas opciones para que la comunidad adopte h\u00e1bitos de reciclaje y separaci\u00f3n de residuos en origen. Ver M\u00e1s Informaci\u00f3n \u00bfC\u00f3mo deben ser depositados los residuos? Vidrios y jeringas Al momento de sacar tus residuos domiciliarios, separa las botellas, vidrios rotos, latas u otros objetos filosos o corto punzantes. Col\u00f3calos en una caja de cart\u00f3n o envu\u00e9lvelos con un embalaje seguro que indique: \u201cCuidado vidrios\u201d. Dep\u00f3sito de pilas Las pilas son muy contaminantes y debemos evitar su uso siempre que podamos. La recomendaci\u00f3n general es decantarse por pilas recargables. Esto permite generar menos residuos y evitar usar pilas casi agotadas y nuevas a la vez. Use contenedor pl\u00e1stico Cuando saques tus residuos domiciliarios, d\u00e9jalos fuera del alcance de los animales dom\u00e9sticos. Si no tienes contenedor, utiliza bolsas de basura y no de supermercado. Consejos Pr\u00e1cticos En el contenedor, deposita en bolsas pl\u00e1sticas. El contenedor, mantenerlo siempre tapado. Sacar las ramas y podas antes del paso del cami\u00f3n recolector. La eliminaci\u00f3n de Microbasurales del sector, es importante para mantener limpio su barrio. Saca la basura domiciliaria en contenedor antes del paso del cami\u00f3n recolector. Precauci\u00f3n con vidrios y jeringas, al momento de sacar sus residuos domiciliarios separe las botellas, vidrios rotos, latas u otro objeto filoso o corto punzante. Col\u00f3quelos en una caja de cart\u00f3n o envu\u00e9lvalos con un embalaje seguro que indique \u201cCUIDADO VIDRIOS\u201d. El reciclaje es una pr\u00e1ctica esencial para preservar nuestro medioambiente y reducir la cantidad de desechos que llegan a los vertederos. Contribuir al reciclaje es una responsabilidad compartida, y cada uno de nosotros puede marcar la diferencia.<\/p>\n","protected":false},"author":1,"featured_media":0,"parent":0,"menu_order":0,"comment_status":"closed","ping_status":"closed","template":"","meta":{"_vp_format_video_url":"","_vp_image_focal_point":[],"footnotes":""},"class_list":["post-4628","page","type-page","status-publish","hentry"],"_links":{"self":[{"href":"https:\/\/muniovalle.cl\/sitio\/wp-json\/wp\/v2\/pages\/4628","targetHints":{"allow":["GET"]}}],"collection":[{"href":"https:\/\/muniovalle.cl\/sitio\/wp-json\/wp\/v2\/pages"}],"about":[{"href":"https:\/\/muniovalle.cl\/sitio\/wp-json\/wp\/v2\/types\/page"}],"author":[{"embeddable":true,"href":"https:\/\/muniovalle.cl\/sitio\/wp-json\/wp\/v2\/users\/1"}],"replies":[{"embeddable":true,"href":"https:\/\/muniovalle.cl\/sitio\/wp-json\/wp\/v2\/comments?post=4628"}],"version-history":[{"count":160,"href":"https:\/\/muniovalle.cl\/sitio\/wp-json\/wp\/v2\/pages\/4628\/revisions"}],"predecessor-version":[{"id":9870,"href":"https:\/\/muniovalle.cl\/sitio\/wp-json\/wp\/v2\/pages\/4628\/revisions\/9870"}],"wp:attachment":[{"href":"https:\/\/muniovalle.cl\/sitio\/wp-json\/wp\/v2\/media?parent=4628"}],"curies":[{"name":"wp","href":"https:\/\/api.w.org\/{rel}","templated":true}]}}