{"id":4487,"date":"2024-06-06T17:44:58","date_gmt":"2024-06-06T21:44:58","guid":{"rendered":"https:\/\/muniovalle.cl\/sitio\/?page_id=4487"},"modified":"2024-06-10T15:58:33","modified_gmt":"2024-06-10T19:58:33","slug":"ley-electoral","status":"publish","type":"page","link":"https:\/\/muniovalle.cl\/sitio\/servicios\/juzgado-de-policia\/ley-electoral\/","title":{"rendered":"Ley Electroral"},"content":{"rendered":"\t\t<div data-elementor-type=\"wp-page\" data-elementor-id=\"4487\" class=\"elementor elementor-4487\">\n\t\t\t\t<div class=\"elementor-element elementor-element-7dd267a e-grid e-con-boxed wpr-particle-no wpr-jarallax-no wpr-parallax-no wpr-sticky-section-no e-con e-parent\" data-id=\"7dd267a\" data-element_type=\"container\">\n\t\t\t\t\t<div class=\"e-con-inner\">\n\t\t\t\t<div class=\"elementor-element elementor-element-4e03e5b elementor-widget elementor-widget-html\" data-id=\"4e03e5b\" data-element_type=\"widget\" data-widget_type=\"html.default\">\n\t\t\t\t<div class=\"elementor-widget-container\">\n\t\t\t\t\t<style>\n.card-header{\n    background: #3232B2;\n\n}\n\n.texto{\n    text-align: justify;\n}\n<\/style>\n\n<link rel=\"stylesheet\" href=\"https:\/\/cdnjs.cloudflare.com\/ajax\/libs\/font-awesome\/4.7.0\/css\/font-awesome.min.css\">\n\n<div class=\"blog-sidebar2\">\n\n\t\t<div id=\"whitehall_contact_info-4\" class=\"widget sidebar-widget single-sidebar widget_whitehall_contact_info\">        \n\t\t\t<div class=\"contact-widget\">\n\t\t\t\t<div class=\"widget-title\"><h3>LEY ELECTORAL<\/h3><\/div>\t\t\t<div class=\"widget-content\">\n\t\t\t\t\t\t\t\t\t\t\t\n\t\t\t\t\t\t\n\t\t\t\t\t\t<p class=\"texto\">\n\t\t\t\t\t\t   Indicaciones generales aplicables en caso de tener una causa pendiente sobre Ley electoral:<br><br>\n\nPodr\u00e1 presentar sus descargos al correo electr\u00f3nico <a href=\"mailto:jpl.electoral@imovalle.cl\">JPL.ELECTORAL@IMOVALLE.CL<\/a> , debiendo indicar el Rol de la causa y su nombre, Rut y domicilio.Si usted fue notificado de la sentencia en una causa de materia electoral, puede:\n\t<\/p>\n\t\t\t\t<\/div>\n\t\t\t<\/div>\n\t\t\t\n\t\t<\/div>\n\n\n\n<\/div>\t\t\t\t<\/div>\n\t\t\t\t<\/div>\n\t\t\t\t<div class=\"elementor-element elementor-element-fc5782d elementor-icon-list--layout-traditional elementor-list-item-link-full_width elementor-widget elementor-widget-icon-list\" data-id=\"fc5782d\" data-element_type=\"widget\" data-widget_type=\"icon-list.default\">\n\t\t\t\t<div class=\"elementor-widget-container\">\n\t\t\t\t\t\t\t<ul class=\"elementor-icon-list-items\">\n\t\t\t\t\t\t\t<li class=\"elementor-icon-list-item\">\n\t\t\t\t\t\t\t\t\t\t\t<span class=\"elementor-icon-list-icon\">\n\t\t\t\t\t\t\t<svg aria-hidden=\"true\" class=\"e-font-icon-svg e-fas-check-circle\" viewBox=\"0 0 512 512\" xmlns=\"http:\/\/www.w3.org\/2000\/svg\"><path d=\"M504 256c0 136.967-111.033 248-248 248S8 392.967 8 256 119.033 8 256 8s248 111.033 248 248zM227.314 387.314l184-184c6.248-6.248 6.248-16.379 0-22.627l-22.627-22.627c-6.248-6.249-16.379-6.249-22.628 0L216 308.118l-70.059-70.059c-6.248-6.248-16.379-6.248-22.628 0l-22.627 22.627c-6.248 6.248-6.248 16.379 0 22.627l104 104c6.249 6.249 16.379 6.249 22.628.001z\"><\/path><\/svg>\t\t\t\t\t\t<\/span>\n\t\t\t\t\t\t\t\t\t\t<span class=\"elementor-icon-list-text\">Pagar la multa, para ello deber\u00e1 presentarse en dependencias del tribunal. Nuestros medios de pago son: efectivo, d\u00e9bito o cr\u00e9dito. Dicho pago puede realizarlo cualquier persona que cuente con el n\u00famero de causa. <\/span>\n\t\t\t\t\t\t\t\t\t<\/li>\n\t\t\t\t\t\t\t\t<li class=\"elementor-icon-list-item\">\n\t\t\t\t\t\t\t\t\t\t\t<span class=\"elementor-icon-list-icon\">\n\t\t\t\t\t\t\t<svg aria-hidden=\"true\" class=\"e-font-icon-svg e-fas-check-circle\" viewBox=\"0 0 512 512\" xmlns=\"http:\/\/www.w3.org\/2000\/svg\"><path d=\"M504 256c0 136.967-111.033 248-248 248S8 392.967 8 256 119.033 8 256 8s248 111.033 248 248zM227.314 387.314l184-184c6.248-6.248 6.248-16.379 0-22.627l-22.627-22.627c-6.248-6.249-16.379-6.249-22.628 0L216 308.118l-70.059-70.059c-6.248-6.248-16.379-6.248-22.628 0l-22.627 22.627c-6.248 6.248-6.248 16.379 0 22.627l104 104c6.249 6.249 16.379 6.249 22.628.001z\"><\/path><\/svg>\t\t\t\t\t\t<\/span>\n\t\t\t\t\t\t\t\t\t\t<span class=\"elementor-icon-list-text\">En caso de encontrarse fuera de la ciudad o regi\u00f3n, puede pagar a trav\u00e9s de un Vale Vista, emitido a nombre de la Ilustre Municipalidad de Ovalle, Rut N\u00b0 69.040.700-0, el que deber\u00e1 ser enviado por carta certificada a la direcci\u00f3n del tribunal, debidamente individualizada la causa en la que se deber\u00e1 imputar la multa y la parte que paga.<\/span>\n\t\t\t\t\t\t\t\t\t<\/li>\n\t\t\t\t\t\t\t\t<li class=\"elementor-icon-list-item\">\n\t\t\t\t\t\t\t\t\t\t\t<span class=\"elementor-icon-list-icon\">\n\t\t\t\t\t\t\t<svg aria-hidden=\"true\" class=\"e-font-icon-svg e-fas-check-circle\" viewBox=\"0 0 512 512\" xmlns=\"http:\/\/www.w3.org\/2000\/svg\"><path d=\"M504 256c0 136.967-111.033 248-248 248S8 392.967 8 256 119.033 8 256 8s248 111.033 248 248zM227.314 387.314l184-184c6.248-6.248 6.248-16.379 0-22.627l-22.627-22.627c-6.248-6.249-16.379-6.249-22.628 0L216 308.118l-70.059-70.059c-6.248-6.248-16.379-6.248-22.628 0l-22.627 22.627c-6.248 6.248-6.248 16.379 0 22.627l104 104c6.249 6.249 16.379 6.249 22.628.001z\"><\/path><\/svg>\t\t\t\t\t\t<\/span>\n\t\t\t\t\t\t\t\t\t\t<span class=\"elementor-icon-list-text\">Presentar una carta de reconsideraci\u00f3n de la sentencia.<\/span>\n\t\t\t\t\t\t\t\t\t<\/li>\n\t\t\t\t\t\t<\/ul>\n\t\t\t\t\t\t<\/div>\n\t\t\t\t<\/div>\n\t\t\t\t\t<\/div>\n\t\t\t\t<\/div>\n\t\t<div class=\"elementor-element elementor-element-2f9647d e-grid e-con-boxed wpr-particle-no wpr-jarallax-no wpr-parallax-no wpr-sticky-section-no e-con e-parent\" data-id=\"2f9647d\" data-element_type=\"container\">\n\t\t\t\t\t<div class=\"e-con-inner\">\n\t\t\t\t\t<\/div>\n\t\t\t\t<\/div>\n\t\t\t\t<\/div>\n\t\t","protected":false},"excerpt":{"rendered":"<p>LEY ELECTORAL Indicaciones generales aplicables en caso de tener una causa pendiente sobre Ley electoral: Podr\u00e1 presentar sus descargos al correo electr\u00f3nico JPL.ELECTORAL@IMOVALLE.CL , debiendo indicar el Rol de la causa y su nombre, Rut y domicilio.Si usted fue notificado de la sentencia en una causa de materia electoral, puede: Pagar la multa, para ello deber\u00e1 presentarse en dependencias del tribunal. Nuestros medios de pago son: efectivo, d\u00e9bito o cr\u00e9dito. Dicho pago puede realizarlo cualquier persona que cuente con el n\u00famero de causa. En caso de encontrarse fuera de la ciudad o regi\u00f3n, puede pagar a trav\u00e9s de un Vale Vista, emitido a nombre de la Ilustre Municipalidad de Ovalle, Rut N\u00b0 69.040.700-0, el que deber\u00e1 ser enviado por carta certificada a la direcci\u00f3n del tribunal, debidamente individualizada la causa en la que se deber\u00e1 imputar la multa y la parte que paga. Presentar una carta de reconsideraci\u00f3n de la sentencia.<\/p>\n","protected":false},"author":1,"featured_media":0,"parent":4319,"menu_order":0,"comment_status":"closed","ping_status":"closed","template":"","meta":{"_vp_format_video_url":"","_vp_image_focal_point":[],"footnotes":""},"class_list":["post-4487","page","type-page","status-publish","hentry"],"_links":{"self":[{"href":"https:\/\/muniovalle.cl\/sitio\/wp-json\/wp\/v2\/pages\/4487","targetHints":{"allow":["GET"]}}],"collection":[{"href":"https:\/\/muniovalle.cl\/sitio\/wp-json\/wp\/v2\/pages"}],"about":[{"href":"https:\/\/muniovalle.cl\/sitio\/wp-json\/wp\/v2\/types\/page"}],"author":[{"embeddable":true,"href":"https:\/\/muniovalle.cl\/sitio\/wp-json\/wp\/v2\/users\/1"}],"replies":[{"embeddable":true,"href":"https:\/\/muniovalle.cl\/sitio\/wp-json\/wp\/v2\/comments?post=4487"}],"version-history":[{"count":10,"href":"https:\/\/muniovalle.cl\/sitio\/wp-json\/wp\/v2\/pages\/4487\/revisions"}],"predecessor-version":[{"id":4779,"href":"https:\/\/muniovalle.cl\/sitio\/wp-json\/wp\/v2\/pages\/4487\/revisions\/4779"}],"up":[{"embeddable":true,"href":"https:\/\/muniovalle.cl\/sitio\/wp-json\/wp\/v2\/pages\/4319"}],"wp:attachment":[{"href":"https:\/\/muniovalle.cl\/sitio\/wp-json\/wp\/v2\/media?parent=4487"}],"curies":[{"name":"wp","href":"https:\/\/api.w.org\/{rel}","templated":true}]}}