{"id":4421,"date":"2024-06-06T15:25:46","date_gmt":"2024-06-06T19:25:46","guid":{"rendered":"https:\/\/muniovalle.cl\/sitio\/?page_id=4421"},"modified":"2024-06-14T11:31:17","modified_gmt":"2024-06-14T15:31:17","slug":"tramites-tribunal","status":"publish","type":"page","link":"https:\/\/muniovalle.cl\/sitio\/servicios\/juzgado-de-policia\/tramites-tribunal\/","title":{"rendered":"Tramites tribunal"},"content":{"rendered":"\t\t<div data-elementor-type=\"wp-page\" data-elementor-id=\"4421\" class=\"elementor elementor-4421\">\n\t\t\t\t<div class=\"elementor-element elementor-element-682ad5d e-flex e-con-boxed wpr-particle-no wpr-jarallax-no wpr-parallax-no wpr-sticky-section-no e-con e-parent\" data-id=\"682ad5d\" data-element_type=\"container\">\n\t\t\t\t\t<div class=\"e-con-inner\">\n\t\t<div class=\"elementor-element elementor-element-6ebb613 e-con-full e-flex wpr-particle-no wpr-jarallax-no wpr-parallax-no wpr-sticky-section-no e-con e-child\" data-id=\"6ebb613\" data-element_type=\"container\">\n\t\t\t\t<div class=\"elementor-element elementor-element-fb75fd3 elementor-widget elementor-widget-html\" data-id=\"fb75fd3\" data-element_type=\"widget\" data-widget_type=\"html.default\">\n\t\t\t\t<div class=\"elementor-widget-container\">\n\t\t\t\t\t<style>\n.card-header{\n    background: #3232B2;\n\n}\n\n.texto{\n    text-align: justify;\n}\n<\/style>\n\n<link rel=\"stylesheet\" href=\"https:\/\/cdnjs.cloudflare.com\/ajax\/libs\/font-awesome\/4.7.0\/css\/font-awesome.min.css\">\n\n<div class=\"blog-sidebar2\">\n\n\t\t<div id=\"whitehall_contact_info-4\" class=\"widget sidebar-widget single-sidebar widget_whitehall_contact_info\">        \n\t\t\t<div class=\"contact-widget\">\n\t\t\t\t<div class=\"widget-title\"><h3>ESCRITOS<\/h3><\/div>\t\t\t<div class=\"widget-content\">\n\t\t\t\t\t\t\t\t\t\t\t\n\t\t\t\t\t\t\n\t\t\t\t\t\t<p class=\"texto\">\n\t\t\t\t\t\t    Aspectos esenciales y consideraciones para la modificaci\u00f3n y presentaci\u00f3n de escritos ante el respectivo Juzgado de Polic\u00eda Local.\n\n- Podr\u00e1n presentarse de forma material ante el tribunal o enviarse al correo electr\u00f3nico destinado para el efecto (insertar correo electr\u00f3nico nuevo solicitado al departamento de inform\u00e1tica).<br><br>\n\n- Es de exclusiva responsabilidad del usuario enviar el escrito al correo electr\u00f3nico se\u00f1alado. En caso contrario, se tendr\u00e1 por no presentado el escrito.<br><br>\n\n- El modelo de escrito es meramente referencial y est\u00e1 dise\u00f1ado para que pueda ser adaptado a las necesidades del usuario.<br><br>\n\n- El escrito necesariamente debe ser firmado por el solicitante. En caso contrario, no ser\u00e1 recibido.<br><br>\n\n- En general, no se requiere el patrocinio y poder de abogado, salvo en los casos que la ley lo establezca.<br><br>\n\n- Los escritos deben ser completados en su totalidad con los datos solicitados de forma fidedigna, ya que son revisados y validados por el Tribunal.<br>\n\t\t\t\t\t\t\t\n\t\t\t\t\t\t<\/p>\n\t\t\t    \n\t\t\t    \t<div class=\"widget-title\"><h3>EXHORTOS<\/h3><\/div>\n\t\t\t\t\t\t\n\t\t\t\t\t\t<p class=\"texto\">\n\t\t\t\t\t\t\tEs la tramitaci\u00f3n que se le da a las infracciones de tr\u00e1nsito cometidas por conductores de veh\u00edculos, en lugares o caminos alejados de la residencia del denunciado. Debe ser solicitado ante el\u00a0Juzgado de Polic\u00eda Local de Ovalle.\n\t\t\t\t\t\t<\/p>\n\t\t\t\t\t\t\t\t\t\n\t\t\t\t<\/div>\n\t\t\t<\/div>\n\t\t\t\n\t\t<\/div>\n\n\n\n<\/div>\t\t\t\t<\/div>\n\t\t\t\t<\/div>\n\t\t\t\t<\/div>\n\t\t<div class=\"elementor-element elementor-element-fc8b6e6 e-con-full e-flex wpr-particle-no wpr-jarallax-no wpr-parallax-no wpr-sticky-section-no e-con e-child\" data-id=\"fc8b6e6\" data-element_type=\"container\">\n\t\t\t\t<div class=\"elementor-element elementor-element-7f5a883 elementor-widget elementor-widget-html\" data-id=\"7f5a883\" data-element_type=\"widget\" data-widget_type=\"html.default\">\n\t\t\t\t<div class=\"elementor-widget-container\">\n\t\t\t\t\t<style>\n.card-header{\n    background: #3232B2;\n}\n<\/style>\n\n<link rel=\"stylesheet\" href=\"https:\/\/cdnjs.cloudflare.com\/ajax\/libs\/font-awesome\/4.7.0\/css\/font-awesome.min.css\">\n\n<div class=\"blog-sidebar\">\n\n\t\t<div id=\"whitehall_contact_info-4\" class=\"widget sidebar-widget single-sidebar widget_whitehall_contact_info\">        \n\t\t\t<div class=\"contact-widget\">\n\t\t\t\t<div class=\"widget-title\"><h3>DESCARGAS EN FORMATO WORD<\/h3><\/div>\t\t\t<div class=\"widget-content\">\n\t\t\t\t\t<ul class=\"info clearfix\">\n\t\t\t\t\t\t\t\t\t\t\t<li>\n\t\t\t\t\t\t\t<h5><i class=\"fa fa-file-word-o\" style=\"font-size:20px\"><\/i>&nbsp;&nbsp; Acompa\u00f1a Documentos<\/h5>\n\t\t\t\t\t\t\t<p><a href=\"https:\/\/muniovalle.cl\/sitio\/wp-content\/uploads\/2024\/06\/Acompana-documentos.docx\"target=\"_blank\">DESCARGAR <\/a><\/p>\n\t\t\t\t\t\t<\/li>\n\t\t\t\t\t\t\t\t\t\t\t\n\t\t\t\t\t\t\t\t\t\t\t<li>\n\t\t\t\t\t\t\t<h5><i class=\"fa fa-file-word-o\" style=\"font-size:20px\"><\/i>&nbsp;&nbsp; Cumple lo ordenado<\/h5>\n\t\t\t\t\t\t\t\n\t\t\t\t\t\t\t<p><a href=\"https:\/\/muniovalle.cl\/sitio\/wp-content\/uploads\/2024\/06\/Cumple-lo-ordenado.docx\"target=\"_blank\">DESCARGAR <\/a><\/p>\n\t\t\t\t\t\t<\/li>\n\t\t\t\t\t\t\t\t\t\t\t\n\t\t\t\t\t\t\t\t\t\t\t<li>\n\t\t\t\t\t\t\t<h5><i class=\"fa fa-file-word-o\" style=\"font-size:20px\"><\/i>&nbsp;&nbsp; Recurso de reconsideraci\u00f3n<\/h5>\n\t\t\t\t\t\t\t<p><a href=\"https:\/\/muniovalle.cl\/sitio\/wp-content\/uploads\/2024\/06\/Recurso-de-reconsideracion.docx\"target=\"_blank\">DESCARGAR <\/a><\/p>\n\t\t\t\t\t\t<\/li>\n\t\t\t\t\t\t<li>\n\t\t\t\t\t\t\t<h5><i class=\"fa fa-file-word-o\" style=\"font-size:20px\"><\/i>&nbsp;&nbsp; Solicita suspensi\u00f3n del Comparendo<\/h5>\n\t\t\t\t\t\t\t<p><a href=\"https:\/\/muniovalle.cl\/sitio\/wp-content\/uploads\/2024\/06\/SOLICITA-SUSPENSION-DEL-COMPARENDO.docx\"target=\"_blank\">DESCARGAR <\/a><\/p>\n\t\t\t\t\t\t<\/li>\n\t\t\t\t\t\t<li>\n\t\t\t\t\t\t\t<h5><i class=\"fa fa-file-word-o\" style=\"font-size:20px\"><\/i>&nbsp;&nbsp; Solicitud de desarchivo de la causa<\/h5>\n\t\t\t\t\t\t\t<p><a href=\"https:\/\/muniovalle.cl\/sitio\/wp-content\/uploads\/2024\/06\/Solicitud-de-desarchivo-de-la-causa.docx\"target=\"_blank\">DESCARGAR <\/a><\/p>\n\t\t\t\t\t\t<\/li>\n\t\t\t\t\t\t<li>\n\t\t\t\t\t\t\t<h5><i class=\"fa fa-file-word-o\" style=\"font-size:20px\"><\/i>&nbsp;&nbsp; Solicitud de Prescripci\u00f3n Registro de Multas no Pagadas<\/h5>\n\t\t\t\t\t\t\t<p><a href=\"https:\/\/muniovalle.cl\/sitio\/wp-content\/uploads\/2024\/06\/Solicitud-de-Prescripcion-Registro-de-Multas-no-Pagadas.docx\"target=\"_blank\">DESCARGAR <\/a><\/p>\n\t\t\t\t\t\t<\/li>\n\t\t\t\t\t\t\n\t\t\t\t\t\t\n\t\t\t\t\t\t\t\t\t\t<\/ul>\n\t\t\t\t<\/div>\n\t\t\t<\/div>\n\t\t\t\n\t\t<\/div>\n\n<\/div>\t\t\t\t<\/div>\n\t\t\t\t<\/div>\n\t\t\t\t<\/div>\n\t\t\t\t\t<\/div>\n\t\t\t\t<\/div>\n\t\t\t\t<\/div>\n\t\t","protected":false},"excerpt":{"rendered":"<p>ESCRITOS Aspectos esenciales y consideraciones para la modificaci\u00f3n y presentaci\u00f3n de escritos ante el respectivo Juzgado de Polic\u00eda Local. &#8211; Podr\u00e1n presentarse de forma material ante el tribunal o enviarse al correo electr\u00f3nico destinado para el efecto (insertar correo electr\u00f3nico nuevo solicitado al departamento de inform\u00e1tica). &#8211; Es de exclusiva responsabilidad del usuario enviar el escrito al correo electr\u00f3nico se\u00f1alado. En caso contrario, se tendr\u00e1 por no presentado el escrito. &#8211; El modelo de escrito es meramente referencial y est\u00e1 dise\u00f1ado para que pueda ser adaptado a las necesidades del usuario. &#8211; El escrito necesariamente debe ser firmado por el solicitante. En caso contrario, no ser\u00e1 recibido. &#8211; En general, no se requiere el patrocinio y poder de abogado, salvo en los casos que la ley lo establezca. &#8211; Los escritos deben ser completados en su totalidad con los datos solicitados de forma fidedigna, ya que son revisados y validados por el Tribunal. EXHORTOS Es la tramitaci\u00f3n que se le da a las infracciones de tr\u00e1nsito cometidas por conductores de veh\u00edculos, en lugares o caminos alejados de la residencia del denunciado. Debe ser solicitado ante el\u00a0Juzgado de Polic\u00eda Local de Ovalle. DESCARGAS EN FORMATO WORD &nbsp;&nbsp; Acompa\u00f1a Documentos DESCARGAR &nbsp;&nbsp; Cumple lo ordenado DESCARGAR &nbsp;&nbsp; Recurso de reconsideraci\u00f3n DESCARGAR &nbsp;&nbsp; Solicita suspensi\u00f3n del Comparendo DESCARGAR &nbsp;&nbsp; Solicitud de desarchivo de la causa DESCARGAR &nbsp;&nbsp; Solicitud de Prescripci\u00f3n Registro de Multas no Pagadas DESCARGAR<\/p>\n","protected":false},"author":1,"featured_media":0,"parent":4319,"menu_order":0,"comment_status":"closed","ping_status":"closed","template":"","meta":{"_vp_format_video_url":"","_vp_image_focal_point":[],"footnotes":""},"class_list":["post-4421","page","type-page","status-publish","hentry"],"_links":{"self":[{"href":"https:\/\/muniovalle.cl\/sitio\/wp-json\/wp\/v2\/pages\/4421","targetHints":{"allow":["GET"]}}],"collection":[{"href":"https:\/\/muniovalle.cl\/sitio\/wp-json\/wp\/v2\/pages"}],"about":[{"href":"https:\/\/muniovalle.cl\/sitio\/wp-json\/wp\/v2\/types\/page"}],"author":[{"embeddable":true,"href":"https:\/\/muniovalle.cl\/sitio\/wp-json\/wp\/v2\/users\/1"}],"replies":[{"embeddable":true,"href":"https:\/\/muniovalle.cl\/sitio\/wp-json\/wp\/v2\/comments?post=4421"}],"version-history":[{"count":23,"href":"https:\/\/muniovalle.cl\/sitio\/wp-json\/wp\/v2\/pages\/4421\/revisions"}],"predecessor-version":[{"id":5404,"href":"https:\/\/muniovalle.cl\/sitio\/wp-json\/wp\/v2\/pages\/4421\/revisions\/5404"}],"up":[{"embeddable":true,"href":"https:\/\/muniovalle.cl\/sitio\/wp-json\/wp\/v2\/pages\/4319"}],"wp:attachment":[{"href":"https:\/\/muniovalle.cl\/sitio\/wp-json\/wp\/v2\/media?parent=4421"}],"curies":[{"name":"wp","href":"https:\/\/api.w.org\/{rel}","templated":true}]}}