{"id":3660,"date":"2024-05-31T10:05:02","date_gmt":"2024-05-31T14:05:02","guid":{"rendered":"https:\/\/muniovalle.cl\/sitio\/?page_id=3660"},"modified":"2024-06-10T12:41:37","modified_gmt":"2024-06-10T16:41:37","slug":"preguntas-plan","status":"publish","type":"page","link":"https:\/\/muniovalle.cl\/sitio\/preguntas-plan\/","title":{"rendered":"Preguntas Plan Regulador"},"content":{"rendered":"\t\t<div data-elementor-type=\"wp-page\" data-elementor-id=\"3660\" class=\"elementor elementor-3660\">\n\t\t\t\t<div class=\"elementor-element elementor-element-795c082 e-grid e-con-boxed wpr-particle-no wpr-jarallax-no wpr-parallax-no wpr-sticky-section-no e-con e-parent\" data-id=\"795c082\" data-element_type=\"container\">\n\t\t\t\t\t<div class=\"e-con-inner\">\n\t\t\t\t<div class=\"elementor-element elementor-element-537cb25 elementor-widget elementor-widget-heading\" data-id=\"537cb25\" data-element_type=\"widget\" data-widget_type=\"heading.default\">\n\t\t\t\t<div class=\"elementor-widget-container\">\n\t\t\t\t\t<h2 class=\"elementor-heading-title elementor-size-default\">Preguntas Plan Regulador<\/h2>\t\t\t\t<\/div>\n\t\t\t\t<\/div>\n\t\t\t\t\t<\/div>\n\t\t\t\t<\/div>\n\t\t<div class=\"elementor-element elementor-element-a22a2e7 e-grid e-con-full wpr-particle-no wpr-jarallax-no wpr-parallax-no wpr-sticky-section-no e-con e-parent\" data-id=\"a22a2e7\" data-element_type=\"container\">\n\t\t\t\t<div class=\"elementor-element elementor-element-e5bd2f0 elementor-widget elementor-widget-whitehall_faqs_v2\" data-id=\"e5bd2f0\" data-element_type=\"widget\" data-widget_type=\"whitehall_faqs_v2.default\">\n\t\t\t\t<div class=\"elementor-widget-container\">\n\t\t\t\t\t\n\t\t<!-- faq-page-section -->\n        <section class=\"faq-page-section faq-section sec-pad\">\n            <div class=\"auto-container\">\n                <div class=\"sec-title centred\">\n\t\t\t\t\t\n\t\t\t\t\t                <\/div>\n                <div class=\"row clearfix\">\n                    <div class=\"col-lg-4 col-md-12 col-sm-12 sidebar-side\">\n                        <div class=\"faq-sidebar\">\n                                                        <div class=\"single-item\">\n                                <span>5<\/span>\n                                <div class=\"icon-box\"><i class=\"fa fa-file-certificate\"><\/i><\/div>\n                                <h4>Patentes Comerciales<\/h4>\n                                <p><a href=\"https:\/\/muniovalle.cl\/sitio\/patentes\/\">Ver Preguntas <i class=\"flaticon-right-arrow\"><\/i><\/a><\/p>\n\t\t\t\t\t\t\t\t\n\t\t\t\t\t\t\t\t\n                               \n                                \n                            <\/div>\n\t\t\t\t\t\t\t                            <div class=\"single-item\">\n                                <span>6<\/span>\n                                <div class=\"icon-box\"><i class=\"fa fa-ambulance\"><\/i><\/div>\n                                <h4>Farmacia Municipal<\/h4>\n                                <p><a href=\"https:\/\/muniovalle.cl\/sitio\/preguntas-farmacia\/\">Ver Preguntas <i class=\"flaticon-right-arrow\"><\/i><\/a><\/p>\n\t\t\t\t\t\t\t\t\n\t\t\t\t\t\t\t\t\n                               \n                                \n                            <\/div>\n\t\t\t\t\t\t\t                            <div class=\"single-item\">\n                                <span>7<\/span>\n                                <div class=\"icon-box\"><i class=\"fa fa-traffic-light\"><\/i><\/div>\n                                <h4>Tr\u00e1nsito y Transporte<\/h4>\n                                <p><a href=\"https:\/\/muniovalle.cl\/sitio\/transito\/\">Ver Preguntas <i class=\"flaticon-right-arrow\"><\/i><\/a><\/p>\n\t\t\t\t\t\t\t\t\n\t\t\t\t\t\t\t\t\n                               \n                                \n                            <\/div>\n\t\t\t\t\t\t\t                            <div class=\"single-item\">\n                                <span>8<\/span>\n                                <div class=\"icon-box\"><i class=\"fa fa-balance-scale\"><\/i><\/div>\n                                <h4>Juzgado de Polic\u00eda<\/h4>\n                                <p><a href=\"https:\/\/muniovalle.cl\/sitio\/preguntas-juzgado\/\">Ver Preguntas <i class=\"flaticon-right-arrow\"><\/i><\/a><\/p>\n\t\t\t\t\t\t\t\t\n\t\t\t\t\t\t\t\t\n                               \n                                \n                            <\/div>\n\t\t\t\t\t\t\t                        <\/div>\n                    <\/div>\n                    <div class=\"col-lg-8 col-md-12 col-sm-12 content-side\">\n                        <ul class=\"accordion-box\">\n                            \t\t\t\t\t\t\t<li class=\"accordion block active-block\">\n                                <div class=\"acc-btn active\">\n                                    <div class=\"icon-outer\"><\/div>\n                                    <h5><span>01. <\/span>\u00bfQU\u00c9 ES UN PLAN REGULADOR COMUNAL (PRC)?<\/h5>\n                                <\/div>\n                                <div class=\"acc-content current\">\n                                    <div class=\"text\">\n                                        <p style=\"text-align: justify;\"><span style=\"color: #000000;\">Es una herramienta de planificaci\u00f3n urbana, que define el conjunto de normas urban\u00edsticas que permiten ordenar el desarrollo de la comuna. El plan establece normas para el territorio, que deben cumplir todos sus habitantes, tanto p\u00fablicos como privados. Algunas de las orientaciones normativas que lo constituyen son: el l\u00edmite urbano, uso de suelos o zonificaci\u00f3n, normas de subdivisi\u00f3n y edificaci\u00f3n, definici\u00f3n de \u00e1reas de riesgo, reconocimiento de \u00e1reas de protecci\u00f3n de valor natural o patrimonial, definici\u00f3n de zonas o inmuebles de conservaci\u00f3n hist\u00f3rica y jerarquizaci\u00f3n y definici\u00f3n de la estructura vial.<\/span><\/p>\n                                    <\/div>\n                                <\/div>\n                            <\/li>\n\t\t\t\t\t\t\t\t\t\t\t\t\t\t<li class=\"accordion block \">\n                                <div class=\"acc-btn \">\n                                    <div class=\"icon-outer\"><\/div>\n                                    <h5><span>02. <\/span>\u00bfCU\u00c1LES SON LAS ETAPAS DEL PRC?<\/h5>\n                                <\/div>\n                                <div class=\"acc-content \">\n                                    <div class=\"text\">\n                                        <p><span style=\"color: #000000;\">El PRC se compone de dos grandes fases: Formulaci\u00f3n o Dise\u00f1o del Plan y Aprobaci\u00f3n del Plan, cada una de las cuales considera una serie de etapas. La Formulaci\u00f3n o Dise\u00f1o del Plan considera las siguientes etapas: diagn\u00f3stico, imagen objetivo, anteproyecto y el proyecto. La fase de aprobaci\u00f3n del plan debe ser aprobada por el Concejo Municipal, revisado por la Secretar\u00eda Regional Ministerial de Vivienda y Urbanismo y dictado por decreto alcaldicio.<\/span><\/p>\n                                    <\/div>\n                                <\/div>\n                            <\/li>\n\t\t\t\t\t\t\t\t\t\t\t\t\t\t<li class=\"accordion block \">\n                                <div class=\"acc-btn \">\n                                    <div class=\"icon-outer\"><\/div>\n                                    <h5><span>03. <\/span>\u00bfPOR QU\u00c9 ACTUALIZARLO?<\/h5>\n                                <\/div>\n                                <div class=\"acc-content \">\n                                    <div class=\"text\">\n                                        <p style=\"text-align: justify;\"><span style=\"color: #000000;\">Para generar una caracterizaci\u00f3n renovada de cada barrio y sector de la comuna, resguardando los atributos y caracter\u00edsticas que forman parte de su identidad, tambi\u00e9n busca impulsar el desarrollo sostenible de Lo Barnechea integrando las diferentes miradas y a la vez, se quiere escuchar a los vecinos e incorporar su visi\u00f3n y as\u00ed enfrentar e integrar de mejor manera los desaf\u00edos del futuro de la comuna.<\/span><\/p>\n                                    <\/div>\n                                <\/div>\n                            <\/li>\n\t\t\t\t\t\t\t\t\t\t\t\t\t\t<li class=\"accordion block \">\n                                <div class=\"acc-btn \">\n                                    <div class=\"icon-outer\"><\/div>\n                                    <h5><span>04. <\/span>\u00bfPor qu\u00e9 es importante la participaci\u00f3n de la comunidad en el proceso de actualizaci\u00f3n?<\/h5>\n                                <\/div>\n                                <div class=\"acc-content \">\n                                    <div class=\"text\">\n                                        <p style=\"text-align: justify;\"><span style=\"color: #000000;\">La nueva ley establece como punto b\u00e1sico y obligatorio, la participaci\u00f3n de la ciudadan\u00eda en todo proceso de actualizaci\u00f3n del plan regulador, por lo tanto, la voz de la comunidad es un componente central al mismo nivel que los aspectos t\u00e9cnicos.<\/span><\/p>\n                                    <\/div>\n                                <\/div>\n                            <\/li>\n\t\t\t\t\t\t\t\t\t\t\t\t\t\t<li class=\"accordion block \">\n                                <div class=\"acc-btn \">\n                                    <div class=\"icon-outer\"><\/div>\n                                    <h5><span>05. <\/span>\u00bfC\u00d3MO SE HACE LA PLANIFICACI\u00d3N DEL TERRITORIO?<\/h5>\n                                <\/div>\n                                <div class=\"acc-content \">\n                                    <div class=\"text\">\n                                        <p style=\"text-align: justify;\"><span style=\"color: #000000;\">A trav\u00e9s de una propuesta de zonificaci\u00f3n, un plan regulador debe precisar d\u00f3nde podr\u00e1n ubicarse las viviendas, el comercio, las actividades productivas y las \u00e1reas verdes, as\u00ed como tambi\u00e9n los criterios para las construcciones. Tambi\u00e9n el plan regulador realiza una propuesta de \u201cvialidad estructurante\u201d, estableciendo las calles y accesos m\u00e1s importantes, los anchos entre l\u00edneas oficiales y las posibles expropiaciones.<\/span><\/p>\n                                    <\/div>\n                                <\/div>\n                            <\/li>\n\t\t\t\t\t\t\t                        <\/ul>\n                        <div class=\"form-inner\">\n                            <div class=\"text\">\n                                <h3><\/h3>\n                                <p><\/p>\n                            <\/div>\n\t\t\t\t\t\t\t\n\t\t\t\t\t\t\t                        <\/div>\n                    <\/div>\n                <\/div>\n            <\/div>\n        <\/section>\n        <!-- faq-page-section end -->\n\n        \t\t\t\t<\/div>\n\t\t\t\t<\/div>\n\t\t\t\t<\/div>\n\t\t\t\t<\/div>\n\t\t","protected":false},"excerpt":{"rendered":"<p>Preguntas Plan Regulador 5 Patentes Comerciales Ver Preguntas 6 Farmacia Municipal Ver Preguntas 7 Tr\u00e1nsito y Transporte Ver Preguntas 8 Juzgado de Polic\u00eda Ver Preguntas 01. \u00bfQU\u00c9 ES UN PLAN REGULADOR COMUNAL (PRC)? Es una herramienta de planificaci\u00f3n urbana, que define el conjunto de normas urban\u00edsticas que permiten ordenar el desarrollo de la comuna. El plan establece normas para el territorio, que deben cumplir todos sus habitantes, tanto p\u00fablicos como privados. Algunas de las orientaciones normativas que lo constituyen son: el l\u00edmite urbano, uso de suelos o zonificaci\u00f3n, normas de subdivisi\u00f3n y edificaci\u00f3n, definici\u00f3n de \u00e1reas de riesgo, reconocimiento de \u00e1reas de protecci\u00f3n de valor natural o patrimonial, definici\u00f3n de zonas o inmuebles de conservaci\u00f3n hist\u00f3rica y jerarquizaci\u00f3n y definici\u00f3n de la estructura vial. 02. \u00bfCU\u00c1LES SON LAS ETAPAS DEL PRC? El PRC se compone de dos grandes fases: Formulaci\u00f3n o Dise\u00f1o del Plan y Aprobaci\u00f3n del Plan, cada una de las cuales considera una serie de etapas. La Formulaci\u00f3n o Dise\u00f1o del Plan considera las siguientes etapas: diagn\u00f3stico, imagen objetivo, anteproyecto y el proyecto. La fase de aprobaci\u00f3n del plan debe ser aprobada por el Concejo Municipal, revisado por la Secretar\u00eda Regional Ministerial de Vivienda y Urbanismo y dictado por decreto alcaldicio. 03. \u00bfPOR QU\u00c9 ACTUALIZARLO? Para generar una caracterizaci\u00f3n renovada de cada barrio y sector de la comuna, resguardando los atributos y caracter\u00edsticas que forman parte de su identidad, tambi\u00e9n busca impulsar el desarrollo sostenible de Lo Barnechea integrando las diferentes miradas y a la vez, se quiere escuchar a los vecinos e incorporar su visi\u00f3n y as\u00ed enfrentar e integrar de mejor manera los desaf\u00edos del futuro de la comuna. 04. \u00bfPor qu\u00e9 es importante la participaci\u00f3n de la comunidad en el proceso de actualizaci\u00f3n? La nueva ley establece como punto b\u00e1sico y obligatorio, la participaci\u00f3n de la ciudadan\u00eda en todo proceso de actualizaci\u00f3n del plan regulador, por lo tanto, la voz de la comunidad es un componente central al mismo nivel que los aspectos t\u00e9cnicos. 05. \u00bfC\u00d3MO SE HACE LA PLANIFICACI\u00d3N DEL TERRITORIO? A trav\u00e9s de una propuesta de zonificaci\u00f3n, un plan regulador debe precisar d\u00f3nde podr\u00e1n ubicarse las viviendas, el comercio, las actividades productivas y las \u00e1reas verdes, as\u00ed como tambi\u00e9n los criterios para las construcciones. Tambi\u00e9n el plan regulador realiza una propuesta de \u201cvialidad estructurante\u201d, estableciendo las calles y accesos m\u00e1s importantes, los anchos entre l\u00edneas oficiales y las posibles expropiaciones.<\/p>\n","protected":false},"author":1,"featured_media":0,"parent":0,"menu_order":0,"comment_status":"closed","ping_status":"closed","template":"","meta":{"_vp_format_video_url":"","_vp_image_focal_point":[],"footnotes":""},"class_list":["post-3660","page","type-page","status-publish","hentry"],"_links":{"self":[{"href":"https:\/\/muniovalle.cl\/sitio\/wp-json\/wp\/v2\/pages\/3660","targetHints":{"allow":["GET"]}}],"collection":[{"href":"https:\/\/muniovalle.cl\/sitio\/wp-json\/wp\/v2\/pages"}],"about":[{"href":"https:\/\/muniovalle.cl\/sitio\/wp-json\/wp\/v2\/types\/page"}],"author":[{"embeddable":true,"href":"https:\/\/muniovalle.cl\/sitio\/wp-json\/wp\/v2\/users\/1"}],"replies":[{"embeddable":true,"href":"https:\/\/muniovalle.cl\/sitio\/wp-json\/wp\/v2\/comments?post=3660"}],"version-history":[{"count":22,"href":"https:\/\/muniovalle.cl\/sitio\/wp-json\/wp\/v2\/pages\/3660\/revisions"}],"predecessor-version":[{"id":4752,"href":"https:\/\/muniovalle.cl\/sitio\/wp-json\/wp\/v2\/pages\/3660\/revisions\/4752"}],"wp:attachment":[{"href":"https:\/\/muniovalle.cl\/sitio\/wp-json\/wp\/v2\/media?parent=3660"}],"curies":[{"name":"wp","href":"https:\/\/api.w.org\/{rel}","templated":true}]}}