{"id":3636,"date":"2024-05-31T09:23:23","date_gmt":"2024-05-31T13:23:23","guid":{"rendered":"https:\/\/muniovalle.cl\/sitio\/?page_id=3636"},"modified":"2024-06-10T12:43:44","modified_gmt":"2024-06-10T16:43:44","slug":"preguntas-farmacia","status":"publish","type":"page","link":"https:\/\/muniovalle.cl\/sitio\/preguntas-farmacia\/","title":{"rendered":"Preguntas Farmacia"},"content":{"rendered":"\t\t<div data-elementor-type=\"wp-page\" data-elementor-id=\"3636\" class=\"elementor elementor-3636\">\n\t\t\t\t<div class=\"elementor-element elementor-element-795c082 e-grid e-con-boxed wpr-particle-no wpr-jarallax-no wpr-parallax-no wpr-sticky-section-no e-con e-parent\" data-id=\"795c082\" data-element_type=\"container\">\n\t\t\t\t\t<div class=\"e-con-inner\">\n\t\t\t\t<div class=\"elementor-element elementor-element-537cb25 elementor-widget elementor-widget-heading\" data-id=\"537cb25\" data-element_type=\"widget\" data-widget_type=\"heading.default\">\n\t\t\t\t<div class=\"elementor-widget-container\">\n\t\t\t\t\t<h2 class=\"elementor-heading-title elementor-size-default\">Preguntas Farmacia Municipal<\/h2>\t\t\t\t<\/div>\n\t\t\t\t<\/div>\n\t\t\t\t\t<\/div>\n\t\t\t\t<\/div>\n\t\t<div class=\"elementor-element elementor-element-a22a2e7 e-grid e-con-full wpr-particle-no wpr-jarallax-no wpr-parallax-no wpr-sticky-section-no e-con e-parent\" data-id=\"a22a2e7\" data-element_type=\"container\">\n\t\t\t\t<div class=\"elementor-element elementor-element-e5bd2f0 elementor-widget elementor-widget-whitehall_faqs_v2\" data-id=\"e5bd2f0\" data-element_type=\"widget\" data-widget_type=\"whitehall_faqs_v2.default\">\n\t\t\t\t<div class=\"elementor-widget-container\">\n\t\t\t\t\t\n\t\t<!-- faq-page-section -->\n        <section class=\"faq-page-section faq-section sec-pad\">\n            <div class=\"auto-container\">\n                <div class=\"sec-title centred\">\n\t\t\t\t\t\n\t\t\t\t\t                <\/div>\n                <div class=\"row clearfix\">\n                    <div class=\"col-lg-4 col-md-12 col-sm-12 sidebar-side\">\n                        <div class=\"faq-sidebar\">\n                                                        <div class=\"single-item\">\n                                <span>5<\/span>\n                                <div class=\"icon-box\"><i class=\"fa fa-file-certificate\"><\/i><\/div>\n                                <h4>Patentes Comerciales<\/h4>\n                                <p><a href=\"https:\/\/muniovalle.cl\/sitio\/patentes\/\">Ver Preguntas <i class=\"flaticon-right-arrow\"><\/i><\/a><\/p>\n\t\t\t\t\t\t\t\t\n\t\t\t\t\t\t\t\t\n                               \n                                \n                            <\/div>\n\t\t\t\t\t\t\t                            <div class=\"single-item\">\n                                <span>7<\/span>\n                                <div class=\"icon-box\"><i class=\"fa fa-traffic-light\"><\/i><\/div>\n                                <h4>Tr\u00e1nsito y Transporte<\/h4>\n                                <p><a href=\"https:\/\/muniovalle.cl\/sitio\/transito\/\">Ver Preguntas <i class=\"flaticon-right-arrow\"><\/i><\/a><\/p>\n\t\t\t\t\t\t\t\t\n\t\t\t\t\t\t\t\t\n                               \n                                \n                            <\/div>\n\t\t\t\t\t\t\t                            <div class=\"single-item\">\n                                <span>8<\/span>\n                                <div class=\"icon-box\"><i class=\"fa fa-balance-scale\"><\/i><\/div>\n                                <h4>Juzgado de Polic\u00eda<\/h4>\n                                <p><a href=\"https:\/\/muniovalle.cl\/sitio\/preguntas-juzgado\/\">Ver Preguntas <i class=\"flaticon-right-arrow\"><\/i><\/a><\/p>\n\t\t\t\t\t\t\t\t\n\t\t\t\t\t\t\t\t\n                               \n                                \n                            <\/div>\n\t\t\t\t\t\t\t                            <div class=\"single-item\">\n                                <span>9<\/span>\n                                <div class=\"icon-box\"><i class=\"fa fa-building\"><\/i><\/div>\n                                <h4>Plan Regulador<\/h4>\n                                <p><a href=\"https:\/\/muniovalle.cl\/sitio\/preguntas-plan\/\">Ver Preguntas <i class=\"flaticon-right-arrow\"><\/i><\/a><\/p>\n\t\t\t\t\t\t\t\t\n\t\t\t\t\t\t\t\t\n                               \n                                \n                            <\/div>\n\t\t\t\t\t\t\t                        <\/div>\n                    <\/div>\n                    <div class=\"col-lg-8 col-md-12 col-sm-12 content-side\">\n                        <ul class=\"accordion-box\">\n                            \t\t\t\t\t\t\t<li class=\"accordion block active-block\">\n                                <div class=\"acc-btn active\">\n                                    <div class=\"icon-outer\"><\/div>\n                                    <h5><span>01. <\/span>\u00bfDebo inscribirme en la Farmacia popular para acceder a su servicio?<\/h5>\n                                <\/div>\n                                <div class=\"acc-content current\">\n                                    <div class=\"text\">\n                                        <p>No, solo debo presentarme con la receta m\u00e9dica, y ser residente de la comuna de Ovalle, aqu\u00ed los pacientes NO SE INSCRIBEN.<\/p>\n                                    <\/div>\n                                <\/div>\n                            <\/li>\n\t\t\t\t\t\t\t\t\t\t\t\t\t\t<li class=\"accordion block \">\n                                <div class=\"acc-btn \">\n                                    <div class=\"icon-outer\"><\/div>\n                                    <h5><span>02. <\/span>\u00bfCualquier persona puede comprar medicamentos en la farmacia municipal?<\/h5>\n                                <\/div>\n                                <div class=\"acc-content \">\n                                    <div class=\"text\">\n                                        <p>Toda persona que sea residente de la comuna de Ovalle puede acceder a comprar medicamentos en la farmacia municipal, solo debe presentar su receta, TODO medicamento se vende con la prescripci\u00f3n m\u00e9dica.<\/p>\n                                    <\/div>\n                                <\/div>\n                            <\/li>\n\t\t\t\t\t\t\t\t\t\t\t\t\t\t<li class=\"accordion block \">\n                                <div class=\"acc-btn \">\n                                    <div class=\"icon-outer\"><\/div>\n                                    <h5><span>03. <\/span>\u00bfPuedo comprar los medicamentos del consultorio?<\/h5>\n                                <\/div>\n                                <div class=\"acc-content \">\n                                    <div class=\"text\">\n                                        <p>No, no se trabaja ning\u00fan medicamento del consultorio, independiente si es recetado por un medico particular o del consultorio. <\/p>\n                                    <\/div>\n                                <\/div>\n                            <\/li>\n\t\t\t\t\t\t\t\t\t\t\t\t\t\t<li class=\"accordion block \">\n                                <div class=\"acc-btn \">\n                                    <div class=\"icon-outer\"><\/div>\n                                    <h5><span>04. <\/span>\u00bfQu\u00e9 medicamentos trabaja la farmacia municipal?<\/h5>\n                                <\/div>\n                                <div class=\"acc-content \">\n                                    <div class=\"text\">\n                                        <p>En la farmacia municipal de Ovalle se trabaja mayoritariamente MEDICAMENTOS DE USO PERMANENTE O USO CR\u00d3NICO, anti-gripales o medicamentos de uso agudo no encontrara en nuestro arsenal. <\/p>\n                                    <\/div>\n                                <\/div>\n                            <\/li>\n\t\t\t\t\t\t\t\t\t\t\t\t\t\t<li class=\"accordion block \">\n                                <div class=\"acc-btn \">\n                                    <div class=\"icon-outer\"><\/div>\n                                    <h5><span>05. <\/span>\u00bfSi el medicamento no est\u00e1, se puede encargar para poder comprarlo despu\u00e9s?<\/h5>\n                                <\/div>\n                                <div class=\"acc-content \">\n                                    <div class=\"text\">\n                                        <p>El arsenal de la farmacia esta formado por las diferentes solicitudes de todos los ciudadanos de la comuna de Ovalle, y se va aumentando y\/o reduciendo anualmente seg\u00fan sean la cantidad de recetas que llegan.  En caso de tener mas de 10 recetas, se solicita incorporaci\u00f3n a trav\u00e9s de orden de compra seg\u00fan se presentaran ofertas en licitaci\u00f3n p\u00fablica y\/o Central de abastecimiento (CENABAST).<\/p>\n                                    <\/div>\n                                <\/div>\n                            <\/li>\n\t\t\t\t\t\t\t\t\t\t\t\t\t\t<li class=\"accordion block \">\n                                <div class=\"acc-btn \">\n                                    <div class=\"icon-outer\"><\/div>\n                                    <h5><span>06. <\/span>\u00bfQu\u00e9 formas de pago puedo utilizar?<\/h5>\n                                <\/div>\n                                <div class=\"acc-content \">\n                                    <div class=\"text\">\n                                        <p>Debido Cr\u00e9dito y efectivo<\/p>\n                                    <\/div>\n                                <\/div>\n                            <\/li>\n\t\t\t\t\t\t\t\t\t\t\t\t\t\t<li class=\"accordion block \">\n                                <div class=\"acc-btn \">\n                                    <div class=\"icon-outer\"><\/div>\n                                    <h5><span>07. <\/span>\u00bfLa boleta que se emite sirve para reembolso?<\/h5>\n                                <\/div>\n                                <div class=\"acc-content \">\n                                    <div class=\"text\">\n                                        <p>Si, debe indicar en la funcionaria que necesita con el detalle para reembolso para que en la glosa de la boleta este el detalle de lo adquirido<\/p>\n                                    <\/div>\n                                <\/div>\n                            <\/li>\n\t\t\t\t\t\t\t\t\t\t\t\t\t\t<li class=\"accordion block \">\n                                <div class=\"acc-btn \">\n                                    <div class=\"icon-outer\"><\/div>\n                                    <h5><span>08. <\/span>\u00bfPuedo comprar m\u00e1s de 1 caja de tratamiento?<\/h5>\n                                <\/div>\n                                <div class=\"acc-content \">\n                                    <div class=\"text\">\n                                        <p>Todo depender\u00e1 del stock<\/p>\n                                    <\/div>\n                                <\/div>\n                            <\/li>\n\t\t\t\t\t\t\t                        <\/ul>\n                        <div class=\"form-inner\">\n                            <div class=\"text\">\n                                <h3><\/h3>\n                                <p><\/p>\n                            <\/div>\n\t\t\t\t\t\t\t\n\t\t\t\t\t\t\t                        <\/div>\n                    <\/div>\n                <\/div>\n            <\/div>\n        <\/section>\n        <!-- faq-page-section end -->\n\n        \t\t\t\t<\/div>\n\t\t\t\t<\/div>\n\t\t\t\t<\/div>\n\t\t\t\t<\/div>\n\t\t","protected":false},"excerpt":{"rendered":"<p>Preguntas Farmacia Municipal 5 Patentes Comerciales Ver Preguntas 7 Tr\u00e1nsito y Transporte Ver Preguntas 8 Juzgado de Polic\u00eda Ver Preguntas 9 Plan Regulador Ver Preguntas 01. \u00bfDebo inscribirme en la Farmacia popular para acceder a su servicio? No, solo debo presentarme con la receta m\u00e9dica, y ser residente de la comuna de Ovalle, aqu\u00ed los pacientes NO SE INSCRIBEN. 02. \u00bfCualquier persona puede comprar medicamentos en la farmacia municipal? Toda persona que sea residente de la comuna de Ovalle puede acceder a comprar medicamentos en la farmacia municipal, solo debe presentar su receta, TODO medicamento se vende con la prescripci\u00f3n m\u00e9dica. 03. \u00bfPuedo comprar los medicamentos del consultorio? No, no se trabaja ning\u00fan medicamento del consultorio, independiente si es recetado por un medico particular o del consultorio. 04. \u00bfQu\u00e9 medicamentos trabaja la farmacia municipal? En la farmacia municipal de Ovalle se trabaja mayoritariamente MEDICAMENTOS DE USO PERMANENTE O USO CR\u00d3NICO, anti-gripales o medicamentos de uso agudo no encontrara en nuestro arsenal. 05. \u00bfSi el medicamento no est\u00e1, se puede encargar para poder comprarlo despu\u00e9s? El arsenal de la farmacia esta formado por las diferentes solicitudes de todos los ciudadanos de la comuna de Ovalle, y se va aumentando y\/o reduciendo anualmente seg\u00fan sean la cantidad de recetas que llegan. En caso de tener mas de 10 recetas, se solicita incorporaci\u00f3n a trav\u00e9s de orden de compra seg\u00fan se presentaran ofertas en licitaci\u00f3n p\u00fablica y\/o Central de abastecimiento (CENABAST). 06. \u00bfQu\u00e9 formas de pago puedo utilizar? Debido Cr\u00e9dito y efectivo 07. \u00bfLa boleta que se emite sirve para reembolso? Si, debe indicar en la funcionaria que necesita con el detalle para reembolso para que en la glosa de la boleta este el detalle de lo adquirido 08. \u00bfPuedo comprar m\u00e1s de 1 caja de tratamiento? Todo depender\u00e1 del stock<\/p>\n","protected":false},"author":1,"featured_media":0,"parent":0,"menu_order":0,"comment_status":"closed","ping_status":"closed","template":"","meta":{"_vp_format_video_url":"","_vp_image_focal_point":[],"footnotes":""},"class_list":["post-3636","page","type-page","status-publish","hentry"],"_links":{"self":[{"href":"https:\/\/muniovalle.cl\/sitio\/wp-json\/wp\/v2\/pages\/3636","targetHints":{"allow":["GET"]}}],"collection":[{"href":"https:\/\/muniovalle.cl\/sitio\/wp-json\/wp\/v2\/pages"}],"about":[{"href":"https:\/\/muniovalle.cl\/sitio\/wp-json\/wp\/v2\/types\/page"}],"author":[{"embeddable":true,"href":"https:\/\/muniovalle.cl\/sitio\/wp-json\/wp\/v2\/users\/1"}],"replies":[{"embeddable":true,"href":"https:\/\/muniovalle.cl\/sitio\/wp-json\/wp\/v2\/comments?post=3636"}],"version-history":[{"count":31,"href":"https:\/\/muniovalle.cl\/sitio\/wp-json\/wp\/v2\/pages\/3636\/revisions"}],"predecessor-version":[{"id":4755,"href":"https:\/\/muniovalle.cl\/sitio\/wp-json\/wp\/v2\/pages\/3636\/revisions\/4755"}],"wp:attachment":[{"href":"https:\/\/muniovalle.cl\/sitio\/wp-json\/wp\/v2\/media?parent=3636"}],"curies":[{"name":"wp","href":"https:\/\/api.w.org\/{rel}","templated":true}]}}