{"id":3602,"date":"2024-05-30T22:44:59","date_gmt":"2024-05-31T02:44:59","guid":{"rendered":"https:\/\/muniovalle.cl\/sitio\/?page_id=3602"},"modified":"2025-03-06T13:49:30","modified_gmt":"2025-03-06T16:49:30","slug":"preguntas-frecuentes","status":"publish","type":"page","link":"https:\/\/muniovalle.cl\/sitio\/preguntas-frecuentes\/","title":{"rendered":"Preguntas Frecuentes"},"content":{"rendered":"\t\t<div data-elementor-type=\"wp-page\" data-elementor-id=\"3602\" class=\"elementor elementor-3602\">\n\t\t\t\t<div class=\"elementor-element elementor-element-795c082 e-grid e-con-boxed wpr-particle-no wpr-jarallax-no wpr-parallax-no wpr-sticky-section-no e-con e-parent\" data-id=\"795c082\" data-element_type=\"container\">\n\t\t\t\t\t<div class=\"e-con-inner\">\n\t\t\t\t<div class=\"elementor-element elementor-element-537cb25 elementor-widget elementor-widget-heading\" data-id=\"537cb25\" data-element_type=\"widget\" data-widget_type=\"heading.default\">\n\t\t\t\t<div class=\"elementor-widget-container\">\n\t\t\t\t\t<h2 class=\"elementor-heading-title elementor-size-default\">Encuentra la respuesta que necesitas...<\/h2>\t\t\t\t<\/div>\n\t\t\t\t<\/div>\n\t\t\t\t\t<\/div>\n\t\t\t\t<\/div>\n\t\t<div class=\"elementor-element elementor-element-a22a2e7 e-grid e-con-full wpr-particle-no wpr-jarallax-no wpr-parallax-no wpr-sticky-section-no e-con e-parent\" data-id=\"a22a2e7\" data-element_type=\"container\">\n\t\t\t\t<div class=\"elementor-element elementor-element-e5bd2f0 elementor-widget elementor-widget-whitehall_faqs_v2\" data-id=\"e5bd2f0\" data-element_type=\"widget\" data-widget_type=\"whitehall_faqs_v2.default\">\n\t\t\t\t<div class=\"elementor-widget-container\">\n\t\t\t\t\t\n\t\t<!-- faq-page-section -->\n        <section class=\"faq-page-section faq-section sec-pad\">\n            <div class=\"auto-container\">\n                <div class=\"sec-title centred\">\n\t\t\t\t\t\n\t\t\t\t\t                <\/div>\n                <div class=\"row clearfix\">\n                    <div class=\"col-lg-4 col-md-12 col-sm-12 sidebar-side\">\n                        <div class=\"faq-sidebar\">\n                                                        <div class=\"single-item\">\n                                <span>5<\/span>\n                                <div class=\"icon-box\"><i class=\"fa fa-file\"><\/i><\/div>\n                                <h4>Patentes Comerciales<\/h4>\n                                <p><a href=\"\">Ver Preguntas <i class=\"flaticon-right-arrow\"><\/i><\/a><\/p>\n\t\t\t\t\t\t\t\t\n\t\t\t\t\t\t\t\t\n                               \n                                \n                            <\/div>\n\t\t\t\t\t\t\t                            <div class=\"single-item\">\n                                <span>6<\/span>\n                                <div class=\"icon-box\"><i class=\"fa fa-ambulance\"><\/i><\/div>\n                                <h4>Farmacia Municipal<\/h4>\n                                <p><a href=\"https:\/\/muniovalle.cl\/sitio\/preguntas-farmacia\/\">Ver Preguntas <i class=\"flaticon-right-arrow\"><\/i><\/a><\/p>\n\t\t\t\t\t\t\t\t\n\t\t\t\t\t\t\t\t\n                               \n                                \n                            <\/div>\n\t\t\t\t\t\t\t                            <div class=\"single-item\">\n                                <span>7<\/span>\n                                <div class=\"icon-box\"><i class=\"fa fa-traffic-light\"><\/i><\/div>\n                                <h4>Tr\u00e1nsito y Transporte<\/h4>\n                                <p><a href=\"https:\/\/muniovalle.cl\/sitio\/transito\/\">Ver Preguntas <i class=\"flaticon-right-arrow\"><\/i><\/a><\/p>\n\t\t\t\t\t\t\t\t\n\t\t\t\t\t\t\t\t\n                               \n                                \n                            <\/div>\n\t\t\t\t\t\t\t                            <div class=\"single-item\">\n                                <span>8<\/span>\n                                <div class=\"icon-box\"><i class=\"fa fa-balance-scale\"><\/i><\/div>\n                                <h4>Juzgado de Polic\u00eda<\/h4>\n                                <p><a href=\"https:\/\/muniovalle.cl\/sitio\/preguntas-juzgado\/\">Ver Preguntas <i class=\"flaticon-right-arrow\"><\/i><\/a><\/p>\n\t\t\t\t\t\t\t\t\n\t\t\t\t\t\t\t\t\n                               \n                                \n                            <\/div>\n\t\t\t\t\t\t\t                            <div class=\"single-item\">\n                                <span>9<\/span>\n                                <div class=\"icon-box\"><i class=\"fa fa-building\"><\/i><\/div>\n                                <h4>Plan Regulador<\/h4>\n                                <p><a href=\"https:\/\/muniovalle.cl\/sitio\/preguntas-plan\/\">Ver Preguntas <i class=\"flaticon-right-arrow\"><\/i><\/a><\/p>\n\t\t\t\t\t\t\t\t\n\t\t\t\t\t\t\t\t\n                               \n                                \n                            <\/div>\n\t\t\t\t\t\t\t                        <\/div>\n                    <\/div>\n                    <div class=\"col-lg-8 col-md-12 col-sm-12 content-side\">\n                        <ul class=\"accordion-box\">\n                            \t\t\t\t\t\t\t<li class=\"accordion block active-block\">\n                                <div class=\"acc-btn active\">\n                                    <div class=\"icon-outer\"><\/div>\n                                    <h5><span>01. <\/span>Cuales son los Horarios de Atenci\u00f3n a P\u00fablico?<\/h5>\n                                <\/div>\n                                <div class=\"acc-content current\">\n                                    <div class=\"text\">\n                                        <p>Los Horarios de atenci\u00f3n al P\u00fablico son de 8:30 AM &#8211; 17:30 PM (Lunes a Jueves) y de 8:30 AM &#8211; 16:30 PM (Los Viernes).<\/p>\n                                    <\/div>\n                                <\/div>\n                            <\/li>\n\t\t\t\t\t\t\t\t\t\t\t\t\t\t<li class=\"accordion block \">\n                                <div class=\"acc-btn \">\n                                    <div class=\"icon-outer\"><\/div>\n                                    <h5><span>02. <\/span>\u00bfC\u00f3mo puedo notificar fallas en Luminarias P\u00fablicas?<\/h5>\n                                <\/div>\n                                <div class=\"acc-content \">\n                                    <div class=\"text\">\n                                        <p>A trav\u00e9s del fono &#8230;.. o mediante el correo electr\u00f3nico &#8230;&#8230;..<\/p>\n                                    <\/div>\n                                <\/div>\n                            <\/li>\n\t\t\t\t\t\t\t\t\t\t\t\t\t\t<li class=\"accordion block \">\n                                <div class=\"acc-btn \">\n                                    <div class=\"icon-outer\"><\/div>\n                                    <h5><span>03. <\/span>\u00bfD\u00f3nde solicito los certificados de obras municipales y planos comunales?<\/h5>\n                                <\/div>\n                                <div class=\"acc-content \">\n                                    <div class=\"text\">\n                                        <p>Usted debe realizar la solicitud de estos documentos, con el rol de la propiedad, en a la direcci\u00f3n de Obras municipal Arist\u00eda Poniente N\u00b07(entrada calle pescadores), con N\u00ba de atenci\u00f3n, de lunes a viernes desde las 08:30 a las 14:00 hrs<\/p>\n                                    <\/div>\n                                <\/div>\n                            <\/li>\n\t\t\t\t\t\t\t\t\t\t\t\t\t\t<li class=\"accordion block \">\n                                <div class=\"acc-btn \">\n                                    <div class=\"icon-outer\"><\/div>\n                                    <h5><span>04. <\/span>\u00bfCu\u00e1les son los medios de pago aceptados por la Municipalidad?<\/h5>\n                                <\/div>\n                                <div class=\"acc-content \">\n                                    <div class=\"text\">\n                                        <p>Efectivo, y tarjetas de d\u00e9bito\/cr\u00e9dito.<\/p>\n                                    <\/div>\n                                <\/div>\n                            <\/li>\n\t\t\t\t\t\t\t                        <\/ul>\n                        <div class=\"form-inner\">\n                            <div class=\"text\">\n                                <h3><\/h3>\n                                <p><\/p>\n                            <\/div>\n\t\t\t\t\t\t\t\n\t\t\t\t\t\t\t                        <\/div>\n                    <\/div>\n                <\/div>\n            <\/div>\n        <\/section>\n        <!-- faq-page-section end -->\n\n        \t\t\t\t<\/div>\n\t\t\t\t<\/div>\n\t\t\t\t<\/div>\n\t\t\t\t<\/div>\n\t\t","protected":false},"excerpt":{"rendered":"<p>Encuentra la respuesta que necesitas&#8230; 5 Patentes Comerciales Ver Preguntas 6 Farmacia Municipal Ver Preguntas 7 Tr\u00e1nsito y Transporte Ver Preguntas 8 Juzgado de Polic\u00eda Ver Preguntas 9 Plan Regulador Ver Preguntas 01. Cuales son los Horarios de Atenci\u00f3n a P\u00fablico? Los Horarios de atenci\u00f3n al P\u00fablico son de 8:30 AM &#8211; 17:30 PM (Lunes a Jueves) y de 8:30 AM &#8211; 16:30 PM (Los Viernes). 02. \u00bfC\u00f3mo puedo notificar fallas en Luminarias P\u00fablicas? A trav\u00e9s del fono &#8230;.. o mediante el correo electr\u00f3nico &#8230;&#8230;.. 03. \u00bfD\u00f3nde solicito los certificados de obras municipales y planos comunales? Usted debe realizar la solicitud de estos documentos, con el rol de la propiedad, en a la direcci\u00f3n de Obras municipal Arist\u00eda Poniente N\u00b07(entrada calle pescadores), con N\u00ba de atenci\u00f3n, de lunes a viernes desde las 08:30 a las 14:00 hrs 04. \u00bfCu\u00e1les son los medios de pago aceptados por la Municipalidad? Efectivo, y tarjetas de d\u00e9bito\/cr\u00e9dito.<\/p>\n","protected":false},"author":1,"featured_media":0,"parent":0,"menu_order":0,"comment_status":"closed","ping_status":"closed","template":"","meta":{"_vp_format_video_url":"","_vp_image_focal_point":[],"footnotes":""},"class_list":["post-3602","page","type-page","status-publish","hentry"],"_links":{"self":[{"href":"https:\/\/muniovalle.cl\/sitio\/wp-json\/wp\/v2\/pages\/3602","targetHints":{"allow":["GET"]}}],"collection":[{"href":"https:\/\/muniovalle.cl\/sitio\/wp-json\/wp\/v2\/pages"}],"about":[{"href":"https:\/\/muniovalle.cl\/sitio\/wp-json\/wp\/v2\/types\/page"}],"author":[{"embeddable":true,"href":"https:\/\/muniovalle.cl\/sitio\/wp-json\/wp\/v2\/users\/1"}],"replies":[{"embeddable":true,"href":"https:\/\/muniovalle.cl\/sitio\/wp-json\/wp\/v2\/comments?post=3602"}],"version-history":[{"count":69,"href":"https:\/\/muniovalle.cl\/sitio\/wp-json\/wp\/v2\/pages\/3602\/revisions"}],"predecessor-version":[{"id":9456,"href":"https:\/\/muniovalle.cl\/sitio\/wp-json\/wp\/v2\/pages\/3602\/revisions\/9456"}],"wp:attachment":[{"href":"https:\/\/muniovalle.cl\/sitio\/wp-json\/wp\/v2\/media?parent=3602"}],"curies":[{"name":"wp","href":"https:\/\/api.w.org\/{rel}","templated":true}]}}