{"id":3568,"date":"2024-05-30T15:28:21","date_gmt":"2024-05-30T19:28:21","guid":{"rendered":"https:\/\/muniovalle.cl\/sitio\/?page_id=3568"},"modified":"2024-12-26T08:49:47","modified_gmt":"2024-12-26T11:49:47","slug":"educacion","status":"publish","type":"page","link":"https:\/\/muniovalle.cl\/sitio\/educacion\/","title":{"rendered":"Educaci\u00f3n"},"content":{"rendered":"\t\t<div data-elementor-type=\"wp-page\" data-elementor-id=\"3568\" class=\"elementor elementor-3568\">\n\t\t\t\t<div class=\"elementor-element elementor-element-3f391a3 e-flex e-con-boxed wpr-particle-no wpr-jarallax-no wpr-parallax-no wpr-sticky-section-no e-con e-parent\" data-id=\"3f391a3\" data-element_type=\"container\">\n\t\t\t\t\t<div class=\"e-con-inner\">\n\t\t\t\t<div class=\"elementor-element elementor-element-7c35bff elementor-widget elementor-widget-whitehall_about_our_government\" data-id=\"7c35bff\" data-element_type=\"widget\" data-widget_type=\"whitehall_about_our_government.default\">\n\t\t\t\t<div class=\"elementor-widget-container\">\n\t\t\t\t\t        \n        <!-- feature-section -->\n        <section class=\"feature-section sec-pad\" style=\"background-image: url();\">\n            <div class=\"auto-container\">\n                <div class=\"sec-title centred\">\n\t\t\t\t\t\n\t\t\t\t\t\t\t\t\t\t<h2>Departamento de Educaci\u00f3n<\/h2>\n\t\t\t\t\t<div class=\"title-shape\"><\/div>\n\t\t\t\t\t                <\/div>\n                <div class=\"row clearfix\">\n                                    <\/div>\n            <\/div>\n        <\/section>\n        <!-- feature-section end -->\n\n        \t\t\t\t<\/div>\n\t\t\t\t<\/div>\n\t\t\t\t\t<\/div>\n\t\t\t\t<\/div>\n\t\t<div class=\"elementor-element elementor-element-72f422f e-grid e-con-boxed wpr-particle-no wpr-jarallax-no wpr-parallax-no wpr-sticky-section-no e-con e-parent\" data-id=\"72f422f\" data-element_type=\"container\">\n\t\t\t\t\t<div class=\"e-con-inner\">\n\t\t\t\t<div class=\"elementor-element elementor-element-c258305 elementor-widget elementor-widget-text-editor\" data-id=\"c258305\" data-element_type=\"widget\" data-widget_type=\"text-editor.default\">\n\t\t\t\t<div class=\"elementor-widget-container\">\n\t\t\t\t\t\t\t\t\t<h4>Prop\u00f3sito<\/h4><p style=\"text-align: justify;\">El Departamento de Educaci\u00f3n Municipal (DEM), es un actor clave en el dise\u00f1o, conducci\u00f3n y mejoramiento de la calidad del sistema de educaci\u00f3n municipal de la comuna de Ovalle. Desde esta unidad se entregan los lineamientos institucionales y se definen las pol\u00edticas, objetivos y acciones claves del sistema educativo. Adem\u00e1s, se desarrolla la gesti\u00f3n administrativa de soporte a los establecimientos educacionales.<\/p><p style=\"text-align: justify;\">Su principal objetivo es dise\u00f1ar e implementar el proyecto educativo de Ovalle, mediante la gesti\u00f3n administrativa, financiera y t\u00e9cnica pedag\u00f3gica de las escuelas, colegios y liceos, con el prop\u00f3sito de mejorar la calidad y equidad de la comuna.<\/p><p style=\"text-align: justify;\">El Departamento de Educaci\u00f3n, debe velar por un eficiente administraci\u00f3n de las unidades educativas de la jurisdicci\u00f3n comunal, en concordancia con la ley 19.070, estatuto Docente 1.862 y\/o C\u00f3digo del Trabajo seg\u00fan corresponda, a trav\u00e9s de la contrataci\u00f3n y administraci\u00f3n del personal directivo, administrativo, auxiliar y otros profesionales.<\/p><p style=\"text-align: justify;\">Siguiendo el prop\u00f3sito de avanzar hacia una educaci\u00f3n de calidad caracterizada por el desarrollo integral de las y los estudiantes, se pone especial \u00e9nfasis en los principios ligados a la equidad, la inclusi\u00f3n y la participaci\u00f3n de todos los actores de la comunidad educativa, donde se promueva la valoraci\u00f3n de la diversidad y se aprecie la riqueza de todos los puntos de vista que convergen en el espacio escolar, convirti\u00e9ndolo en un lugar dialogante, seguro y bien tratante. Asimismo, relevamos la promoci\u00f3n de m\u00faltiples y variadas oportunidades para fortalecer las habilidades socioemocionales de los estudiantes, propiciando particularmente el \u00e1mbito deportivo, art\u00edstico, cultural y medioambiental, garantizando una educaci\u00f3n sustentable y con ambientes propicios para el aprendizaje.<\/p>\t\t\t\t\t\t\t\t<\/div>\n\t\t\t\t<\/div>\n\t\t\t\t\t<\/div>\n\t\t\t\t<\/div>\n\t\t<div class=\"elementor-element elementor-element-0a9ecc3 e-grid e-con-boxed wpr-particle-no wpr-jarallax-no wpr-parallax-no wpr-sticky-section-no e-con e-parent\" data-id=\"0a9ecc3\" data-element_type=\"container\">\n\t\t\t\t\t<div class=\"e-con-inner\">\n\t\t\t\t<div class=\"elementor-element elementor-element-7e97434 elementor-widget elementor-widget-text-editor\" data-id=\"7e97434\" data-element_type=\"widget\" data-widget_type=\"text-editor.default\">\n\t\t\t\t<div class=\"elementor-widget-container\">\n\t\t\t\t\t\t\t\t\t<h4>Misi\u00f3n<\/h4><p>Gestionar con efectividad condiciones que aseguren una educaci\u00f3n integral de calidad, inclusiva y sustentable para todos nuestros estudiantes de la comuna de Ovalle.<\/p>\t\t\t\t\t\t\t\t<\/div>\n\t\t\t\t<\/div>\n\t\t\t\t\t<\/div>\n\t\t\t\t<\/div>\n\t\t<div class=\"elementor-element elementor-element-733ad5f e-grid e-con-boxed wpr-particle-no wpr-jarallax-no wpr-parallax-no wpr-sticky-section-no e-con e-parent\" data-id=\"733ad5f\" data-element_type=\"container\">\n\t\t\t\t\t<div class=\"e-con-inner\">\n\t\t\t\t<div class=\"elementor-element elementor-element-07fe943 elementor-widget-divider--view-line elementor-widget elementor-widget-divider\" data-id=\"07fe943\" data-element_type=\"widget\" data-widget_type=\"divider.default\">\n\t\t\t\t<div class=\"elementor-widget-container\">\n\t\t\t\t\t\t\t<div class=\"elementor-divider\">\n\t\t\t<span class=\"elementor-divider-separator\">\n\t\t\t\t\t\t<\/span>\n\t\t<\/div>\n\t\t\t\t\t\t<\/div>\n\t\t\t\t<\/div>\n\t\t\t\t<div class=\"elementor-element elementor-element-bd735c1 elementor-widget elementor-widget-text-editor\" data-id=\"bd735c1\" data-element_type=\"widget\" data-widget_type=\"text-editor.default\">\n\t\t\t\t<div class=\"elementor-widget-container\">\n\t\t\t\t\t\t\t\t\t<h4>Visi\u00f3n<\/h4><p style=\"text-align: justify;\">Ser una organizaci\u00f3n efectiva en la gesti\u00f3n de una educaci\u00f3n integral de calidad, inclusiva y sustentable.<\/p>\t\t\t\t\t\t\t\t<\/div>\n\t\t\t\t<\/div>\n\t\t\t\t\t<\/div>\n\t\t\t\t<\/div>\n\t\t<div class=\"elementor-element elementor-element-b276537 e-grid e-con-boxed wpr-particle-no wpr-jarallax-no wpr-parallax-no wpr-sticky-section-no e-con e-parent\" data-id=\"b276537\" data-element_type=\"container\">\n\t\t\t\t\t<div class=\"e-con-inner\">\n\t\t\t\t<div class=\"elementor-element elementor-element-0b40b3c elementor-widget-divider--view-line elementor-widget elementor-widget-divider\" data-id=\"0b40b3c\" data-element_type=\"widget\" data-widget_type=\"divider.default\">\n\t\t\t\t<div class=\"elementor-widget-container\">\n\t\t\t\t\t\t\t<div class=\"elementor-divider\">\n\t\t\t<span class=\"elementor-divider-separator\">\n\t\t\t\t\t\t<\/span>\n\t\t<\/div>\n\t\t\t\t\t\t<\/div>\n\t\t\t\t<\/div>\n\t\t\t\t<div class=\"elementor-element elementor-element-9843286 elementor-widget elementor-widget-text-editor\" data-id=\"9843286\" data-element_type=\"widget\" data-widget_type=\"text-editor.default\">\n\t\t\t\t<div class=\"elementor-widget-container\">\n\t\t\t\t\t\t\t\t\t<h4>Funciones que tiene el DEM<\/h4><ul><li style=\"text-align: justify;\"><span style=\"color: #2b2727;\">Asesorar al alcalde en la formulaci\u00f3n del Plan Anual de Desarrollo de la Educaci\u00f3n Municipal comunal y en otras materias relacionadas con la educaci\u00f3n.<\/span><\/li><li style=\"text-align: justify;\"><span style=\"color: #2b2727;\">Gestionar eficientemente los Recursos Financieros-Administrativos, Recursos Humanos, Servicios de Apoyo y Recursos F\u00edsicos disponibles.<\/span><\/li><li style=\"text-align: justify;\"><span style=\"color: #2b2727;\">Promover logros educativos de excelencia y pr\u00e1cticas de calidad definidas en la gesti\u00f3n escolar, en todos los Establecimientos Educacionales Municipales y la implementaci\u00f3n de las Pol\u00edticas Educativas de la Comuna.<\/span><\/li><li style=\"text-align: justify;\"><span style=\"color: #2b2727;\">Evaluar el funcionamiento organizacional del DEM y los establecimientos, desarrollando una pol\u00edtica de mejora continua de los procedimientos administrativos y contables de cada una de estas unidades.<\/span><\/li><li style=\"text-align: justify;\"><span style=\"color: #2b2727;\">Gestionar la planificaci\u00f3n, direcci\u00f3n, seguimiento y evaluaci\u00f3n del desempe\u00f1o eficiente de los Directivos y profesionales de la educaci\u00f3n, encargados de los Establecimientos Educacionales Municipales de la Comuna.<\/span><\/li><li style=\"text-align: justify;\"><span style=\"color: #2b2727;\">Velar por el cumplimiento de las normativas vigentes, en cada uno de los Establecimientos Educacionales bajo su responsabilidad.<\/span><\/li><\/ul>\t\t\t\t\t\t\t\t<\/div>\n\t\t\t\t<\/div>\n\t\t\t\t\t<\/div>\n\t\t\t\t<\/div>\n\t\t<div class=\"elementor-element elementor-element-6e5e9be e-flex e-con-boxed wpr-particle-no wpr-jarallax-no wpr-parallax-no wpr-sticky-section-no e-con e-parent\" data-id=\"6e5e9be\" data-element_type=\"container\">\n\t\t\t\t\t<div class=\"e-con-inner\">\n\t\t\t\t<div class=\"elementor-element elementor-element-a22e1b3 elementor-widget elementor-widget-image\" data-id=\"a22e1b3\" data-element_type=\"widget\" data-widget_type=\"image.default\">\n\t\t\t\t<div class=\"elementor-widget-container\">\n\t\t\t\t\t\t\t\t\t\t\t\t\t\t\t<img fetchpriority=\"high\" decoding=\"async\" width=\"525\" height=\"210\" src=\"https:\/\/muniovalle.cl\/sitio\/wp-content\/uploads\/2024\/12\/Logo-IMO-Horizontal-2025-1024x409.jpg\" class=\"attachment-large size-large wp-image-8629\" alt=\"\" srcset=\"https:\/\/muniovalle.cl\/sitio\/wp-content\/uploads\/2024\/12\/Logo-IMO-Horizontal-2025-1024x409.jpg 1024w, https:\/\/muniovalle.cl\/sitio\/wp-content\/uploads\/2024\/12\/Logo-IMO-Horizontal-2025-300x120.jpg 300w, https:\/\/muniovalle.cl\/sitio\/wp-content\/uploads\/2024\/12\/Logo-IMO-Horizontal-2025-768x307.jpg 768w, https:\/\/muniovalle.cl\/sitio\/wp-content\/uploads\/2024\/12\/Logo-IMO-Horizontal-2025-1536x614.jpg 1536w, https:\/\/muniovalle.cl\/sitio\/wp-content\/uploads\/2024\/12\/Logo-IMO-Horizontal-2025-2048x819.jpg 2048w, https:\/\/muniovalle.cl\/sitio\/wp-content\/uploads\/2024\/12\/Logo-IMO-Horizontal-2025-500x200.jpg 500w, https:\/\/muniovalle.cl\/sitio\/wp-content\/uploads\/2024\/12\/Logo-IMO-Horizontal-2025-800x320.jpg 800w, https:\/\/muniovalle.cl\/sitio\/wp-content\/uploads\/2024\/12\/Logo-IMO-Horizontal-2025-1280x512.jpg 1280w, https:\/\/muniovalle.cl\/sitio\/wp-content\/uploads\/2024\/12\/Logo-IMO-Horizontal-2025-1920x768.jpg 1920w\" sizes=\"(max-width: 525px) 100vw, 525px\" \/>\t\t\t\t\t\t\t\t\t\t\t\t\t\t\t<\/div>\n\t\t\t\t<\/div>\n\t\t\t\t\t<\/div>\n\t\t\t\t<\/div>\n\t\t\t\t<\/div>\n\t\t","protected":false},"excerpt":{"rendered":"<p>Departamento de Educaci\u00f3n Prop\u00f3sito El Departamento de Educaci\u00f3n Municipal (DEM), es un actor clave en el dise\u00f1o, conducci\u00f3n y mejoramiento de la calidad del sistema de educaci\u00f3n municipal de la comuna de Ovalle. Desde esta unidad se entregan los lineamientos institucionales y se definen las pol\u00edticas, objetivos y acciones claves del sistema educativo. Adem\u00e1s, se desarrolla la gesti\u00f3n administrativa de soporte a los establecimientos educacionales. Su principal objetivo es dise\u00f1ar e implementar el proyecto educativo de Ovalle, mediante la gesti\u00f3n administrativa, financiera y t\u00e9cnica pedag\u00f3gica de las escuelas, colegios y liceos, con el prop\u00f3sito de mejorar la calidad y equidad de la comuna. El Departamento de Educaci\u00f3n, debe velar por un eficiente administraci\u00f3n de las unidades educativas de la jurisdicci\u00f3n comunal, en concordancia con la ley 19.070, estatuto Docente 1.862 y\/o C\u00f3digo del Trabajo seg\u00fan corresponda, a trav\u00e9s de la contrataci\u00f3n y administraci\u00f3n del personal directivo, administrativo, auxiliar y otros profesionales. Siguiendo el prop\u00f3sito de avanzar hacia una educaci\u00f3n de calidad caracterizada por el desarrollo integral de las y los estudiantes, se pone especial \u00e9nfasis en los principios ligados a la equidad, la inclusi\u00f3n y la participaci\u00f3n de todos los actores de la comunidad educativa, donde se promueva la valoraci\u00f3n de la diversidad y se aprecie la riqueza de todos los puntos de vista que convergen en el espacio escolar, convirti\u00e9ndolo en un lugar dialogante, seguro y bien tratante. Asimismo, relevamos la promoci\u00f3n de m\u00faltiples y variadas oportunidades para fortalecer las habilidades socioemocionales de los estudiantes, propiciando particularmente el \u00e1mbito deportivo, art\u00edstico, cultural y medioambiental, garantizando una educaci\u00f3n sustentable y con ambientes propicios para el aprendizaje. Misi\u00f3n Gestionar con efectividad condiciones que aseguren una educaci\u00f3n integral de calidad, inclusiva y sustentable para todos nuestros estudiantes de la comuna de Ovalle. Visi\u00f3n Ser una organizaci\u00f3n efectiva en la gesti\u00f3n de una educaci\u00f3n integral de calidad, inclusiva y sustentable. Funciones que tiene el DEM Asesorar al alcalde en la formulaci\u00f3n del Plan Anual de Desarrollo de la Educaci\u00f3n Municipal comunal y en otras materias relacionadas con la educaci\u00f3n. Gestionar eficientemente los Recursos Financieros-Administrativos, Recursos Humanos, Servicios de Apoyo y Recursos F\u00edsicos disponibles. Promover logros educativos de excelencia y pr\u00e1cticas de calidad definidas en la gesti\u00f3n escolar, en todos los Establecimientos Educacionales Municipales y la implementaci\u00f3n de las Pol\u00edticas Educativas de la Comuna. Evaluar el funcionamiento organizacional del DEM y los establecimientos, desarrollando una pol\u00edtica de mejora continua de los procedimientos administrativos y contables de cada una de estas unidades. Gestionar la planificaci\u00f3n, direcci\u00f3n, seguimiento y evaluaci\u00f3n del desempe\u00f1o eficiente de los Directivos y profesionales de la educaci\u00f3n, encargados de los Establecimientos Educacionales Municipales de la Comuna. Velar por el cumplimiento de las normativas vigentes, en cada uno de los Establecimientos Educacionales bajo su responsabilidad.<\/p>\n","protected":false},"author":1,"featured_media":0,"parent":0,"menu_order":0,"comment_status":"closed","ping_status":"closed","template":"","meta":{"_vp_format_video_url":"","_vp_image_focal_point":[],"footnotes":""},"class_list":["post-3568","page","type-page","status-publish","hentry"],"_links":{"self":[{"href":"https:\/\/muniovalle.cl\/sitio\/wp-json\/wp\/v2\/pages\/3568","targetHints":{"allow":["GET"]}}],"collection":[{"href":"https:\/\/muniovalle.cl\/sitio\/wp-json\/wp\/v2\/pages"}],"about":[{"href":"https:\/\/muniovalle.cl\/sitio\/wp-json\/wp\/v2\/types\/page"}],"author":[{"embeddable":true,"href":"https:\/\/muniovalle.cl\/sitio\/wp-json\/wp\/v2\/users\/1"}],"replies":[{"embeddable":true,"href":"https:\/\/muniovalle.cl\/sitio\/wp-json\/wp\/v2\/comments?post=3568"}],"version-history":[{"count":13,"href":"https:\/\/muniovalle.cl\/sitio\/wp-json\/wp\/v2\/pages\/3568\/revisions"}],"predecessor-version":[{"id":8636,"href":"https:\/\/muniovalle.cl\/sitio\/wp-json\/wp\/v2\/pages\/3568\/revisions\/8636"}],"wp:attachment":[{"href":"https:\/\/muniovalle.cl\/sitio\/wp-json\/wp\/v2\/media?parent=3568"}],"curies":[{"name":"wp","href":"https:\/\/api.w.org\/{rel}","templated":true}]}}