{"id":3445,"date":"2024-05-30T10:47:11","date_gmt":"2024-05-30T14:47:11","guid":{"rendered":"https:\/\/muniovalle.cl\/sitio\/?page_id=3445"},"modified":"2024-05-30T11:31:18","modified_gmt":"2024-05-30T15:31:18","slug":"rendicion-de-subvenciones-otorgadas","status":"publish","type":"page","link":"https:\/\/muniovalle.cl\/sitio\/rendicion-de-subvenciones-otorgadas\/","title":{"rendered":"Rendici\u00f3n de subvenciones otorgadas"},"content":{"rendered":"\t\t<div data-elementor-type=\"wp-page\" data-elementor-id=\"3445\" class=\"elementor elementor-3445\">\n\t\t\t\t<div class=\"elementor-element elementor-element-94977d4 e-grid e-con-full wpr-particle-no wpr-jarallax-no wpr-parallax-no wpr-sticky-section-no e-con e-parent\" data-id=\"94977d4\" data-element_type=\"container\">\n\t\t\t\t<div class=\"elementor-element elementor-element-cc40b33 elementor-widget elementor-widget-spacer\" data-id=\"cc40b33\" data-element_type=\"widget\" data-widget_type=\"spacer.default\">\n\t\t\t\t<div class=\"elementor-widget-container\">\n\t\t\t\t\t\t\t<div class=\"elementor-spacer\">\n\t\t\t<div class=\"elementor-spacer-inner\"><\/div>\n\t\t<\/div>\n\t\t\t\t\t\t<\/div>\n\t\t\t\t<\/div>\n\t\t\t\t<\/div>\n\t\t<div class=\"elementor-element elementor-element-df0e1e4 e-grid e-con-full wpr-particle-no wpr-jarallax-no wpr-parallax-no wpr-sticky-section-no e-con e-parent\" data-id=\"df0e1e4\" data-element_type=\"container\">\n\t\t\t\t<div class=\"elementor-element elementor-element-36faefd elementor-widget elementor-widget-heading\" data-id=\"36faefd\" data-element_type=\"widget\" data-widget_type=\"heading.default\">\n\t\t\t\t<div class=\"elementor-widget-container\">\n\t\t\t\t\t<h2 class=\"elementor-heading-title elementor-size-default\">Rendici\u00f3n de subvenciones otorgadas<\/h2>\t\t\t\t<\/div>\n\t\t\t\t<\/div>\n\t\t\t\t<\/div>\n\t\t<div class=\"elementor-element elementor-element-4edc4e1 e-grid e-con-full wpr-particle-no wpr-jarallax-no wpr-parallax-no wpr-sticky-section-no e-con e-parent\" data-id=\"4edc4e1\" data-element_type=\"container\">\n\t\t\t\t<div class=\"elementor-element elementor-element-8268786 elementor-widget elementor-widget-html\" data-id=\"8268786\" data-element_type=\"widget\" data-widget_type=\"html.default\">\n\t\t\t\t<div class=\"elementor-widget-container\">\n\t\t\t\t\t<nav aria-label=\"breadcrumb\">\n  <ol class=\"breadcrumb\">\n    <li class=\"breadcrumb-item\"><a href=\"https:\/\/muniovalle.cl\/sitio\/\">Inicio<\/a><\/li>\n    <li class=\"breadcrumb-item\"><a href=\"#\">Administraci\u00f3n y finanzass<\/a><\/li>\n    <li class=\"breadcrumb-item active\" aria-current=\"page\">Rendici\u00f3n de subvenciones otorgadas<\/li>\n  <\/ol>\n<\/nav>\t\t\t\t<\/div>\n\t\t\t\t<\/div>\n\t\t\t\t<\/div>\n\t\t<div class=\"elementor-element elementor-element-8e71b18 e-grid e-con-full wpr-particle-no wpr-jarallax-no wpr-parallax-no wpr-sticky-section-no e-con e-parent\" data-id=\"8e71b18\" data-element_type=\"container\">\n\t\t\t\t<div class=\"elementor-element elementor-element-c9f409f elementor-widget elementor-widget-html\" data-id=\"c9f409f\" data-element_type=\"widget\" data-widget_type=\"html.default\">\n\t\t\t\t<div class=\"elementor-widget-container\">\n\t\t\t\t\t<link rel=\"stylesheet\" href=\"https:\/\/cdnjs.cloudflare.com\/ajax\/libs\/font-awesome\/4.7.0\/css\/font-awesome.min.css\">\n\n<div class=\"blog-sidebar\">\n\t\t<div id=\"whitehall_contact_info-4\" class=\"widget sidebar-widget single-sidebar widget_whitehall_contact_info\">        \n\t\t\t<div class=\"contact-widget\">\n\t\t\t\t<div class=\"widget-title\"><h3>Formularios FONDEVE<\/h3><\/div>\t\t\t<div class=\"widget-content\">\n\t\t\t\t\t<ul class=\"info clearfix\">\n\t\t\t\t\t\t\t\t\t\t\t<li>\n\t\t\t\t\t\t\t<h5><i class=\"fa fa-file-pdf-o\" style=\"font-size:24px\"><\/i>&nbsp;Formulario de Rendici\u00f3n<\/h5>\n\t\t\t\t\t\t\t<p><a href=\"https:\/\/view.officeapps.live.com\/op\/view.aspx?src=https%3A%2F%2Fmunicipalidadovalle.cl%2Fsitio%2Fwp-content%2Fuploads%2F2023%2F09%2FFORMULARIO-DE-RENDICION.xls&wdOrigin=BROWSELINK\"target=\"_blank\">DESCARGAR <\/a><\/p>\n\t\t\t\t\t\t<\/li>\n\t\t\t\t\t\t\t\t\t\t\t\n\t\t\t\t\t\t\t\t\t\t\t<li>\n\t\t\t\t\t\t\t<h5><i class=\"fa fa-file-pdf-o\" style=\"font-size:24px\"><\/i>&nbsp;Formulario de desarrollo de actividades<\/h5>\n\t\t\t\t\t\t\t\n\t\t\t\t\t\t\t<p><a href=\"https:\/\/view.officeapps.live.com\/op\/view.aspx?src=https%3A%2F%2Fmunicipalidadovalle.cl%2Fsitio%2Fwp-content%2Fuploads%2F2023%2F09%2FFORMULARIO-DESArrollo.-DE-ACTIVIDADES.docx&wdOrigin=BROWSELINK\"target=\"_blank\">DESCARGAR <\/a><\/p>\n\t\t\t\t\t\t<\/li>\n\t\t\t\t\t\t\t\t\t\t\t\n\t\t\t\t\t\t\t\t\t\t\t<li>\n\t\t\t\t\t\t\t<h5><i class=\"fa fa-file-pdf-o\" style=\"font-size:24px\"><\/i>&nbsp;Recibo<\/h5>\n\t\t\t\t\t\t\t<p><a href=\"https:\/\/view.officeapps.live.com\/op\/view.aspx?src=https%3A%2F%2Fmunicipalidadovalle.cl%2Fsitio%2Fwp-content%2Fuploads%2F2023%2F09%2F2.-RECIBO.docx&wdOrigin=BROWSELINK\"target=\"_blank\">DESCARGAR <\/a><\/p>\n\t\t\t\t\t\t<\/li>\n\t\t\t\t\t\t\n\t\t\t\t\t\t\n\t\t\t\t\t\t\t\t\t\t<\/ul>\n\t\t\t\t<\/div>\n\t\t\t<\/div>\n\t\t<\/div>\n\n\n\n<\/div>\t\t\t\t<\/div>\n\t\t\t\t<\/div>\n\t\t\t\t<div class=\"elementor-element elementor-element-11f1eb1 elementor-widget elementor-widget-html\" data-id=\"11f1eb1\" data-element_type=\"widget\" data-widget_type=\"html.default\">\n\t\t\t\t<div class=\"elementor-widget-container\">\n\t\t\t\t\t<link rel=\"stylesheet\" href=\"https:\/\/cdnjs.cloudflare.com\/ajax\/libs\/font-awesome\/4.7.0\/css\/font-awesome.min.css\">\n\n<div class=\"blog-sidebar\">\n\t\t<div id=\"whitehall_contact_info-4\" class=\"widget sidebar-widget single-sidebar widget_whitehall_contact_info\">        \n\t\t\t<div class=\"contact-widget\">\n\t\t\t\t<div class=\"widget-title\"><h3>Formulario Fondo de Libre Disponibilidad<\/h3><\/div>\t\t\t<div class=\"widget-content\">\n\t\t\t\t\t<ul class=\"info clearfix\">\n\t\t\t\t\t\t\t\t\t\t\t<li>\n\t\t\t\t\t\t\t<h5><i class=\"fa fa-file-pdf-o\" style=\"font-size:24px\"><\/i>&nbsp;Formulario de Rendici\u00f3n<\/h5>\n\t\t\t\t\t\t\t<p><a href=\"https:\/\/view.officeapps.live.com\/op\/view.aspx?src=https%3A%2F%2Fmunicipalidadovalle.cl%2Fsitio%2Fwp-content%2Fuploads%2F2023%2F09%2F1.-FORMULARIO-DE-RENDICION-FLD.xls&wdOrigin=BROWSELINK\"target=\"_blank\">DESCARGAR <\/a><\/p>\n\t\t\t\t\t\t<\/li>\n\t\t\t\t\t\t\t\t\t\t\t\n\t\t\t\t\t\t\t\t\t\t\t<li>\n\t\t\t\t\t\t\t<h5><i class=\"fa fa-file-pdf-o\" style=\"font-size:24px\"><\/i>&nbsp;Formulario de desarrollo de actividades<\/h5>\n\t\t\t\t\t\t\t\n\t\t\t\t\t\t\t<p><a href=\"https:\/\/view.officeapps.live.com\/op\/view.aspx?src=https%3A%2F%2Fmunicipalidadovalle.cl%2Fsitio%2Fwp-content%2Fuploads%2F2023%2F09%2FFORMULARIO-DESArrollo.-DE-ACTIVIDADES-1.docx&wdOrigin=BROWSELINK\"target=\"_blank\">DESCARGAR <\/a><\/p>\n\t\t\t\t\t\t<\/li>\n\t\t\t\t\t\t\t\t\t\t\t\n\n\t\t\t\t\t\t\n\t\t\t\t\t\t\n\t\t\t\t\t\t\t\t\t\t<\/ul>\n\t\t\t\t<\/div>\n\t\t\t<\/div>\n\t\t<\/div>\n\n\n\n<\/div>\t\t\t\t<\/div>\n\t\t\t\t<\/div>\n\t\t\t\t<div class=\"elementor-element elementor-element-2e997e8 elementor-widget elementor-widget-html\" data-id=\"2e997e8\" data-element_type=\"widget\" data-widget_type=\"html.default\">\n\t\t\t\t<div class=\"elementor-widget-container\">\n\t\t\t\t\t<link rel=\"stylesheet\" href=\"https:\/\/cdnjs.cloudflare.com\/ajax\/libs\/font-awesome\/4.7.0\/css\/font-awesome.min.css\">\n\n<div class=\"blog-sidebar\">\n\t\t<div id=\"whitehall_contact_info-4\" class=\"widget sidebar-widget single-sidebar widget_whitehall_contact_info\">        \n\t\t\t<div class=\"contact-widget\">\n\t\t\t\t<div class=\"widget-title\"><h3>Formulario Transporte Escolar<\/h3><\/div>\t\t\t<div class=\"widget-content\">\n\t\t\t\t\t<ul class=\"info clearfix\">\n\t\t\t\t\t\t\t\t\t\t\t<li>\n\t\t\t\t\t\t\t<h5><i class=\"fa fa-file-pdf-o\" style=\"font-size:24px\"><\/i>&nbsp;Certificado<\/h5>\n\t\t\t\t\t\t\t<p><a href=\"https:\/\/view.officeapps.live.com\/op\/view.aspx?src=https%3A%2F%2Fmunicipalidadovalle.cl%2Fsitio%2Fwp-content%2Fuploads%2F2023%2F09%2Fcertificado.docx&wdOrigin=BROWSELINK\"target=\"_blank\">DESCARGAR <\/a><\/p> \n\t\t\t\t\t\t<\/li>\n\t\t\t\t\t\t\t\t\t\t\t\n\t\t\t\t\t\t\t\t\t\t\t<li>\n\t\t\t\t\t\t\t<h5><i class=\"fa fa-file-pdf-o\" style=\"font-size:24px\"><\/i>&nbsp;Formulario de Rendici\u00f3n de transporte escolar<\/h5>\n\t\t\t\t\t\t\t\n\t\t\t\t\t\t\t<p><a href=\"https:\/\/view.officeapps.live.com\/op\/view.aspx?src=https%3A%2F%2Fmunicipalidadovalle.cl%2Fsitio%2Fwp-content%2Fuploads%2F2023%2F09%2FFormulario-de-rendicion-transporte-escolar.xlsx&wdOrigin=BROWSELINK\"target=\"_blank\">DESCARGAR <\/a><\/p>\n\t\t\t\t\t\t<\/li>\n\t\t\t\t\t\t\t\t\t\t\t\n\t\t\t\t\t\t\t\t\t\t\t<li>\n\t\t\t\t\t\t\t<h5><i class=\"fa fa-file-pdf-o\" style=\"font-size:24px\"><\/i>&nbsp;N\u00f3mina de Alumnos<\/h5>\n\t\t\t\t\t\t\t<p><a href=\"https:\/\/view.officeapps.live.com\/op\/view.aspx?src=https%3A%2F%2Fmunicipalidadovalle.cl%2Fsitio%2Fwp-content%2Fuploads%2F2023%2F09%2Fnomina-de-alumnos.xlsx&wdOrigin=BROWSELINK\"target=\"_blank\">DESCARGAR <\/a><\/p>\n\t\t\t\t\t\t<\/li>\n\t\t\t\t\t\t\n\t\t\t\t\t\t\t\n\t\t\t\t\t\t\t\t\t\t\t<li>\n\t\t\t\t\t\t\t<h5><i class=\"fa fa-file-pdf-o\" style=\"font-size:24px\"><\/i>&nbsp;Recibo Transporte escolar<\/h5>\n\t\t\t\t\t\t\t\t<p><a href=\"https:\/\/view.officeapps.live.com\/op\/view.aspx?src=https%3A%2F%2Fmunicipalidadovalle.cl%2Fsitio%2Fwp-content%2Fuploads%2F2023%2F09%2Frecibo-transporte-escolar.docx&wdOrigin=BROWSELINK\"target=\"_blank\">DESCARGAR <\/a><\/p>\n\t\t\t\t\t\t<\/li>\n\t\t\t\t\t\t\n\t\t\t\t\t\t\t\t\t\t<\/ul>\n\t\t\t\t<\/div>\n\t\t\t<\/div>\n\t\t<\/div>\n\n\n\n<\/div>\t\t\t\t<\/div>\n\t\t\t\t<\/div>\n\t\t\t\t<\/div>\n\t\t\t\t<\/div>\n\t\t","protected":false},"excerpt":{"rendered":"<p>Rendici\u00f3n de subvenciones otorgadas Inicio Administraci\u00f3n y finanzass Rendici\u00f3n de subvenciones otorgadas Formularios FONDEVE &nbsp;Formulario de Rendici\u00f3n DESCARGAR &nbsp;Formulario de desarrollo de actividades DESCARGAR &nbsp;Recibo DESCARGAR Formulario Fondo de Libre Disponibilidad &nbsp;Formulario de Rendici\u00f3n DESCARGAR &nbsp;Formulario de desarrollo de actividades DESCARGAR Formulario Transporte Escolar &nbsp;Certificado DESCARGAR &nbsp;Formulario de Rendici\u00f3n de transporte escolar DESCARGAR &nbsp;N\u00f3mina de Alumnos DESCARGAR &nbsp;Recibo Transporte escolar DESCARGAR<\/p>\n","protected":false},"author":1,"featured_media":0,"parent":0,"menu_order":0,"comment_status":"closed","ping_status":"closed","template":"elementor_header_footer","meta":{"_vp_format_video_url":"","_vp_image_focal_point":[],"footnotes":""},"class_list":["post-3445","page","type-page","status-publish","hentry"],"_links":{"self":[{"href":"https:\/\/muniovalle.cl\/sitio\/wp-json\/wp\/v2\/pages\/3445","targetHints":{"allow":["GET"]}}],"collection":[{"href":"https:\/\/muniovalle.cl\/sitio\/wp-json\/wp\/v2\/pages"}],"about":[{"href":"https:\/\/muniovalle.cl\/sitio\/wp-json\/wp\/v2\/types\/page"}],"author":[{"embeddable":true,"href":"https:\/\/muniovalle.cl\/sitio\/wp-json\/wp\/v2\/users\/1"}],"replies":[{"embeddable":true,"href":"https:\/\/muniovalle.cl\/sitio\/wp-json\/wp\/v2\/comments?post=3445"}],"version-history":[{"count":25,"href":"https:\/\/muniovalle.cl\/sitio\/wp-json\/wp\/v2\/pages\/3445\/revisions"}],"predecessor-version":[{"id":3478,"href":"https:\/\/muniovalle.cl\/sitio\/wp-json\/wp\/v2\/pages\/3445\/revisions\/3478"}],"wp:attachment":[{"href":"https:\/\/muniovalle.cl\/sitio\/wp-json\/wp\/v2\/media?parent=3445"}],"curies":[{"name":"wp","href":"https:\/\/api.w.org\/{rel}","templated":true}]}}