{"id":3086,"date":"2024-05-27T17:35:07","date_gmt":"2024-05-27T21:35:07","guid":{"rendered":"https:\/\/muniovalle.cl\/sitio\/?page_id=3086"},"modified":"2025-02-18T15:20:43","modified_gmt":"2025-02-18T18:20:43","slug":"asuntos-indigenas","status":"publish","type":"page","link":"https:\/\/muniovalle.cl\/sitio\/asuntos-indigenas\/","title":{"rendered":"Asuntos Ind\u00edgenas"},"content":{"rendered":"\t\t<div data-elementor-type=\"wp-page\" data-elementor-id=\"3086\" class=\"elementor elementor-3086\">\n\t\t\t\t<div class=\"elementor-element elementor-element-4d88b15 e-flex e-con-boxed wpr-particle-no wpr-jarallax-no wpr-parallax-no wpr-sticky-section-no e-con e-parent\" data-id=\"4d88b15\" data-element_type=\"container\">\n\t\t\t\t\t<div class=\"e-con-inner\">\n\t\t<div class=\"elementor-element elementor-element-acf4cdf e-con-full e-flex wpr-particle-no wpr-jarallax-no wpr-parallax-no wpr-sticky-section-no e-con e-child\" data-id=\"acf4cdf\" data-element_type=\"container\">\n\t\t\t\t<div class=\"elementor-element elementor-element-dcc0066 elementor-widget elementor-widget-html\" data-id=\"dcc0066\" data-element_type=\"widget\" data-widget_type=\"html.default\">\n\t\t\t\t<div class=\"elementor-widget-container\">\n\t\t\t\t\t<style>\n.card-header{\n    background: #006bb0;\n\n}\n\n.titulo-h3{\n    color: #006bb0;\n\n}\n\n.titulo-contacto{\n    color: #006bb0;\n\n}\n\n.texto{\n    text-align: justify;\n}\n<\/style>\n\n<div class=\"blog-sidebar\">\n     <h5 class=\"card-header\"><\/h5>\n\t\t<div id=\"whitehall_contact_info-4\" class=\"widget sidebar-widget single-sidebar widget_whitehall_contact_info\">        \n\t\t\t<div class=\"contact-widget\">\n\t\t\t\t<div class=\"widget-title\"><h3 class=\"titulo-h3\">Encargado(a) Sra. Ana Mar\u00eda Alcayaga Cortes<\/h3><\/div>\t\t\t<div class=\"widget-content\">\n\t\t\t\t\t<ul class=\"info clearfix\">\n\t\t\t\t\t\t\t\t\t\t\t<li>\n\t\t\t\t\t\t\t<h5 class=\"titulo-contacto\">Direcci\u00f3n<\/h5>\n\t\t\t\t\t\t\t<p>Arizt\u00eda Poniente N\u00b0 7, (Primer Piso). \n\t\t\t\t\t\t<\/li>\n\t\t\t\t\t\t\t\t\t\t\t\n\t\t\t\t\t\t\t\t\t\t\t<li>\n\t\t\t\t\t\t\t<h5 class=\"titulo-contacto\" >Tel\u00e9fonos<\/h5>\n\t\t\t\t\t\t\t\n\t\t\t\t\t\t\t<p><a href=\"tel:532620489\"><a href=\"tel:532661284\">Oficina Llamar (53) 2 661284<\/a><\/p>\n\t\t\t\t\t\t<\/li>\n\t\t\t\t\t\t\t\t\t\t\t\n\t\t\t\t\t\t\t\t\t\t\t<li>\n\t\t\t\t\t\t\t<h5 class=\"titulo-contacto\">Correo Electr\u00f3nico<\/h5>\n\t\t\t\t\t\t\t<p><a href=\"mailto:aalcayaga@imovalle.cl\">aalcayaga@imovalle.cl<\/a><\/p>\n\t\t\t\t\t\t<\/li>\n\t\t\t\t\t\t\n\t\t\t\t\t\t\t<li>\n\t\t\t\t\t\t\t<h5 class=\"titulo-contacto\">Horarios de atenci\u00f3n<\/h5>\n\t\t\t\t\t\t\t<p>Lunes a viernes:   8:30 horas a 13:30 horas<br>\n                                (13:30 horas a 14:00 horas s\u00f3lo consultas)\n                            <br>\n                            <\/p>\n\t\t\t\t\t\t<\/li>\n\t\t\t\t\t\t\t\t\t\t<\/ul>\n\t\t\t\t<\/div>\n\t\t\t<\/div>\n\t\t<\/div>\n\n\n\n<\/div>\t\t\t\t<\/div>\n\t\t\t\t<\/div>\n\t\t\t\t<\/div>\n\t\t<div class=\"elementor-element elementor-element-0c16689 e-con-full e-flex wpr-particle-no wpr-jarallax-no wpr-parallax-no wpr-sticky-section-no e-con e-child\" data-id=\"0c16689\" data-element_type=\"container\">\n\t\t\t\t<div class=\"elementor-element elementor-element-eef47a3 elementor-widget__width-initial elementor-widget elementor-widget-html\" data-id=\"eef47a3\" data-element_type=\"widget\" data-widget_type=\"html.default\">\n\t\t\t\t<div class=\"elementor-widget-container\">\n\t\t\t\t\t<style>\n\n.botoninfo{\n    background:#006bb0;\n    padding-left: 5px;\n    padding-right: 5px;\n    padding-top:  8px;\n    padding-bottom: 5px;\n    border-radius: 0px;\n    color: white;\n    border: 2px solid white;\n    width: 177px;\n    border-radius: 8px;\n    margin-bottom: 8px;\n    \n    \n}\n.botoninfo:hover {\nbackground-color: #3a4e61\n ;\n  transition: .3s ease;\n transform: scale(1.1);\n}\n\n.bd-example2{\n   background: white;\n   padding-left: 30px;\n   padding-right: 30px;\n   padding-bottom: 12px;\n   padding-top: 20px;\n   width: 300px;\n}\n\n\n\n<\/style>\n<div class=\"row\">\n\n<div class=\"bd-example2\">\n    <h4>Tambi\u00e9n consulta...<\/h4>\n  <div class=\"btn-group btn-group-lg\" role=\"group\" aria-label=\"Large button group\">\n    <button type=\"button\"class=\"botoninfo\"><center><a href=\"https:\/\/muniovalle.cl\/sitio\/oirs\/\" ><img decoding=\"async\" src=\"https:\/\/muniovalle.cl\/sitio\/wp-content\/uploads\/2024\/06\/informacion.png\" width=\"50\" height=\"50\"><\/center><br><p style=\"color:white\">OIRS Municipal<\/p><\/a><\/button> &nbsp;\n    <button type=\"button\"class=\"botoninfo\"><center><a href=\"https:\/\/muniovalle.cl\/sitio\/asuntos-indigenas\/\" ><img decoding=\"async\" src=\"https:\/\/muniovalle.cl\/sitio\/wp-content\/uploads\/2024\/06\/indigena.png\"width=\"50\" height=\"80\"><\/center><br><p style=\"color:white\">Asuntos Ind\u00edgenas<\/p><\/a><\/button> &nbsp;    \n  <\/div>\n \n  <div class=\"btn-group btn-group-lg\" role=\"group\" aria-label=\"Large button group\">\n    <button type=\"button\"class=\"botoninfo\"><center><a href=\"https:\/\/muniovalle.cl\/sitio\/migrantes\/\"><img decoding=\"async\" src=\"https:\/\/muniovalle.cl\/sitio\/wp-content\/uploads\/2024\/06\/pasaporte.png\"width=\"50\" height=\"50\"><\/center><br><p style=\"color:white\">Migrantes<\/p><\/a><\/button> &nbsp;\n    <button type=\"button\"class=\"botoninfo\"><center><a href=\"https:\/\/muniovalle.cl\/sitio\/recintos\/\" ><img decoding=\"async\" src=\"https:\/\/muniovalle.cl\/sitio\/wp-content\/uploads\/2024\/06\/estadio.png\"width=\"50\" height=\"50\"><\/center><br><p style=\"color:white\">Recintos Deportivos<\/p><\/a><\/button> &nbsp; \n  <\/div>\n\n  <div class=\"btn-group btn-group-lg\" role=\"group\" aria-label=\"Large button group\">\n    <button type=\"button\"class=\"botoninfo\"><center><a href=\"https:\/\/muniovalle.cl\/sitio\/farmacia-municipal\/\" ><img decoding=\"async\" src=\"https:\/\/muniovalle.cl\/sitio\/wp-content\/uploads\/2024\/06\/farmacia-2.png\"width=\"50\" height=\"50\"><\/center><br><p style=\"color:white\">Farmacia Municipal<\/p><\/a><\/button> &nbsp;\n    <button type=\"button\"class=\"botoninfo\"><center><a href=\"https:\/\/muniovalle.cl\/sitio\/cerrillos-de-tamaya\/\" ><img decoding=\"async\" src=\"https:\/\/muniovalle.cl\/sitio\/wp-content\/uploads\/2024\/06\/lider.png\"width=\"50\" height=\"50\"><\/center><br><p style=\"color:white\">Delegaciones<\/p><\/a><\/button> &nbsp; \n  <\/div><\/button> &nbsp; \n  <\/div>\n  <br>\n  <br>\n  \n<\/div>\n\n\n\n\n\t\t\t\t<\/div>\n\t\t\t\t<\/div>\n\t\t\t\t<\/div>\n\t\t\t\t\t<\/div>\n\t\t\t\t<\/div>\n\t\t<div class=\"elementor-element elementor-element-4d42922 e-flex e-con-boxed wpr-particle-no wpr-jarallax-no wpr-parallax-no wpr-sticky-section-no e-con e-parent\" data-id=\"4d42922\" data-element_type=\"container\">\n\t\t\t\t\t<div class=\"e-con-inner\">\n\t\t\t\t<div class=\"elementor-element elementor-element-21c75f3 elementor-widget elementor-widget-whitehall_about_services\" data-id=\"21c75f3\" data-element_type=\"widget\" data-widget_type=\"whitehall_about_services.default\">\n\t\t\t\t<div class=\"elementor-widget-container\">\n\t\t\t\t\t        \n        <!-- about-style-four -->\n        <div class=\"row\">\n        <section class=\"about-style-four sec-pad\">\n          \n            <div class=\"auto-container\">\n                <div class=\"row clearfix\">\n                    <div class=\"col-lg-8 col-md-12 col-sm-12 content-column\">\n                        <div class=\"content_block_6\">\n                            <div class=\"content-box\">\n                                <div class=\"sec-title\">\n\t\t\t\t\t\t\t\t\t\t\t\t\t\t\t\t\t\t\n                                    \t\t\t\t\t\t\t\t\t<h2>Requisitos para acreditaci\u00f3n de apellidos ind\u00edgenas<\/h2>\n                                    <div class=\"title-shape\"><\/div>\n\t\t\t\t\t\t\t\t\t                                <\/div>\n                                <div class=\"text\">\n                                    <p>Trabajar con las Escuelas de los sectores rurales y urbanos para orientar a los apoderados para realizar el tr\u00e1mite de acreditaci\u00f3n, formaci\u00f3n de comunidades, asociaciones y as\u00ed puedan postular a los beneficios estudiantiles.\n<\/p>\n                                <\/div>\n                                <div class=\"inner-box clearfix\">\n                                    <div class=\"left-column pull-left\" style=\"width:100%\">\n\t\t\t\t\t\t\t\t\t\t                                        <div class=\"single-item\">\n                                            <div class=\"icon-box\"><i class=\"flaticon-double-tick-indicator\"><\/i><\/div>\n                                            <h6><\/h6>\n                                            <h4>Fotocopia de carne de identidad (menores y mayores de edad).<\/h4>\n                                        <\/div>\n                                                                                <div class=\"single-item\">\n                                            <div class=\"icon-box\"><i class=\"flaticon-double-tick-indicator\"><\/i><\/div>\n                                            <h6><\/h6>\n                                            <h4>Certificado de nacimiento de solicitante.<\/h4>\n                                        <\/div>\n                                                                                <div class=\"single-item\">\n                                            <div class=\"icon-box\"><i class=\"flaticon-double-tick-indicator\"><\/i><\/div>\n                                            <h6><\/h6>\n                                            <h4>Certificado de nacimiento de padre o madre.<\/h4>\n                                        <\/div>\n                                                                                <div class=\"single-item\">\n                                            <div class=\"icon-box\"><i class=\"flaticon-double-tick-indicator\"><\/i><\/div>\n                                            <h6><\/h6>\n                                            <h4>Certificado de nacimiento de abuelo(a).<\/h4>\n                                        <\/div>\n                                                                                <div class=\"single-item\">\n                                            <div class=\"icon-box\"><i class=\"flaticon-double-tick-indicator\"><\/i><\/div>\n                                            <h6><\/h6>\n                                            <h4>Certificado de nacimiento de bisabuelo(a).<\/h4>\n                                        <\/div>\n                                                                                <div class=\"single-item\">\n                                            <div class=\"icon-box\"><i class=\"flaticon-double-tick-indicator\"><\/i><\/div>\n                                            <h6><\/h6>\n                                            <h4>Clave \u00fanica de Registro Civil (mayores de 14 a\u00f1os).<\/h4>\n                                        <\/div>\n                                                                                <div class=\"single-item\">\n                                            <div class=\"icon-box\"><i class=\"flaticon-double-tick-indicator\"><\/i><\/div>\n                                            <h6><\/h6>\n                                            <h4>En el caso de los menores de edad, la solicitud se realizar\u00e1 con la clave \u00fanica del padre,madre o tutor.<\/h4>\n                                        <\/div>\n                                                                                <div class=\"single-item\">\n                                            <div class=\"icon-box\"><i class=\"flaticon-double-tick-indicator\"><\/i><\/div>\n                                            <h6><\/h6>\n                                            <h4> En el caso que no encuentre en Certificado del bisabuelo se puede realizar con la Fe deBautismo de la Iglesia.<\/h4>\n                                        <\/div>\n                                                                            <\/div>\n                                    \n                                <\/div>\n\t\t\t\t\t\t\t\t\n\t\t\t\t\t\t\t\t                            <\/div>\n                        <\/div>\n                    <\/div>\n                    <div class=\"col-lg-4 col-md-12 col-sm-12 content-column\">\n                        <div class=\"content_block_7\">\n                            <div class=\"content-box\">\n                                <div class=\"left-column\">\n                                    <div class=\"inner centred\">\n                                        <div class=\"icon-box\"><i class=\"icon flaticon-edit\"><\/i><\/div>\n                                        <h6><\/h6>\n                                        <h4>Proyecto<\/h4>\n                                    <\/div>\n\t\t\t\t\t\t\t\t\t\n\t\t\t\t\t\t\t\t\t                                    <ul class=\"list clearfix\">\n                                        \t\t\t\t\t\t\t\t\t\t<li>Trabajar con las Escuelas de los sectores rurales y urbanos para orientar a los apoderados para realizar el tr\u00e1mite de acreditaci\u00f3n. <\/li>\n\t\t\t\t\t\t\t\t\t\t\t\t\t\t\t\t\t\t\t\t<li>Solicitudes de acreditaci\u00f3n ind\u00edgena.<\/li>\n\t\t\t\t\t\t\t\t\t\t\t\t\t\t\t\t\t\t\t\t<li>Solicitudes de respuestas de acreditaciones ind\u00edgenas.<\/li>\n\t\t\t\t\t\t\t\t\t\t                                    <\/ul>\n\t\t\t\t\t\t\t\t\t                                <\/div>\n\n                            <\/div>\n                        <\/div>\n                    <\/div>\n                <\/div>\n            <\/div>\n          \n        <\/section>\n        <\/div>\n        <!-- about-style-four end -->\n\n        \t\t\t\t<\/div>\n\t\t\t\t<\/div>\n\t\t\t\t\t<\/div>\n\t\t\t\t<\/div>\n\t\t\t\t<\/div>\n\t\t","protected":false},"excerpt":{"rendered":"<p>Encargado(a) Sra. Ana Mar\u00eda Alcayaga Cortes Direcci\u00f3n Arizt\u00eda Poniente N\u00b0 7, (Primer Piso). Tel\u00e9fonos Oficina Llamar (53) 2 661284 Correo Electr\u00f3nico aalcayaga@imovalle.cl Horarios de atenci\u00f3n Lunes a viernes: 8:30 horas a 13:30 horas (13:30 horas a 14:00 horas s\u00f3lo consultas) Tambi\u00e9n consulta&#8230; OIRS Municipal &nbsp; Asuntos Ind\u00edgenas &nbsp; Migrantes &nbsp; Recintos Deportivos &nbsp; Farmacia Municipal &nbsp; Delegaciones &nbsp; &nbsp; Requisitos para acreditaci\u00f3n de apellidos ind\u00edgenas Trabajar con las Escuelas de los sectores rurales y urbanos para orientar a los apoderados para realizar el tr\u00e1mite de acreditaci\u00f3n, formaci\u00f3n de comunidades, asociaciones y as\u00ed puedan postular a los beneficios estudiantiles. Fotocopia de carne de identidad (menores y mayores de edad). Certificado de nacimiento de solicitante. Certificado de nacimiento de padre o madre. Certificado de nacimiento de abuelo(a). Certificado de nacimiento de bisabuelo(a). Clave \u00fanica de Registro Civil (mayores de 14 a\u00f1os). En el caso de los menores de edad, la solicitud se realizar\u00e1 con la clave \u00fanica del padre,madre o tutor. En el caso que no encuentre en Certificado del bisabuelo se puede realizar con la Fe deBautismo de la Iglesia. Proyecto Trabajar con las Escuelas de los sectores rurales y urbanos para orientar a los apoderados para realizar el tr\u00e1mite de acreditaci\u00f3n. Solicitudes de acreditaci\u00f3n ind\u00edgena. Solicitudes de respuestas de acreditaciones ind\u00edgenas.<\/p>\n","protected":false},"author":1,"featured_media":0,"parent":0,"menu_order":0,"comment_status":"closed","ping_status":"closed","template":"","meta":{"_vp_format_video_url":"","_vp_image_focal_point":[],"footnotes":""},"class_list":["post-3086","page","type-page","status-publish","hentry"],"_links":{"self":[{"href":"https:\/\/muniovalle.cl\/sitio\/wp-json\/wp\/v2\/pages\/3086","targetHints":{"allow":["GET"]}}],"collection":[{"href":"https:\/\/muniovalle.cl\/sitio\/wp-json\/wp\/v2\/pages"}],"about":[{"href":"https:\/\/muniovalle.cl\/sitio\/wp-json\/wp\/v2\/types\/page"}],"author":[{"embeddable":true,"href":"https:\/\/muniovalle.cl\/sitio\/wp-json\/wp\/v2\/users\/1"}],"replies":[{"embeddable":true,"href":"https:\/\/muniovalle.cl\/sitio\/wp-json\/wp\/v2\/comments?post=3086"}],"version-history":[{"count":194,"href":"https:\/\/muniovalle.cl\/sitio\/wp-json\/wp\/v2\/pages\/3086\/revisions"}],"predecessor-version":[{"id":9296,"href":"https:\/\/muniovalle.cl\/sitio\/wp-json\/wp\/v2\/pages\/3086\/revisions\/9296"}],"wp:attachment":[{"href":"https:\/\/muniovalle.cl\/sitio\/wp-json\/wp\/v2\/media?parent=3086"}],"curies":[{"name":"wp","href":"https:\/\/api.w.org\/{rel}","templated":true}]}}