{"id":2332,"date":"2024-05-16T20:38:03","date_gmt":"2024-05-17T00:38:03","guid":{"rendered":"https:\/\/muniovalle.cl\/sitio\/?page_id=2332"},"modified":"2025-02-18T13:24:13","modified_gmt":"2025-02-18T16:24:13","slug":"farmacia-municipal","status":"publish","type":"page","link":"https:\/\/muniovalle.cl\/sitio\/farmacia-municipal\/","title":{"rendered":"Farmacia Popular"},"content":{"rendered":"\t\t<div data-elementor-type=\"wp-page\" data-elementor-id=\"2332\" class=\"elementor elementor-2332\">\n\t\t\t\t<div class=\"elementor-element elementor-element-34f21d3 e-flex e-con-boxed wpr-particle-no wpr-jarallax-no wpr-parallax-no wpr-sticky-section-no e-con e-parent\" data-id=\"34f21d3\" data-element_type=\"container\">\n\t\t\t\t\t<div class=\"e-con-inner\">\n\t\t<div class=\"elementor-element elementor-element-a5aee5a e-con-full e-flex wpr-particle-no wpr-jarallax-no wpr-parallax-no wpr-sticky-section-no e-con e-child\" data-id=\"a5aee5a\" data-element_type=\"container\">\n\t\t\t\t<div class=\"elementor-element elementor-element-6161878 elementor-widget elementor-widget-html\" data-id=\"6161878\" data-element_type=\"widget\" data-widget_type=\"html.default\">\n\t\t\t\t<div class=\"elementor-widget-container\">\n\t\t\t\t\t<style>\n    .parrafo{\n        color: #54595f;\n    }\n    \n    .titulo-contacto{\n\n    font-weight: 600;\n}\n\n.card-header{\n    \nbackground: #006bb0;    \n    \n}\n.card{\n    border-radius: 15px;\n}\n\n.titulo-contacto{\n    \n    color:#006bb0;\n}\n\n.titulo-h3{\n    \n    color:#006bb0;\n}\n    \n<\/style>\n\n\n<div class=\"blog-sidebar\">\n     <h5 class=\"card-header\"><\/h5>\n\t\t<div id=\"whitehall_contact_info-4\" class=\"widget sidebar-widget single-sidebar widget_whitehall_contact_info\">        \n\t\t\t<div class=\"contact-widget\">\n\t\t\t\t<div class=\"widget-title\"><h3 class=\"titulo-h3\">Encargado Farmacia Municipal <br>Sr. Pablo Carmona<\/h3><\/div>\t\t\t<div class=\"widget-content\">\n\t\t\t\t\t<ul class=\"info clearfix\">\n\t\t\t\t\t\t\t\t\t\t\n\t\t\t\t\t\t\t\t\t\t\t\n\t\t\t\t\t\t\t\t\t\t\t<li>\n\t\t\t\t\t\t\t<h5 class=\"titulo-contacto\">Tel\u00e9fonos<\/h5>\n\t\t\t\t\t\t\t<p><a href=\"tel:+569 9 2296298\">Celular: +569 9 2296298<\/a>     <\/p>\n\t\t\t\t\t\t\t<p><a href=\"tel:532620489\"><a href=\"tel:532661249\">Oficina (53) 2 661249<\/a><\/p>\n\t\t\t\t\t\t<\/li>\n\t\t\t\t\t\t\t\t\t\t\t\n\t\t\t\t\t\t\t\t\t\t\t<li>\n\t\t\t\t\t\t\t<h5 class=\"titulo-contacto\">Correo Electr\u00f3nico<\/h5>\n\t\t\t\t\t\t\t<p><a href=\"mailto:farmaciamunicipal@departamentodesaludovalle.cl\">farmaciamunicipal@departamentodesaludovalle.cl<\/a><\/p>\n\t\t\t\t\t\t<\/li>\n\t\t\t\t\t\t\n\t\t\t\t\t\t\t<li>\n\t\t\t\t\t\t\t<h5 class=\"titulo-contacto\">Horarios de atenci\u00f3n<\/h5>\n\t\t\t\t\t\t\t<p>Lunes a Jueves de  08:30 AM - 14:00 PM (Ma\u00f1ana) y 15:00 PM - 17:30 PM (Tarde)<br>\nViernes de  08:30 AM - 14:00 PM (Ma\u00f1ana) y 15:00 PM - 16:30 PM (Tarde)<br>\nS\u00e1bado, Domingo y Festivos : Cerrado<\/p>\n\t\t\t\t\t\t<\/li>\n\t\t\t\t\t\t\t\t\t\t<\/ul>\n\t\t\t\t<\/div>\n\t\t\t<\/div>\n\t\t<\/div>\n\n\n\n<\/div>\t\t\t\t<\/div>\n\t\t\t\t<\/div>\n\t\t\t\t<\/div>\n\t\t<div class=\"elementor-element elementor-element-26a4142 e-con-full e-flex wpr-particle-no wpr-jarallax-no wpr-parallax-no wpr-sticky-section-no e-con e-child\" data-id=\"26a4142\" data-element_type=\"container\">\n\t\t\t\t<div class=\"elementor-element elementor-element-ec59e60 elementor-widget elementor-widget-html\" data-id=\"ec59e60\" data-element_type=\"widget\" data-widget_type=\"html.default\">\n\t\t\t\t<div class=\"elementor-widget-container\">\n\t\t\t\t\t<style>\n.card-header{\n    background: #006bb0;\n\n}\n\n.titulo-contacto{\n    font-weight: 600;\n}\n\n<\/style>\n\n<div class=\"blog-sidebar\">\n    <h5 class=\"card-header\"><\/h5>\n\t\t<div id=\"whitehall_contact_info-4\" class=\"widget sidebar-widget single-sidebar widget_whitehall_contact_info\">\n        \n\t\t\t<div class=\"contact-widget\">\n\t\t\t\t\t\t<div class=\"widget-content\">\n\t\t\t\t\t<ul class=\"info clearfix\">\n\t\t\t\n\t\t\t\t\t\t\t<li>\n\t\t\t\t\t\t\t<h5 class=\"titulo-contacto\">Direcci\u00f3n<\/h5>\n\t\t\t\t\t\t\t<p>Arizt\u00eda Poniente N\u00b0 7 (Primer Piso).  \n\t\t\t\t\t\t<\/li>\n\t\t\t\t\t\t\t\t\t\t\n\t\t\t\t\t\t\t\n\t\t\t\t\t\t\t\t\t\t<\/ul>\n\t\t\t\t<\/div>\n\t\t\t<\/div>\n\t\t<\/div>\n<\/div>\n<iframe src=\"https:\/\/www.google.com\/maps\/embed?pb=!1m18!1m12!1m3!1d3434.2281870340453!2d-71.20195192355796!3d-30.599326357231554!2m3!1f0!2f0!3f0!3m2!1i1024!2i768!4f13.1!3m3!1m2!1s0x968e4aa9e84de6a3%3A0x8e8835392cfc97a0!2sArizt%C3%ADa%20Pte.%207%2C%201842054%20Ovalle%2C%20Coquimbo!5e0!3m2!1ses-419!2scl!4v1717704742951!5m2!1ses-419!2scl\" width=\"300\" height=\"360\" style=\"border:0;\" allowfullscreen=\"\" loading=\"lazy\" referrerpolicy=\"no-referrer-when-downgrade\"><\/iframe>\t\t\t\t<\/div>\n\t\t\t\t<\/div>\n\t\t\t\t<\/div>\n\t\t\t\t\t<\/div>\n\t\t\t\t<\/div>\n\t\t<div class=\"elementor-element elementor-element-29af421 e-grid e-con-boxed wpr-particle-no wpr-jarallax-no wpr-parallax-no wpr-sticky-section-no e-con e-parent\" data-id=\"29af421\" data-element_type=\"container\">\n\t\t\t\t\t<div class=\"e-con-inner\">\n\t\t\t\t<div class=\"elementor-element elementor-element-0699d87 elementor-widget elementor-widget-whitehall_faqs\" data-id=\"0699d87\" data-element_type=\"widget\" data-widget_type=\"whitehall_faqs.default\">\n\t\t\t\t<div class=\"elementor-widget-container\">\n\t\t\t\t\t\n\t\t<!-- faq-section -->\n        <section class=\"faq-section sec-pad\">\n            <div class=\"auto-container\">\n                <div class=\"row clearfix\">\n                    <div class=\"col-lg-4 col-md-12 col-sm-12 content-column\">\n                        <div class=\"content_block_8\">\n                            <div class=\"content-box\">\n                                <div class=\"sec-title\">\n\t\t\t\t\t\t\t\t\t\n\t\t\t\t\t\t\t\t\t\t\t\t\t\t\t\t\t\t<h2>Preguntas Frecuentes<\/h2>\n\t\t\t\t\t\t\t\t\t<div class=\"title-shape\"><\/div>\n\t\t\t\t\t\t\t\t\t                                <\/div>\n                                <div class=\"text\">\n                                    <p><\/p>\n\t\t\t\t\t\t\t\t\t\n\t\t\t\t\t\t\t\t\t                                <\/div>\n                            <\/div>\n                        <\/div>\n                    <\/div>\n                    <div class=\"col-lg-8 col-md-12 col-sm-12 faq-column\">\n                        <ul class=\"accordion-box\">\n                                                        <li class=\"accordion block\">\n                                <div class=\"acc-btn\">\n                                    <div class=\"icon-outer\"><\/div>\n                                    <h5><span>01. <\/span>\u00bfDebo inscribirme en la Farmacia popular para acceder a su servicio?<\/h5>\n                                <\/div>\n                                <div class=\"acc-content\">\n                                    <div class=\"text\">\n                                        <p>No, solo debo presentarme con la receta m\u00e9dica, y ser residente de la comuna de Ovalle, aqu\u00ed los pacientes NO SE INSCRIBEN.<\/p>\n                                    <\/div>\n                                <\/div>\n                            <\/li>\n\t\t\t\t\t\t\t                            <li class=\"accordion block\">\n                                <div class=\"acc-btn\">\n                                    <div class=\"icon-outer\"><\/div>\n                                    <h5><span>02. <\/span>\u00bfCualquier persona puede comprar medicamentos en la farmacia municipal?<\/h5>\n                                <\/div>\n                                <div class=\"acc-content\">\n                                    <div class=\"text\">\n                                        <p>Toda persona que sea residente de la comuna de Ovalle puede acceder a comprar medicamentos en la farmacia municipal, solo debe presentar su receta, TODO medicamento se vende con la prescripci\u00f3n m\u00e9dica.<\/p>\n                                    <\/div>\n                                <\/div>\n                            <\/li>\n\t\t\t\t\t\t\t                            <li class=\"accordion block\">\n                                <div class=\"acc-btn\">\n                                    <div class=\"icon-outer\"><\/div>\n                                    <h5><span>03. <\/span>\u00bfPuedo comprar los medicamentos del consultorio?<\/h5>\n                                <\/div>\n                                <div class=\"acc-content\">\n                                    <div class=\"text\">\n                                        <p>No, no se trabaja ning\u00fan medicamento del consultorio, independiente si es recetado por un medico particular o del consultorio.<\/p>\n                                    <\/div>\n                                <\/div>\n                            <\/li>\n\t\t\t\t\t\t\t                            <li class=\"accordion block\">\n                                <div class=\"acc-btn\">\n                                    <div class=\"icon-outer\"><\/div>\n                                    <h5><span>04. <\/span>\u00bfQu\u00e9 medicamentos trabaja la farmacia municipal?<\/h5>\n                                <\/div>\n                                <div class=\"acc-content\">\n                                    <div class=\"text\">\n                                        <p>En la farmacia municipal de Ovalle se trabaja mayoritariamente MEDICAMENTOS DE USO PERMANENTE O USO CR\u00d3NICO, anti-gripales o medicamentos de uso agudo no encontrara en nuestro arsenal.<\/p>\n                                    <\/div>\n                                <\/div>\n                            <\/li>\n\t\t\t\t\t\t\t                        <\/ul>\n                    <\/div>\n                <\/div>\n            <\/div>\n        <\/section>\n        <!-- faq-section end -->\n\n        \t\t\t\t<\/div>\n\t\t\t\t<\/div>\n\t\t\t\t\t<\/div>\n\t\t\t\t<\/div>\n\t\t\t\t<\/div>\n\t\t","protected":false},"excerpt":{"rendered":"<p>Encargado Farmacia Municipal Sr. Pablo Carmona Tel\u00e9fonos Celular: +569 9 2296298 Oficina (53) 2 661249 Correo Electr\u00f3nico farmaciamunicipal@departamentodesaludovalle.cl Horarios de atenci\u00f3n Lunes a Jueves de 08:30 AM &#8211; 14:00 PM (Ma\u00f1ana) y 15:00 PM &#8211; 17:30 PM (Tarde) Viernes de 08:30 AM &#8211; 14:00 PM (Ma\u00f1ana) y 15:00 PM &#8211; 16:30 PM (Tarde) S\u00e1bado, Domingo y Festivos : Cerrado Direcci\u00f3n Arizt\u00eda Poniente N\u00b0 7 (Primer Piso). Preguntas Frecuentes 01. \u00bfDebo inscribirme en la Farmacia popular para acceder a su servicio? No, solo debo presentarme con la receta m\u00e9dica, y ser residente de la comuna de Ovalle, aqu\u00ed los pacientes NO SE INSCRIBEN. 02. \u00bfCualquier persona puede comprar medicamentos en la farmacia municipal? Toda persona que sea residente de la comuna de Ovalle puede acceder a comprar medicamentos en la farmacia municipal, solo debe presentar su receta, TODO medicamento se vende con la prescripci\u00f3n m\u00e9dica. 03. \u00bfPuedo comprar los medicamentos del consultorio? No, no se trabaja ning\u00fan medicamento del consultorio, independiente si es recetado por un medico particular o del consultorio. 04. \u00bfQu\u00e9 medicamentos trabaja la farmacia municipal? En la farmacia municipal de Ovalle se trabaja mayoritariamente MEDICAMENTOS DE USO PERMANENTE O USO CR\u00d3NICO, anti-gripales o medicamentos de uso agudo no encontrara en nuestro arsenal.<\/p>\n","protected":false},"author":1,"featured_media":0,"parent":0,"menu_order":0,"comment_status":"closed","ping_status":"closed","template":"","meta":{"_vp_format_video_url":"","_vp_image_focal_point":[],"footnotes":""},"class_list":["post-2332","page","type-page","status-publish","hentry"],"_links":{"self":[{"href":"https:\/\/muniovalle.cl\/sitio\/wp-json\/wp\/v2\/pages\/2332","targetHints":{"allow":["GET"]}}],"collection":[{"href":"https:\/\/muniovalle.cl\/sitio\/wp-json\/wp\/v2\/pages"}],"about":[{"href":"https:\/\/muniovalle.cl\/sitio\/wp-json\/wp\/v2\/types\/page"}],"author":[{"embeddable":true,"href":"https:\/\/muniovalle.cl\/sitio\/wp-json\/wp\/v2\/users\/1"}],"replies":[{"embeddable":true,"href":"https:\/\/muniovalle.cl\/sitio\/wp-json\/wp\/v2\/comments?post=2332"}],"version-history":[{"count":88,"href":"https:\/\/muniovalle.cl\/sitio\/wp-json\/wp\/v2\/pages\/2332\/revisions"}],"predecessor-version":[{"id":9284,"href":"https:\/\/muniovalle.cl\/sitio\/wp-json\/wp\/v2\/pages\/2332\/revisions\/9284"}],"wp:attachment":[{"href":"https:\/\/muniovalle.cl\/sitio\/wp-json\/wp\/v2\/media?parent=2332"}],"curies":[{"name":"wp","href":"https:\/\/api.w.org\/{rel}","templated":true}]}}