{"id":2097,"date":"2024-05-14T18:16:15","date_gmt":"2024-05-14T22:16:15","guid":{"rendered":"https:\/\/muniovalle.cl\/sitio\/?page_id=2097"},"modified":"2025-10-06T17:08:37","modified_gmt":"2025-10-06T20:08:37","slug":"numeros-telefonicos","status":"publish","type":"page","link":"https:\/\/muniovalle.cl\/sitio\/numeros-telefonicos\/","title":{"rendered":"N\u00fameros Tel\u00e9fonicos"},"content":{"rendered":"\t\t<div data-elementor-type=\"wp-page\" data-elementor-id=\"2097\" class=\"elementor elementor-2097\">\n\t\t\t\t<div class=\"elementor-element elementor-element-184b071 e-flex e-con-boxed wpr-particle-no wpr-jarallax-no wpr-parallax-no wpr-sticky-section-no e-con e-parent\" data-id=\"184b071\" data-element_type=\"container\">\n\t\t\t\t\t<div class=\"e-con-inner\">\n\t\t\t\t<div class=\"elementor-element elementor-element-8385810 elementor-widget elementor-widget-whitehall_about_us_v1\" data-id=\"8385810\" data-element_type=\"widget\" data-widget_type=\"whitehall_about_us_v1.default\">\n\t\t\t\t<div class=\"elementor-widget-container\">\n\t\t\t\t\t        \n        <!-- about-section -->\n        \n        <section class=\"about-section sec-pad bg-color-1\">\n            <div class=\"auto-container\">\n                <div class=\"row clearfix\">\n                    <div class=\"col-lg-12 col-md-12 col-sm-12 content-column\">\n                        <div class=\"content_block_1\">\n                            <div class=\"content-box\">\n                                <div class=\"sec-title\">\n                                    \t\t\t\t\t\t\t\t\t\n                                    \t\t\t\t\t\t\t\t\t<h2>N\u00fameros Telef\u00f3nicos<\/h2>\n                                    <div class=\"title-shape\"><\/div>\n\t\t\t\t\t\t\t\t\t                                <\/div>\n                                <div class=\"text\">\n                                    <h5>Direcci\u00f3n \u2013 Departamento Municipal [Fono 53 2 661 + Anexo]<br><\/h5>\n                                    <h4><\/h4>\n                                    <p><\/p>\n                                <\/div>\n                                <div class=\"inner-box clearfix\">\n                                    <figure class=\"signature pull-left\"><img decoding=\"async\" src=\"\" alt=\"\"><\/figure>\n                                    <ul class=\"social-style-one clearfix\">\n\t\t\t\t\t\t\t\t\t\t                                    <\/ul>\n                                <\/div>\n                                <div class=\"lower-box\">\n                                    <div class=\"row clearfix\">\n\t\t\t\t\t\t\t\t\t\t                                        <div class=\"col-lg-6 col-md-6 col-sm-12 single-column\">\n                                            <div class=\"single-item wow fadeInLeft animated animated\" data-wow-delay=\"00ms\" data-wow-duration=\"1500ms\">\n                                                <div class=\"icon-box\"><i class=\"fa fa-phone\"><\/i><\/div>\n                                                <h5>Adquisiciones Municipal <\/h5>\n                                                <p><a href=\"tel:\">Sra. Sandra Zumaran - Encargado(a)<\/a> <br>(53) 2 661154<\/p>\n                                            <\/div>\n                                        <\/div>\n                                                                                <div class=\"col-lg-6 col-md-6 col-sm-12 single-column\">\n                                            <div class=\"single-item wow fadeInLeft animated animated\" data-wow-delay=\"00ms\" data-wow-duration=\"1500ms\">\n                                                <div class=\"icon-box\"><i class=\"fa fa-phone\"><\/i><\/div>\n                                                <h5>Alcald\u00eda<\/h5>\n                                                <p><a href=\"tel:\"> Secretaria alcald\u00eda<\/a> <br>(53) 2 661102<\/p>\n                                            <\/div>\n                                        <\/div>\n                                                                                <div class=\"col-lg-6 col-md-6 col-sm-12 single-column\">\n                                            <div class=\"single-item wow fadeInLeft animated animated\" data-wow-delay=\"00ms\" data-wow-duration=\"1500ms\">\n                                                <div class=\"icon-box\"><i class=\"fa fa-phone\"><\/i><\/div>\n                                                <h5>Asesor\u00eda Jur\u00eddica<\/h5>\n                                                <p><a href=\"tel:\">Srta. Erika Zambrano - Secretaria Asesor\u00eda Jur\u00eddica<\/a> <br>(53)2661139 <\/p>\n                                            <\/div>\n                                        <\/div>\n                                                                                <div class=\"col-lg-6 col-md-6 col-sm-12 single-column\">\n                                            <div class=\"single-item wow fadeInLeft animated animated\" data-wow-delay=\"00ms\" data-wow-duration=\"1500ms\">\n                                                <div class=\"icon-box\"><i class=\"fa fa-phone\"><\/i><\/div>\n                                                <h5>Departamento de educaci\u00f3n Municipal<\/h5>\n                                                <p><a href=\"tel:\">Sr. Francisco Oshiro Riveros - Jefe DEM<\/a> <br>(53) 2 661211<\/p>\n                                            <\/div>\n                                        <\/div>\n                                                                                <div class=\"col-lg-6 col-md-6 col-sm-12 single-column\">\n                                            <div class=\"single-item wow fadeInLeft animated animated\" data-wow-delay=\"00ms\" data-wow-duration=\"1500ms\">\n                                                <div class=\"icon-box\"><i class=\"fa fa-phone\"><\/i><\/div>\n                                                <h5>Direcci\u00f3n de Obras<\/h5>\n                                                <p><a href=\"tel:\">Srta. Karime Polett - Secretaria DOM<\/a> <br>(53) 2 661191<\/p>\n                                            <\/div>\n                                        <\/div>\n                                                                                <div class=\"col-lg-6 col-md-6 col-sm-12 single-column\">\n                                            <div class=\"single-item wow fadeInLeft animated animated\" data-wow-delay=\"00ms\" data-wow-duration=\"1500ms\">\n                                                <div class=\"icon-box\"><i class=\"fa fa-phone\"><\/i><\/div>\n                                                <h5>Farmacia Municipal Municipal <\/h5>\n                                                <p><a href=\"tel:\">Sr. Pablo - Encargado(a)<\/a> <br>(53) 2 661249<\/p>\n                                            <\/div>\n                                        <\/div>\n                                                                                <div class=\"col-lg-6 col-md-6 col-sm-12 single-column\">\n                                            <div class=\"single-item wow fadeInLeft animated animated\" data-wow-delay=\"00ms\" data-wow-duration=\"1500ms\">\n                                                <div class=\"icon-box\"><i class=\"fa fa-phone\"><\/i><\/div>\n                                                <h5>Feria Modelo <\/h5>\n                                                <p><a href=\"tel:\">Sr.  - Encargado(a)<\/a>  <br>(53) 2 620928<\/p>\n                                            <\/div>\n                                        <\/div>\n                                                                                <div class=\"col-lg-6 col-md-6 col-sm-12 single-column\">\n                                            <div class=\"single-item wow fadeInLeft animated animated\" data-wow-delay=\"00ms\" data-wow-duration=\"1500ms\">\n                                                <div class=\"icon-box\"><i class=\"fa fa-phone\"><\/i><\/div>\n                                                <h5>Gabinete <\/h5>\n                                                <p><a href=\"tel:\">Sra. P\u00eda L\u00f3pez - Jefe (a) Gabinete<\/a> <br> (53) 2 661103<\/p>\n                                            <\/div>\n                                        <\/div>\n                                                                                <div class=\"col-lg-6 col-md-6 col-sm-12 single-column\">\n                                            <div class=\"single-item wow fadeInLeft animated animated\" data-wow-delay=\"00ms\" data-wow-duration=\"1500ms\">\n                                                <div class=\"icon-box\"><i class=\"fa fa-phone\"><\/i><\/div>\n                                                <h5>Mercado Municipal<\/h5>\n                                                <p><a href=\"tel:\">Sr. Guillermo Fern\u00e1ndez - Encargado(a) <\/a> <br>(53) 2 629510<\/p>\n                                            <\/div>\n                                        <\/div>\n                                                                                <div class=\"col-lg-6 col-md-6 col-sm-12 single-column\">\n                                            <div class=\"single-item wow fadeInLeft animated animated\" data-wow-delay=\"00ms\" data-wow-duration=\"1500ms\">\n                                                <div class=\"icon-box\"><i class=\"fa fa-phone\"><\/i><\/div>\n                                                <h5>Oficina de Emergencias <\/h5>\n                                                <p><a href=\"tel:\">Sra. Ver\u00f3nica Palacios - Encargado(a)<\/a> <br>(53) 2 661285 \u2013 (53) 2 661286<\/p>\n                                            <\/div>\n                                        <\/div>\n                                                                                <div class=\"col-lg-6 col-md-6 col-sm-12 single-column\">\n                                            <div class=\"single-item wow fadeInLeft animated animated\" data-wow-delay=\"00ms\" data-wow-duration=\"1500ms\">\n                                                <div class=\"icon-box\"><i class=\"fa fa-phone\"><\/i><\/div>\n                                                <h5>Oficina de Partes<\/h5>\n                                                <p><a href=\"tel:\">Sra. Rosa Espinoza - Encargado(a) Oficina<\/a> <br>(53) 2 661146<\/p>\n                                            <\/div>\n                                        <\/div>\n                                                                                <div class=\"col-lg-6 col-md-6 col-sm-12 single-column\">\n                                            <div class=\"single-item wow fadeInLeft animated animated\" data-wow-delay=\"00ms\" data-wow-duration=\"1500ms\">\n                                                <div class=\"icon-box\"><i class=\"fa fa-phone\"><\/i><\/div>\n                                                <h5>Oficina OMIL<\/h5>\n                                                <p><a href=\"tel:\">Srta. Priscila Cortes Pueyes - Encargado(a)<\/a> <br>(53) 2 661176<\/p>\n                                            <\/div>\n                                        <\/div>\n                                                                                <div class=\"col-lg-6 col-md-6 col-sm-12 single-column\">\n                                            <div class=\"single-item wow fadeInLeft animated animated\" data-wow-delay=\"00ms\" data-wow-duration=\"1500ms\">\n                                                <div class=\"icon-box\"><i class=\"fa fa-phone\"><\/i><\/div>\n                                                <h5>Planta Telef\u00f3nica <\/h5>\n                                                <p><a href=\"tel:\">Sr. Rub\u00e9n Delgado - Encargado(a)<\/a> <br>(53) 2 661122<\/p>\n                                            <\/div>\n                                        <\/div>\n                                                                                <div class=\"col-lg-6 col-md-6 col-sm-12 single-column\">\n                                            <div class=\"single-item wow fadeInLeft animated animated\" data-wow-delay=\"00ms\" data-wow-duration=\"1500ms\">\n                                                <div class=\"icon-box\"><i class=\"fa fa-phone\"><\/i><\/div>\n                                                <h5>Primer Juzgado de Polic\u00eda Local<\/h5>\n                                                <p><a href=\"tel:\">Sr. Mirko Stambuk - Magistrado(a)<\/a> <br>(53) 2 625690<\/p>\n                                            <\/div>\n                                        <\/div>\n                                                                                <div class=\"col-lg-6 col-md-6 col-sm-12 single-column\">\n                                            <div class=\"single-item wow fadeInLeft animated animated\" data-wow-delay=\"00ms\" data-wow-duration=\"1500ms\">\n                                                <div class=\"icon-box\"><i class=\"fa fa-phone\"><\/i><\/div>\n                                                <h5>Rentas y Patentes<\/h5>\n                                                <p><a href=\"tel:\">Sra. Carmen Galleguillos - Encargado(a)<\/a> <br>(53) 2 661159<\/p>\n                                            <\/div>\n                                        <\/div>\n                                                                                <div class=\"col-lg-6 col-md-6 col-sm-12 single-column\">\n                                            <div class=\"single-item wow fadeInLeft animated animated\" data-wow-delay=\"00ms\" data-wow-duration=\"1500ms\">\n                                                <div class=\"icon-box\"><i class=\"fa fa-phone\"><\/i><\/div>\n                                                <h5>Secplan<\/h5>\n                                                <p><a href=\"tel:\">Secretaria Secplan<\/a> <br>(53) 2 661266<\/p>\n                                            <\/div>\n                                        <\/div>\n                                                                                <div class=\"col-lg-6 col-md-6 col-sm-12 single-column\">\n                                            <div class=\"single-item wow fadeInLeft animated animated\" data-wow-delay=\"00ms\" data-wow-duration=\"1500ms\">\n                                                <div class=\"icon-box\"><i class=\"fa fa-phone\"><\/i><\/div>\n                                                <h5>Seguridad P\u00fablica<\/h5>\n                                                <p><a href=\"tel:\">Sra. Hortensia Flores - Directora Seguridad P\u00fablica<\/a> <br>(53) 2 455996<\/p>\n                                            <\/div>\n                                        <\/div>\n                                                                                <div class=\"col-lg-6 col-md-6 col-sm-12 single-column\">\n                                            <div class=\"single-item wow fadeInLeft animated animated\" data-wow-delay=\"00ms\" data-wow-duration=\"1500ms\">\n                                                <div class=\"icon-box\"><i class=\"fa fa-phone\"><\/i><\/div>\n                                                <h5>Tesorer\u00eda Municipal<\/h5>\n                                                <p><a href=\"tel:\">Sra. Marianela Mundaca - Encargado(a)<\/a>  <br>(53) 2 661119<\/p>\n                                            <\/div>\n                                        <\/div>\n                                                                                <div class=\"col-lg-6 col-md-6 col-sm-12 single-column\">\n                                            <div class=\"single-item wow fadeInLeft animated animated\" data-wow-delay=\"00ms\" data-wow-duration=\"1500ms\">\n                                                <div class=\"icon-box\"><i class=\"fa fa-phone\"><\/i><\/div>\n                                                <h5>Tr\u00e1nsito y transporte P\u00fablico<\/h5>\n                                                <p><a href=\"tel:\">Sr. David Far\u00edas Mateluna - Director<\/a> <br>(53) 2 620489<\/p>\n                                            <\/div>\n                                        <\/div>\n                                                                                <div class=\"col-lg-6 col-md-6 col-sm-12 single-column\">\n                                            <div class=\"single-item wow fadeInLeft animated animated\" data-wow-delay=\"00ms\" data-wow-duration=\"1500ms\">\n                                                <div class=\"icon-box\"><i class=\"fa fa-phone\"><\/i><\/div>\n                                                <h5>Cementerio Municipal<\/h5>\n                                                <p><a href=\"tel:\">Sr. Carlos Araya - Administrador <\/a> <br>(53) 2 665360<\/p>\n                                            <\/div>\n                                        <\/div>\n                                                                                <div class=\"col-lg-6 col-md-6 col-sm-12 single-column\">\n                                            <div class=\"single-item wow fadeInLeft animated animated\" data-wow-delay=\"00ms\" data-wow-duration=\"1500ms\">\n                                                <div class=\"icon-box\"><i class=\"fa fa-phone\"><\/i><\/div>\n                                                <h5>Oficina Tenencia Responsable de Mascotas<\/h5>\n                                                <p><a href=\"tel:532660751\">(53) 2 660 751<\/a> <\/p>\n                                            <\/div>\n                                        <\/div>\n                                                                                <div class=\"col-lg-6 col-md-6 col-sm-12 single-column\">\n                                            <div class=\"single-item wow fadeInLeft animated animated\" data-wow-delay=\"00ms\" data-wow-duration=\"1500ms\">\n                                                <div class=\"icon-box\"><i class=\"fa fa-phone\"><\/i><\/div>\n                                                <h5>Oficina Medio Ambiente 1<\/h5>\n                                                <p><a href=\"tel:532660750\">(53) 2 660 750<\/a> <\/p>\n                                            <\/div>\n                                        <\/div>\n                                                                                <div class=\"col-lg-6 col-md-6 col-sm-12 single-column\">\n                                            <div class=\"single-item wow fadeInLeft animated animated\" data-wow-delay=\"00ms\" data-wow-duration=\"1500ms\">\n                                                <div class=\"icon-box\"><i class=\"fa fa-phone\"><\/i><\/div>\n                                                <h5>Oficina Medio Ambiente 2<\/h5>\n                                                <p><a href=\"tel:532660749\">(53) 2 660 749<\/a> <\/p>\n                                            <\/div>\n                                        <\/div>\n                                                                                <div class=\"col-lg-6 col-md-6 col-sm-12 single-column\">\n                                            <div class=\"single-item wow fadeInLeft animated animated\" data-wow-delay=\"00ms\" data-wow-duration=\"1500ms\">\n                                                <div class=\"icon-box\"><i class=\"fa fa-phone\"><\/i><\/div>\n                                                <h5>Jefatura Medio Ambiente<\/h5>\n                                                <p><a href=\"tel:\"><\/a> (53) 2 660 752<\/p>\n                                            <\/div>\n                                        <\/div>\n                                                                            <\/div>\n                                <\/div>\n                            <\/div>\n                        <\/div>\n                    <\/div>\n                    <div class=\"col-lg-6 col-md-12 col-sm-12 image-column\">\n                        <div class=\"image_block_1\">\n                            <div class=\"image-box\">\n\t\t\t\t\t\t\t\t\t\t\t\t\t\t\t\t                            <\/div>\n                        <\/div>\n                    <\/div>\n                <\/div>\n            <\/div>\n        <\/section>\n        <!-- about-section end -->\n\n        \t\t\t\t<\/div>\n\t\t\t\t<\/div>\n\t\t\t\t\t<\/div>\n\t\t\t\t<\/div>\n\t\t\t\t<\/div>\n\t\t","protected":false},"excerpt":{"rendered":"<p>N\u00fameros Telef\u00f3nicos Direcci\u00f3n \u2013 Departamento Municipal [Fono 53 2 661 + Anexo] Adquisiciones Municipal Sra. Sandra Zumaran &#8211; Encargado(a) (53) 2 661154 Alcald\u00eda Secretaria alcald\u00eda (53) 2 661102 Asesor\u00eda Jur\u00eddica Srta. Erika Zambrano &#8211; Secretaria Asesor\u00eda Jur\u00eddica (53)2661139 Departamento de educaci\u00f3n Municipal Sr. Francisco Oshiro Riveros &#8211; Jefe DEM (53) 2 661211 Direcci\u00f3n de Obras Srta. Karime Polett &#8211; Secretaria DOM (53) 2 661191 Farmacia Municipal Municipal Sr. Pablo &#8211; Encargado(a) (53) 2 661249 Feria Modelo Sr. &#8211; Encargado(a) (53) 2 620928 Gabinete Sra. P\u00eda L\u00f3pez &#8211; Jefe (a) Gabinete (53) 2 661103 Mercado Municipal Sr. Guillermo Fern\u00e1ndez &#8211; Encargado(a) (53) 2 629510 Oficina de Emergencias Sra. Ver\u00f3nica Palacios &#8211; Encargado(a) (53) 2 661285 \u2013 (53) 2 661286 Oficina de Partes Sra. Rosa Espinoza &#8211; Encargado(a) Oficina (53) 2 661146 Oficina OMIL Srta. Priscila Cortes Pueyes &#8211; Encargado(a) (53) 2 661176 Planta Telef\u00f3nica Sr. Rub\u00e9n Delgado &#8211; Encargado(a) (53) 2 661122 Primer Juzgado de Polic\u00eda Local Sr. Mirko Stambuk &#8211; Magistrado(a) (53) 2 625690 Rentas y Patentes Sra. Carmen Galleguillos &#8211; Encargado(a) (53) 2 661159 Secplan Secretaria Secplan (53) 2 661266 Seguridad P\u00fablica Sra. Hortensia Flores &#8211; Directora Seguridad P\u00fablica (53) 2 455996 Tesorer\u00eda Municipal Sra. Marianela Mundaca &#8211; Encargado(a) (53) 2 661119 Tr\u00e1nsito y transporte P\u00fablico Sr. David Far\u00edas Mateluna &#8211; Director (53) 2 620489 Cementerio Municipal Sr. Carlos Araya &#8211; Administrador (53) 2 665360 Oficina Tenencia Responsable de Mascotas (53) 2 660 751 Oficina Medio Ambiente 1 (53) 2 660 750 Oficina Medio Ambiente 2 (53) 2 660 749 Jefatura Medio Ambiente (53) 2 660 752<\/p>\n","protected":false},"author":1,"featured_media":0,"parent":0,"menu_order":0,"comment_status":"closed","ping_status":"closed","template":"","meta":{"_vp_format_video_url":"","_vp_image_focal_point":[],"footnotes":""},"class_list":["post-2097","page","type-page","status-publish","hentry"],"_links":{"self":[{"href":"https:\/\/muniovalle.cl\/sitio\/wp-json\/wp\/v2\/pages\/2097","targetHints":{"allow":["GET"]}}],"collection":[{"href":"https:\/\/muniovalle.cl\/sitio\/wp-json\/wp\/v2\/pages"}],"about":[{"href":"https:\/\/muniovalle.cl\/sitio\/wp-json\/wp\/v2\/types\/page"}],"author":[{"embeddable":true,"href":"https:\/\/muniovalle.cl\/sitio\/wp-json\/wp\/v2\/users\/1"}],"replies":[{"embeddable":true,"href":"https:\/\/muniovalle.cl\/sitio\/wp-json\/wp\/v2\/comments?post=2097"}],"version-history":[{"count":98,"href":"https:\/\/muniovalle.cl\/sitio\/wp-json\/wp\/v2\/pages\/2097\/revisions"}],"predecessor-version":[{"id":10948,"href":"https:\/\/muniovalle.cl\/sitio\/wp-json\/wp\/v2\/pages\/2097\/revisions\/10948"}],"wp:attachment":[{"href":"https:\/\/muniovalle.cl\/sitio\/wp-json\/wp\/v2\/media?parent=2097"}],"curies":[{"name":"wp","href":"https:\/\/api.w.org\/{rel}","templated":true}]}}