{"id":11964,"date":"2026-05-06T11:26:05","date_gmt":"2026-05-06T15:26:05","guid":{"rendered":"https:\/\/muniovalle.cl\/sitio\/?page_id=11964"},"modified":"2026-05-06T11:51:31","modified_gmt":"2026-05-06T15:51:31","slug":"curso-electromovilidad","status":"publish","type":"page","link":"https:\/\/muniovalle.cl\/sitio\/servicios\/curso-electromovilidad\/","title":{"rendered":"Curso Electromivilidad"},"content":{"rendered":"\t\t<div data-elementor-type=\"wp-page\" data-elementor-id=\"11964\" class=\"elementor elementor-11964\">\n\t\t\t\t<div class=\"elementor-element elementor-element-f8c7aa4 e-con-full e-flex wpr-particle-no wpr-jarallax-no wpr-parallax-no wpr-sticky-section-no e-con e-parent\" data-id=\"f8c7aa4\" data-element_type=\"container\">\n\t\t\t\t<div class=\"elementor-element elementor-element-9efe1d2 elementor-widget elementor-widget-whitehall_about_services\" data-id=\"9efe1d2\" data-element_type=\"widget\" data-widget_type=\"whitehall_about_services.default\">\n\t\t\t\t<div class=\"elementor-widget-container\">\n\t\t\t\t\t        \n        <!-- about-style-four -->\n        <div class=\"row\">\n        <section class=\"about-style-four sec-pad\">\n          \n            <div class=\"auto-container\">\n                <div class=\"row clearfix\">\n                    <div class=\"col-lg-8 col-md-12 col-sm-12 content-column\">\n                        <div class=\"content_block_6\">\n                            <div class=\"content-box\">\n                                <div class=\"sec-title\">\n\t\t\t\t\t\t\t\t\t\t\t\t\t\t\t\t\t\t\n                                    \t\t\t\t\t\t\t\t\t<h2>Curso Movilidad H\u00edbrida<\/h2>\n                                    <div class=\"title-shape\"><\/div>\n\t\t\t\t\t\t\t\t\t                                <\/div>\n                                <div class=\"text\">\n                                    <div style=\"text-align: justify\"><span style=\"color: #000000\"><b><u data-olk-copy-source=\"MessageBody\">Informaci\u00f3n general del curso:<\/u><\/b><\/span><\/div>\n<div style=\"text-align: justify\"><span style=\"color: #000000\">Adquiere herramientas te\u00f3ricas y pr\u00e1cticas sobre la conducci\u00f3n segura de buses el\u00e9ctricos, junto a Proyectos CLETS y AIEP Educaci\u00f3n continua.<\/span><\/div>\n<div dir=\"ltr\" style=\"text-align: justify\"><\/div>\n<div style=\"text-align: justify\"><span style=\"color: #000000\"><b>Importante:\u00a0<\/b>Al t\u00e9rmino del curso, las alumnas que aprueben satisfactoriamente podr\u00e1n postular a un n\u00famero limitado de cupos gratuitos para realizar el curso de obtenci\u00f3n de licencia de conducir profesional clase A3, habilitante para la conducci\u00f3n de buses de transporte p\u00fablico, en una escuela de conductores autorizada.<\/span><\/div>\n<div dir=\"ltr\" style=\"text-align: justify\"><\/div>\n<div style=\"text-align: justify\"><span style=\"color: #000000\"><b>Nombre del curso:<\/b>\u00a0Conducci\u00f3n segura e introducci\u00f3n pr\u00e1ctica a la electromovilidad en Buses El\u00e9ctricos para Mujeres.<\/span><\/div>\n<div style=\"text-align: justify\"><span style=\"color: #000000\"><b>Modalidad:<\/b>\u00a0H\u00edbrida<\/span><\/div>\n<div style=\"text-align: justify\"><span style=\"color: #000000\"><b>Cupos:<\/b>\u00a025<\/span><\/div>\n<div style=\"text-align: justify\"><span style=\"color: #000000\"><b>Inicio de clases:<\/b><\/span><\/div>\n<div style=\"text-align: justify\"><span style=\"color: #000000\">Clases te\u00f3ricas: 16 de mayo, modalidad online sincr\u00f3nica, de 10:00 a 14:00 horas.<\/span><\/div>\n<div style=\"text-align: justify\"><span style=\"color: #000000\">Clases pr\u00e1cticas: 27 y 28 de mayo, modalidad presencial en Ovalle, de 10:00 a 14:00 horas.<\/span><\/div>\n<div dir=\"ltr\" style=\"text-align: justify\"><span style=\"color: #000000\"><b>\u00a0<\/b><\/span><\/div>\n<div style=\"text-align: justify\"><span style=\"color: #000000\"><b>Formaci\u00f3n gratuita con certificaci\u00f3n<\/b><\/span><\/div>\n<div style=\"text-align: justify\"><\/div>\n<div style=\"text-align: justify\"><span style=\"color: #000000\"><b>Formaci\u00f3n de vanguardia:\u00a0<\/b>Conoce el funcionamiento de motores el\u00e9ctricos, gesti\u00f3n de bater\u00edas y sistemas de carga<\/span><\/div><br>\n<h3 style=\"text-align: justify\"><span style=\"color: #000000\">Requisitos:<\/span><\/h3><\/p>\n                                <\/div>\n                                <div class=\"inner-box clearfix\">\n                                    <div class=\"left-column pull-left\" style=\"width:100%\">\n\t\t\t\t\t\t\t\t\t\t                                        <div class=\"single-item\">\n                                            <div class=\"icon-box\"><i class=\"flaticon-double-tick-indicator\"><\/i><\/div>\n                                            <h6><\/h6>\n                                            <h4>Ser mayor de 20 a\u00f1os.<\/h4>\n                                        <\/div>\n                                                                                <div class=\"single-item\">\n                                            <div class=\"icon-box\"><i class=\"flaticon-double-tick-indicator\"><\/i><\/div>\n                                            <h6><\/h6>\n                                            <h4>Ense\u00f1anza b\u00e1sica completa (deseable ense\u00f1anza media completa)<\/h4>\n                                        <\/div>\n                                                                                <div class=\"single-item\">\n                                            <div class=\"icon-box\"><i class=\"flaticon-double-tick-indicator\"><\/i><\/div>\n                                            <h6><\/h6>\n                                            <h4>Residencia en la comuna de Ovalle<\/h4>\n                                        <\/div>\n                                                                                <div class=\"single-item\">\n                                            <div class=\"icon-box\"><i class=\"flaticon-double-tick-indicator\"><\/i><\/div>\n                                            <h6><\/h6>\n                                            <h4>Licencia de\u00a0conducir clase A2 con al menos 2 a\u00f1os de vigencia o A3<\/h4>\n                                        <\/div>\n                                                                                <div class=\"single-item\">\n                                            <div class=\"icon-box\"><i class=\"flaticon-double-tick-indicator\"><\/i><\/div>\n                                            <h6><\/h6>\n                                            <h4>Hoja\u00a0de vida del conductor sin anotaciones<\/h4>\n                                        <\/div>\n                                                                                <div class=\"single-item\">\n                                            <div class=\"icon-box\"><i class=\"flaticon-double-tick-indicator\"><\/i><\/div>\n                                            <h6><\/h6>\n                                            <h4>Disponibilidad para asistir a clases presenciales (8 hrs) y sincr\u00f3nicas en l\u00ednea (4 hrs)<\/h4>\n                                        <\/div>\n                                                                                <div class=\"single-item\">\n                                            <div class=\"icon-box\"><i class=\"flaticon-double-tick-indicator\"><\/i><\/div>\n                                            <h6><\/h6>\n                                            <h4>Inter\u00e9s en el \u00e1rea del transporte y electromovilidad<\/h4>\n                                        <\/div>\n                                                                                <div class=\"single-item\">\n                                            <div class=\"icon-box\"><i class=\"flaticon-double-tick-indicator\"><\/i><\/div>\n                                            <h6><\/h6>\n                                            <h4>Compromiso de participaci\u00f3n y finalizaci\u00f3n del curso<\/h4>\n                                        <\/div>\n                                                                                <div class=\"single-item\">\n                                            <div class=\"icon-box\"><i class=\"flaticon-double-tick-indicator\"><\/i><\/div>\n                                            <h6><\/h6>\n                                            <h4>Disposici\u00f3n para participar en procesos de intermediaci\u00f3n laboral con empresas de transporte de buses el\u00e9ctricos, considerando que una eventual contrataci\u00f3n estar\u00e1 sujeta al cumplimiento del perfil requerido por cada empresa.<\/h4>\n                                        <\/div>\n                                                                            <\/div>\n                                    \n                                <\/div>\n\t\t\t\t\t\t\t\t\n\t\t\t\t\t\t\t\t                            <\/div>\n                        <\/div>\n                    <\/div>\n                    <div class=\"col-lg-4 col-md-12 col-sm-12 content-column\">\n                        <div class=\"content_block_7\">\n                            <div class=\"content-box\">\n                                <div class=\"left-column\">\n                                    <div class=\"inner centred\">\n                                        <div class=\"icon-box\"><i class=\"icon flaticon-award\"><\/i><\/div>\n                                        <h6><\/h6>\n                                        <h4><\/h4>\n                                    <\/div>\n\t\t\t\t\t\t\t\t\t\n\t\t\t\t\t\t\t\t\t                                    <ul class=\"list clearfix\">\n                                        \t\t\t\t\t\t\t\t\t\t<li>Clases te\u00f3ricas: 16 de mayo, modalidad online sincr\u00f3nica, de 10:00 a 14:00 horas.<\/li>\n\t\t\t\t\t\t\t\t\t\t\t\t\t\t\t\t\t\t\t\t<li>Clases pr\u00e1cticas: 27 y 28 de mayo<\/li>\n\t\t\t\t\t\t\t\t\t\t                                    <\/ul>\n\t\t\t\t\t\t\t\t\t                                <\/div>\n\n                            <\/div>\n                        <\/div>\n                    <\/div>\n                <\/div>\n            <\/div>\n          \n        <\/section>\n        <\/div>\n        <!-- about-style-four end -->\n\n        \t\t\t\t<\/div>\n\t\t\t\t<\/div>\n\t\t\t\t<\/div>\n\t\t<div class=\"elementor-element elementor-element-9fdfa25 e-grid e-con-boxed wpr-particle-no wpr-jarallax-no wpr-parallax-no wpr-sticky-section-no e-con e-parent\" data-id=\"9fdfa25\" data-element_type=\"container\">\n\t\t\t\t\t<div class=\"e-con-inner\">\n\t\t\t\t<div class=\"elementor-element elementor-element-c84bdc0 elementor-widget elementor-widget-spacer\" data-id=\"c84bdc0\" data-element_type=\"widget\" data-widget_type=\"spacer.default\">\n\t\t\t\t<div class=\"elementor-widget-container\">\n\t\t\t\t\t\t\t<div class=\"elementor-spacer\">\n\t\t\t<div class=\"elementor-spacer-inner\"><\/div>\n\t\t<\/div>\n\t\t\t\t\t\t<\/div>\n\t\t\t\t<\/div>\n\t\t\t\t\t<\/div>\n\t\t\t\t<\/div>\n\t\t<div class=\"elementor-element elementor-element-4c05edd e-flex e-con-boxed wpr-particle-no wpr-jarallax-no wpr-parallax-no wpr-sticky-section-no e-con e-parent\" data-id=\"4c05edd\" data-element_type=\"container\">\n\t\t\t\t\t<div class=\"e-con-inner\">\n\t\t\t\t<div class=\"elementor-element elementor-element-9601788 elementor-alert-success elementor-widget elementor-widget-alert\" data-id=\"9601788\" data-element_type=\"widget\" data-widget_type=\"alert.default\">\n\t\t\t\t<div class=\"elementor-widget-container\">\n\t\t\t\t\t\t\t<div class=\"elementor-alert\" role=\"alert\">\n\n\t\t\t\t\t\t<span class=\"elementor-alert-title\">Esto es una alerta<\/span>\n\t\t\t\n\t\t\t\t\t\t<span class=\"elementor-alert-description\">Destacamos que la inscripci\u00f3n para postular al curso se realizar\u00e1 de manera presencial en la oficina OMIL. Los cupos ser\u00e1n asignados seg\u00fan el orden de inscripci\u00f3n y el cumplimiento de los requisitos establecidos.<\/span>\n\t\t\t\n\t\t\t\t\t\t<button type=\"button\" class=\"elementor-alert-dismiss\" aria-label=\"Descartar esta alerta.\">\n\t\t\t\t\t\t\t\t\t<span aria-hidden=\"true\">&times;<\/span>\n\t\t\t\t\t\t\t<\/button>\n\t\t\t\n\t\t<\/div>\n\t\t\t\t\t\t<\/div>\n\t\t\t\t<\/div>\n\t\t\t\t\t<\/div>\n\t\t\t\t<\/div>\n\t\t\t\t<\/div>\n\t\t","protected":false},"excerpt":{"rendered":"<p>Curso Movilidad H\u00edbrida Informaci\u00f3n general del curso: Adquiere herramientas te\u00f3ricas y pr\u00e1cticas sobre la conducci\u00f3n segura de buses el\u00e9ctricos, junto a Proyectos CLETS y AIEP Educaci\u00f3n continua. Importante:\u00a0Al t\u00e9rmino del curso, las alumnas que aprueben satisfactoriamente podr\u00e1n postular a un n\u00famero limitado de cupos gratuitos para realizar el curso de obtenci\u00f3n de licencia de conducir profesional clase A3, habilitante para la conducci\u00f3n de buses de transporte p\u00fablico, en una escuela de conductores autorizada. Nombre del curso:\u00a0Conducci\u00f3n segura e introducci\u00f3n pr\u00e1ctica a la electromovilidad en Buses El\u00e9ctricos para Mujeres. Modalidad:\u00a0H\u00edbrida Cupos:\u00a025 Inicio de clases: Clases te\u00f3ricas: 16 de mayo, modalidad online sincr\u00f3nica, de 10:00 a 14:00 horas. Clases pr\u00e1cticas: 27 y 28 de mayo, modalidad presencial en Ovalle, de 10:00 a 14:00 horas. \u00a0 Formaci\u00f3n gratuita con certificaci\u00f3n Formaci\u00f3n de vanguardia:\u00a0Conoce el funcionamiento de motores el\u00e9ctricos, gesti\u00f3n de bater\u00edas y sistemas de carga Requisitos: Ser mayor de 20 a\u00f1os. Ense\u00f1anza b\u00e1sica completa (deseable ense\u00f1anza media completa) Residencia en la comuna de Ovalle Licencia de\u00a0conducir clase A2 con al menos 2 a\u00f1os de vigencia o A3 Hoja\u00a0de vida del conductor sin anotaciones Disponibilidad para asistir a clases presenciales (8 hrs) y sincr\u00f3nicas en l\u00ednea (4 hrs) Inter\u00e9s en el \u00e1rea del transporte y electromovilidad Compromiso de participaci\u00f3n y finalizaci\u00f3n del curso Disposici\u00f3n para participar en procesos de intermediaci\u00f3n laboral con empresas de transporte de buses el\u00e9ctricos, considerando que una eventual contrataci\u00f3n estar\u00e1 sujeta al cumplimiento del perfil requerido por cada empresa. Clases te\u00f3ricas: 16 de mayo, modalidad online sincr\u00f3nica, de 10:00 a 14:00 horas. Clases pr\u00e1cticas: 27 y 28 de mayo Esto es una alerta Destacamos que la inscripci\u00f3n para postular al curso se realizar\u00e1 de manera presencial en la oficina OMIL. Los cupos ser\u00e1n asignados seg\u00fan el orden de inscripci\u00f3n y el cumplimiento de los requisitos establecidos. &times;<\/p>\n","protected":false},"author":1,"featured_media":0,"parent":3276,"menu_order":0,"comment_status":"closed","ping_status":"closed","template":"","meta":{"_vp_format_video_url":"","_vp_image_focal_point":[],"footnotes":""},"class_list":["post-11964","page","type-page","status-publish","hentry"],"_links":{"self":[{"href":"https:\/\/muniovalle.cl\/sitio\/wp-json\/wp\/v2\/pages\/11964","targetHints":{"allow":["GET"]}}],"collection":[{"href":"https:\/\/muniovalle.cl\/sitio\/wp-json\/wp\/v2\/pages"}],"about":[{"href":"https:\/\/muniovalle.cl\/sitio\/wp-json\/wp\/v2\/types\/page"}],"author":[{"embeddable":true,"href":"https:\/\/muniovalle.cl\/sitio\/wp-json\/wp\/v2\/users\/1"}],"replies":[{"embeddable":true,"href":"https:\/\/muniovalle.cl\/sitio\/wp-json\/wp\/v2\/comments?post=11964"}],"version-history":[{"count":13,"href":"https:\/\/muniovalle.cl\/sitio\/wp-json\/wp\/v2\/pages\/11964\/revisions"}],"predecessor-version":[{"id":11980,"href":"https:\/\/muniovalle.cl\/sitio\/wp-json\/wp\/v2\/pages\/11964\/revisions\/11980"}],"up":[{"embeddable":true,"href":"https:\/\/muniovalle.cl\/sitio\/wp-json\/wp\/v2\/pages\/3276"}],"wp:attachment":[{"href":"https:\/\/muniovalle.cl\/sitio\/wp-json\/wp\/v2\/media?parent=11964"}],"curies":[{"name":"wp","href":"https:\/\/api.w.org\/{rel}","templated":true}]}}